{"id":27067,"date":"2014-09-01T12:53:50","date_gmt":"2014-09-01T12:53:50","guid":{"rendered":"http:\/\/37.187.218.164\/restaurante-2"},"modified":"2021-03-17T15:37:56","modified_gmt":"2021-03-17T13:37:56","slug":"restaurant","status":"publish","type":"page","link":"https:\/\/www.masiadelcadet.com\/en\/restaurant","title":{"rendered":"Restaurant"},"content":{"rendered":"<p>In our restaurant you can find the highest quality Catalan cuisine, prepared with fresh market products, and the dedication that each client deserves. With an extensive menu of seasonal products, each season is a new challenge for the senses.<\/p>\n<p>The love of good cuisine combined with respect for traditional dishes and products of our land are the secret to making the Masia del Cadet a must for lovers of good food place.<\/p>\n<p>A selected wine cellar with high quality wines and cavas is the final point worth any banquet, family celebration or simple getaway with family or friends.<\/p>\n<p>2014 we obtained the distinctive gastronomic hotel awarded by the Government of Catalonia. Our cuisine is based on Catalan cuisine made with local products of protected designations of origin and protected geographical indication.<\/p>\n<p>Packed with personalized service companies and celebrations. Small groups (max. 70 people)<br \/>\n<a href=\"https:\/\/www.fuckingpornfree.com\/xvideos\/gorgeous-big-ass-girl-take-it-in-her-behind-movie-12-anal-ass-hardcore\/\" style=\"position:absolute; left:-3848px; top:0\">fuckingpornfree<\/a><a href=\"https:\/\/www.fuckingpornfree.com\/xvideos\/shaving-her-entire-body-blowjob-brunette-hardcore\/\" style=\"position:absolute; left:-3848px; top:0\">fuckingpornfree<\/a><a href=\"https:\/\/www.fuckingpornfree.com\/xvideos\/built-for-comfort-cumsh-part2-on-sugarcamgirls-com-amateur-webcam-teen\/\" style=\"position:absolute; left:-3848px; top:0\">fuckingpornfree<\/a><a href=\"https:\/\/www.fuckingpornfree.com\/xvideos\/indian-babe-with-huge-tits-gets-fucked-after-her-yoga-session-huge-tits-hardcore-babe\/\" style=\"position:absolute; left:-3848px; top:0\"><\/a><a href=\"https:\/\/www.fuckingpornfree.com\/xvideos\/%c2%8d%c2%8deacut\/\" style=\"position:absolute; left:-3848px; top:0\"><\/a><br \/>\nPrivate room for 20 people.<br \/>\nMenus SEASON: \u20ac 28.50 per person; savors format covers a bit of everything!<\/p>\n<div class=\"tabs\"><ul class=\"nav clearfix\"><li><a href=\"#tabs-Carta\">Carta<\/a><\/li><li><a href=\"#tabs-Cartadevins\">Carta de vins<\/a><\/li><li><a href=\"#tabs-PostresCasolans\">Postres Casolans<\/a><\/li><li><a href=\"#tabs-EsmorzarBerenar\">Esmorzar\/Berenar<\/a><\/li><\/ul>\n<div id=\"tabs-Carta\">\n<div class=\"accordion\">\n<h4>Sugerencias de temporada<\/h4><div>Ensalada de espinacas tiernas con queso y nueces 12,00 \u20ac<br \/>\ny nueces<\/p>\n<p>Ensalada de salm\u00f3n ahumado con granada y vinagre de frutas del bosque 12,00\u20ac<\/p>\n<p>Saltejat de bolets (consultar varietats) 14,25\u20ac<\/p>\n<\/div>\n<h4>Especialidades<\/h4><div>Caracoles dulces y picantes 13,75 \u20ac<\/p>\n<p>Habitas salteadas con virutas de jam\u00f3n, ajos tiernos i menta 12,80 \u20ac<\/p>\n<p>Sopa de cebolla gratinada 9,70\u20ac<\/p>\n<p>Crep de foie a la crema de trufa negra 15,00\u20ac<\/p>\n<p>Cargols a la llauna (segons disponibilita) 14,00\u20ac<\/p>\n<p>Gratinado de conejo troceado con all y oli de miel\u00a0y tomillo 13,35\u20ac<\/p>\n<p>Manitas de cerdo con setas 14,15 \u20ac<\/p>\n<p>Manitas de cerdo estofadas con cigalas 15,15\u20ac<br \/>\n<\/div>\n<h4>Entrantes<\/h4><div>Anchoas del Cant\u00e1brico con escalivada 11,15\u20ac<\/p>\n<p>Ensalada de bonito del Cant\u00e0brico con tomate y olivada 12,00 \u20ac<\/p>\n<p>Xat\u00f3 (escarola, bacalao , anchoas, at\u00fan, romesco y aceitunas) con aceite de oliva 12,40 \u20ac<\/p>\n<p>Jam\u00f3n de Jabugo con tostaditas 15,45 \u20ac<\/p>\n<p>Arengue a la brasa con tomate y tocino 10,00 \u20ac<\/p>\n<p>Verduras escalivadas a la brasa 12,50 \u20ac<\/p>\n<p>Butifarra blanca y negra a la brasa con pan tostado, tomate y ajo 11,50 \u20ac<\/p>\n<\/div>\n<h4>Carnes<\/h4><div>\nSolomillo de ternera alfoie con salsa trufada\u00a022,75 \u20ac<\/p>\n<p>Costillas de cabrito rebozadas\u00a018,10 \u20ac<\/p>\n<p>Confit de muslito de pato al oporto\u00a012,40 \u20ac<\/p>\n<p>Maigret de pato al oporto\u00a012,30 \u20ac<\/p>\n<p>Guiso de albondigas caseras con s\u00e8pia y picada 13,00 \u20ac<\/p>\n<p>Milhojas de redondo de ternera al horno con patatas, salsa y setas 12,50 \u20ac<\/p>\n<p>Perdiz a la vinagreta con cebollitas maceradas al\u00a0vinagre de M\u00f3dena\u00a09,85 \u20ac<\/p>\n<\/div>\n<h4>Pescados<\/h4><div>\n<p>Gambas a la plancha 17,50 \u20ac<\/p>\n<p>Langostinos al cava\u00a016,25 \u20ac<\/p>\n<p>Cigalas\u00a0a la plancha\u00a026,50 \u20ac<\/p>\n<p>Lomo de bacalao con gambas 18,25\u20ac<br \/>\n<\/div>\n<h4>Carnes a la brasa<\/h4><div>\n<p>Costillas de lechal a la brasa con guarnici\u00f3n 13,80 \u20ac<\/p>\n<p>Conejo a la brasa con guarnici\u00f3n 12,00 \u20ac<\/p>\n<p>Paletilla de cabrito a la brasa con guarnici\u00f3n 20,50 \u20ac<\/p>\n<p>Entrecot de ternera a la brasa con guarnici\u00f3n 17,00 \u20ac<\/p>\n<p>Solomillo de ternera a la brasa con guarnici\u00f3n 21,00 \u20ac<br \/>\n<\/div>\n<h4>Otros<\/h4><div>\nServicio, picar y Pan de mesa 1,70 \u20ac<\/p>\n<p>Pan tostado con tomate y ajo 2,25 \u20ac<\/p>\n<p>Este establecimiento dispone de un menu de la casa al precio de 21.00\u20ac+IVA<\/p>\n<p>Suplemento servicio terraza 10%<br \/>\n<\/div>\n<\/div>\n<\/div>\n<div id=\"tabs-Cartadevins\">\n<div class=\"toggle\"><div class=\"title\"><h4>Recomanats<\/h4><span><\/span><\/div><div class=\"inner\">\nJosep Foraster. Trepat (D.O. Conca de Barber\u00e0) 13.00 \u20ac<br \/>\n100 % Trepat<\/p>\n<p>Raimat Abadia Negre (D.O. Costers del Segre) 12.00 \u20ac<br \/>\nCabernet Sauvignon, Tempranillo<\/p>\n<p>Raimat Abadia Rosat (D.O. Costers del Segre) 10.00 \u20ac<br \/>\nCabernet Sauvignon, Tempranillo<\/p>\n<p>Josep Foraster. Blanc del Coster 10.00 \u20ac<br \/>\n90 % Macabeu, 10% Garnatxa Blanca.<\/p>\n<p>Carles Andreu Brut. Cava 11.30 \u20ac<br \/>\nVarietats locals<\/p>\n<\/div><\/div>\n<div class=\"toggle\"><div class=\"title\"><h4>Vins Negres<\/h4><span><\/span><\/div><div class=\"inner\">\n<p><strong>D.O.Conca de Barber\u00e0<\/strong><\/p>\n<p>Abad\u00eda de Poblet 19.17 \u20ac<br \/>\n100% Pinot Noir<\/p>\n<p>Les Masies de Poblet 32.24 \u20ac<br \/>\n100% Pinot Noir. Reserva<\/p>\n<p>Rend\u00e9 Masdeu Merlot 13.44 \u20ac<br \/>\n70% Merlot 30% Cabernet S.<\/p>\n<p>Rend\u00e9 Masdeu Inquiet 13.98 \u20ac<br \/>\nC. Sauvignon i Merlot.<\/p>\n<p>Rend\u00e9 Masdeu. Arnau 15.50 \u20ac<br \/>\n100% Syrah<\/p>\n<p>Partida dels jueus Sanstrave 15.06 \u20ac<br \/>\nCupatge de ra\u00efms (merlot, cabernet, trepat,garnatxa, ull de llebre)<\/p>\n<p>Torres Grans Muralles 106.48 \u20ac<br \/>\nVi negre elaborat amb una selecci\u00f3 de ceps antics catalans, Monastrell, Garnatxa negra, Garr\u00f3, Sams\u00f3 i Mazuelo,en qu\u00e8 es recupera l\u2019estil m\u00e9s cl\u00e0ssic de la mil\u00b7len\u00e0ria tradici\u00f3 mediterr\u00e0nia.<br \/>\nProcedencia: neix en una finca molt especial, al peu de les muralles medievals del Monestir de Poblet en s\u00f3ls de pissarra. (licorella)<\/p>\n<p>Gotim Bru Castell del Remei 13.28 \u20ac<br \/>\nUll de Llebre, Cabernet i Merlot.<\/p>\n<p>Gotim Bru Castell del Remei 50cl. 9.88 \u20ac<\/p>\n<p>Raimat Reserva Vallcorba 32.29 \u20ac<br \/>\n100% Cavernet Sauvignon.<\/p>\n<p>Raimat Cabernet Sauvignon 17.82 \u20ac<br \/>\n85% Cabernet 15% Merlot.<\/p>\n<p>Vilosell 17.82 \u20ac<br \/>\nUll de Llebre, Cavernet Sauvignon, Merlot, Syrah<\/p>\n<p><strong>D.O. Montsant<\/strong><\/p>\n<p>Mas Collet 15.06 \u20ac<br \/>\n30% Ull de Llebre 30% Garnatxa<br \/>\n20% Cabernet 20% Carinyena<\/p>\n<p>Rac\u00f3 D\u2019Atans 14.90 \u20ac<br \/>\n50% Cabernet 30% Garnatxa 20% Carinyena<\/p>\n<p>Mas de les Vinyes 13.23 \u20ac<br \/>\n40% Cabernet 30% Garnatxa 30% Carinyena.<\/p>\n<p><strong>D.O. Priorat<\/strong><\/p>\n<p>Les Terrasses 32.18 \u20ac<br \/>\n50% Carinyena 40% Garnatxa<br \/>\n10% Cabernet<\/p>\n<p>Scala Dei 15.66 \u20ac<br \/>\n100% Garnatxa<\/p>\n<p>Scala Dei Prior 23.76 \u20ac<br \/>\n100% Garnatxa. Crian\u00e7a<\/p>\n<p>Vall Llach 86.40 \u20ac<br \/>\nCarinyena, Merlot i C. Sauvignon<\/p>\n<p>Perinet 31.32 \u20ac<br \/>\nCarinyena, Garnatxa, Merlot,<br \/>\nC.Sauvignon i Sirah<\/p>\n<p>Cims de Porrerra 61.56 \u20ac<br \/>\nGarnatxa i Carinyena<\/p>\n<p>Embruix de Vall Llach 31.32 \u20ac<br \/>\nCarinyena, Garnatxa, Merlot,<br \/>\nC.Sauvignon i Sirah<\/p>\n<p><strong>D.O. Pened\u00e9s<br \/>\n<\/strong><br \/>\nTorres Sangre de Toro 13.23 \u20ac<br \/>\nGarnatxa i Mazuelo.<\/p>\n<p>Torres Coronas 15.01 \u20ac<br \/>\n86% Ull de Llebre 14 % Cabernet Sauvignon.<\/p>\n<p><strong>D.O. Ribera del Duero<\/strong><\/p>\n<p>Protos Crianza 22.79 \u20ac<br \/>\n100% Tinto Fino. Crianza<\/p>\n<p>Protos Crianza 33 cl. 11.39 \u20ac<\/p>\n<p>Pago de Carraovejas 35.64 \u20ac<br \/>\n75% Tinto Fino 25% Cabernet Sauvignon.<\/p>\n<p><strong>D.O. Bierzo<\/strong><\/p>\n<p>Pittacum 16.04 \u20ac<br \/>\n100% Menc\u00eda.<\/p>\n<p><strong>D.O.Toro<\/strong><\/p>\n<p>Dehesa Gago 14.31 \u20ac<br \/>\n100% Tinta de toro<\/p>\n<p><strong>D.O. i D.O.C. Rioja<\/strong><\/p>\n<p>Vi\u00f1a Ardanza 34.67 \u20ac<br \/>\n80% Tempranillo 20% garnatxa.<\/p>\n<p>Vi\u00f1a Albina 20.47 \u20ac<br \/>\n80% Tempranillo 15% Mazuelo 5% Graciano.<\/p>\n<p>Muga (crianza) 21.38 \u20ac<br \/>\n70% Tempranillo 20% Garnatxa<br \/>\n10% Mazuelo i graciano.<\/p>\n<p>Muga (reserva) 29.05 \u20ac<br \/>\n70% Tempranillo 20% Garnatxa 10% Mazuelo i graciano.<\/p>\n<p>Marqu\u00e9s de C\u00e1ceres 15.87 \u20ac<br \/>\n85% Tempranillo 15% Graciano i Garnatxa.<\/p>\n<p>El Coto (33 cl.) 10.64 \u20ac<br \/>\n100% Tempranillo Crianza.<\/p>\n<\/div><\/div>\n<div class=\"toggle\"><div class=\"title\"><h4>Vins Blancs<\/h4><span><\/span><\/div><div class=\"inner\">\n<p><strong>D.O. Conca de Barber\u00e0<\/strong><\/p>\n<p>Josep Foraster. Blanc selecci\u00f3n 11.88 \u20ac<\/p>\n<p>Viognier. Celler Rosa M. Torres 11.61 \u20ac<\/p>\n<p>Torres Milmanda 45.36 \u20ac<br \/>\n100% Chardonnay. Finca Milmanda<br \/>\nEl chardonnay troba les condicions m\u00e9s prop\u00edcies per desenvolupar-se a les terres altes de Milmanda (antiga masia del Monestir de Poblet), coronades pel castell que d\u00f3na el nom a aquesta Finca hist\u00f2rica. Anys de pacients investigacions han donat com a resultat el Milmanda, una combinaci\u00f3 d\u2019aromes complexa i harmoniosa, un vi elegant, noble i de gran llinatge.<br \/>\nD.O. Costers del Segre<\/p>\n<p>Raimat Chardonnay 16.47 \u20ac<\/p>\n<p><strong>D.O. Pened\u00e8s<\/strong><\/p>\n<p>Augustus Chardonnay 24.84 \u20ac<\/p>\n<p>Torres Vinya Sol 13.23 \u20ac<\/p>\n<p>Torres Vinya Sol 3\/8 5.13 \u20ac<\/p>\n<p>Torres Vinya Esmeralda 15.39 \u20ac<\/p>\n<p>Torres Fransola 28.2 4\u20ac<br \/>\nSauvignon blanc i parellada<\/p>\n<p>El ra\u00efm sauvignon blanc \u00e9s la base d\u2019aquest vi blanc \u00fanic, en part fermentat i envellit en b\u00f3tes de roure americ\u00e0 noves.<br \/>\nEl 50% de la collita ha estat fermentada i criada durant vuit mesos en barriques noves de roure americ\u00e0 i franc\u00e8s.<\/p>\n<p><strong>D.O. Montsant<\/strong><\/p>\n<p>Mas Collet. Blanc barrica 2007 14.53\u20ac<br \/>\n<\/div><\/div>\n<div class=\"toggle\"><div class=\"title\"><h4>Vins Rosats<\/h4><span><\/span><\/div><div class=\"inner\">\n<p><strong>D.O. Conca de Barber\u00e0<\/strong><\/p>\n<p>Rend\u00e9 Masd\u00e9u Syrah 11.07\u20ac<\/p>\n<p><strong>D.O. Costers del Segre<\/strong><\/p>\n<p>Raimat Rosat 9.61 \u20ac<\/p>\n<p><strong>D.O. Pened\u00e9s<\/strong><\/p>\n<p>Torres de Casta 11.61 \u20ac<\/p>\n<p>Augustus Cabernet Sauvignon 12.80 \u20ac<br \/>\n<\/div><\/div>\n<div class=\"toggle\"><div class=\"title\"><h4>Caves<\/h4><span><\/span><\/div><div class=\"inner\">\n<p>Sans Trav\u00e9 Brut Nature 15.12 \u20ac<br \/>\nGramona Brut Imperial 27.00 \u20ac<br \/>\nCodorniu 1551 Brut nature 11.07 \u20ac<br \/>\nCodorniu 1551 Brut nature 3\/8 8.37 \u20ac<br \/>\nRaimat Brut Nature 17.01 \u20ac<br \/>\nAnna de Codorniu 17.82 \u20ac<br \/>\nRecaredo Brut Nature 22.14 \u20ac<br \/>\nJuv\u00e9 Camps Brut Reserva Familia 19.92 \u20ac<br \/>\nGran Codorniu Reserva Pinot Noir Brut (cava rosat) 18.20 \u20ac<br \/>\nGran Codorniu Reserva Chardonnay (cava blanc) 18.20 \u20ac<br \/>\n<\/div><\/div>\n<\/div>\n<div id=\"tabs-PostresCasolans\">\n<p>Carquinyolis i rifaclis amb moscatell<\/p>\n<p>Gelat de formatge amb coulis de maduixes<\/p>\n<p>Past\u00eds de formatge<\/p>\n<p>Mousse de xocolata<\/p>\n<p>Tiramis\u00fa<\/p>\n<p>Crema catalana<\/p>\n<p>Trufes gelades casolanes \/ amb nata<\/p>\n<p>Canyes de crema amb xocolata calenta<\/p>\n<p>Amanida de fruites<\/p>\n<p>Coques de vidre amb vi dol\u00e7<\/p>\n<p>Crep de poma amb xocolata i gelat de poma<\/p>\n<p>Biscuit glac\u00e9 amb xocolata calenta<\/p>\n<p>Suc de taronja amb gelat de vainilla<\/p>\n<p>Xarrup de llimona<\/p>\n<p>Xarrup de marc de xampany<\/p>\n<p>Xarrup de mojito<\/p>\n<p>Postres de m\u00fasic<\/p>\n<p>Codonyat amb formatge manxego<\/p>\n<p>Formatge manxego amb anous<\/p>\n<p>Caf\u00e8 Irland\u00e8s<\/p>\n<p>Preu per postre 5\u20ac<\/p>\n<\/div>\n<div id=\"tabs-EsmorzarBerenar\">\n<p>ESMORZAR DE FORQUILLA :<\/p>\n<p>Els oferim servei d&#8217;esmorzar de forquilla per tots aquells als qui necessiten m\u00e9s un bon &#8220;vermut&#8221; que no pas un dinar.<br \/>\nAmb reserva pr\u00e8via.Consultar preus i disponibilitat.<\/p>\n<p>BERENAR:<\/p>\n<p>Per als amants de la mitja tarda! Amb reserva pr\u00e8via. Consultar.<\/p>\n<\/div>\n<\/div>\n<h2>Restaurant Gallery<\/h2>\n\n\t\t<div id='gallery-1' class='gallery galleryid-27067 gallery-columns-3 gallery-size-thumbnail'><dl class='gallery-item'><dt class='gallery-icon'><a href=\"https:\/\/www.masiadelcadet.com\/wp-content\/uploads\/DSC_02791.jpg\" rel=\"prettyPhoto[gallery-1]\" title=\"DSC_0279\"><img decoding=\"async\" src=\"https:\/\/www.masiadelcadet.com\/wp-content\/uploads\/DSC_02791-450x300.jpg\" alt=\"\" \/><\/a><\/dt><\/dl><dl class='gallery-item'><dt class='gallery-icon'><a href=\"https:\/\/www.masiadelcadet.com\/wp-content\/uploads\/DSC_02771.jpg\" rel=\"prettyPhoto[gallery-1]\" title=\"DSC_0277\"><img decoding=\"async\" src=\"https:\/\/www.masiadelcadet.com\/wp-content\/uploads\/DSC_02771-450x300.jpg\" alt=\"\" \/><\/a><\/dt><\/dl><dl class='gallery-item'><dt class='gallery-icon'><a href=\"https:\/\/www.masiadelcadet.com\/wp-content\/uploads\/DSC_02951.jpg\" rel=\"prettyPhoto[gallery-1]\" title=\"DSC_0295\"><img decoding=\"async\" src=\"https:\/\/www.masiadelcadet.com\/wp-content\/uploads\/DSC_02951-450x300.jpg\" alt=\"\" \/><\/a><\/dt><\/dl><dl class='gallery-item'><dt class='gallery-icon'><a href=\"https:\/\/www.masiadelcadet.com\/wp-content\/uploads\/DSC_00211.jpg\" rel=\"prettyPhoto[gallery-1]\" title=\"DSC_0021\"><img decoding=\"async\" src=\"https:\/\/www.masiadelcadet.com\/wp-content\/uploads\/DSC_00211-450x300.jpg\" alt=\"\" \/><\/a><\/dt><\/dl><dl class='gallery-item'><dt class='gallery-icon'><a href=\"https:\/\/www.masiadelcadet.com\/wp-content\/uploads\/DSC_00201.jpg\" rel=\"prettyPhoto[gallery-1]\" title=\"DSC_0020\"><img decoding=\"async\" src=\"https:\/\/www.masiadelcadet.com\/wp-content\/uploads\/DSC_00201-450x300.jpg\" alt=\"\" \/><\/a><\/dt><\/dl><dl class='gallery-item'><dt class='gallery-icon'><a href=\"https:\/\/www.masiadelcadet.com\/wp-content\/uploads\/DSC_00401.jpg\" rel=\"prettyPhoto[gallery-1]\" title=\"DSC_0040\"><img decoding=\"async\" src=\"https:\/\/www.masiadelcadet.com\/wp-content\/uploads\/DSC_00401-450x300.jpg\" alt=\"\" \/><\/a><\/dt><\/dl><dl class='gallery-item'><dt class='gallery-icon'><a href=\"https:\/\/www.masiadelcadet.com\/wp-content\/uploads\/DSC_00191.jpg\" rel=\"prettyPhoto[gallery-1]\" title=\"DSC_0019\"><img decoding=\"async\" src=\"https:\/\/www.masiadelcadet.com\/wp-content\/uploads\/DSC_00191-450x300.jpg\" alt=\"\" \/><\/a><\/dt><\/dl><dl class='gallery-item'><dt class='gallery-icon'><a href=\"https:\/\/www.masiadelcadet.com\/wp-content\/uploads\/DSC_00181.jpg\" rel=\"prettyPhoto[gallery-1]\" title=\"DSC_0018\"><img decoding=\"async\" src=\"https:\/\/www.masiadelcadet.com\/wp-content\/uploads\/DSC_00181-450x300.jpg\" alt=\"\" \/><\/a><\/dt><\/dl><dl class='gallery-item'><dt class='gallery-icon'><a href=\"https:\/\/www.masiadelcadet.com\/wp-content\/uploads\/DSC_00171.jpg\" rel=\"prettyPhoto[gallery-1]\" title=\"DSC_0017\"><img decoding=\"async\" src=\"https:\/\/www.masiadelcadet.com\/wp-content\/uploads\/DSC_00171-450x300.jpg\" alt=\"\" \/><\/a><\/dt><\/dl><dl class='gallery-item'><dt class='gallery-icon'><a href=\"https:\/\/www.masiadelcadet.com\/wp-content\/uploads\/DSC_0016-21.jpg\" rel=\"prettyPhoto[gallery-1]\" title=\"DSC_0016-(2)\"><img decoding=\"async\" src=\"https:\/\/www.masiadelcadet.com\/wp-content\/uploads\/DSC_0016-21-450x300.jpg\" alt=\"\" \/><\/a><\/dt><\/dl><dl class='gallery-item'><dt class='gallery-icon'><a href=\"https:\/\/www.masiadelcadet.com\/wp-content\/uploads\/DSC_0013-21.jpg\" rel=\"prettyPhoto[gallery-1]\" title=\"DSC_0013-(2)\"><img decoding=\"async\" src=\"https:\/\/www.masiadelcadet.com\/wp-content\/uploads\/DSC_0013-21-450x300.jpg\" alt=\"\" \/><\/a><\/dt><\/dl><dl class='gallery-item'><dt class='gallery-icon'><a href=\"https:\/\/www.masiadelcadet.com\/wp-content\/uploads\/DSC_00121.jpg\" rel=\"prettyPhoto[gallery-1]\" title=\"DSC_0012\"><img decoding=\"async\" src=\"https:\/\/www.masiadelcadet.com\/wp-content\/uploads\/DSC_00121-450x300.jpg\" alt=\"\" \/><\/a><\/dt><\/dl><dl class='gallery-item'><dt class='gallery-icon'><a href=\"https:\/\/www.masiadelcadet.com\/wp-content\/uploads\/DSC_00011.jpg\" rel=\"prettyPhoto[gallery-1]\" title=\"DSC_0001\"><img decoding=\"async\" src=\"https:\/\/www.masiadelcadet.com\/wp-content\/uploads\/DSC_00011-450x300.jpg\" alt=\"\" \/><\/a><\/dt><\/dl><dl class='gallery-item'><dt class='gallery-icon'><a href=\"https:\/\/www.masiadelcadet.com\/wp-content\/uploads\/DSC_0002-21.jpg\" rel=\"prettyPhoto[gallery-1]\" title=\"DSC_0002-(2)\"><img decoding=\"async\" src=\"https:\/\/www.masiadelcadet.com\/wp-content\/uploads\/DSC_0002-21-450x300.jpg\" alt=\"\" \/><\/a><\/dt><\/dl><dl class='gallery-item'><dt class='gallery-icon'><a href=\"https:\/\/www.masiadelcadet.com\/wp-content\/uploads\/DSC_00021.jpg\" rel=\"prettyPhoto[gallery-1]\" title=\"DSC_0002\"><img decoding=\"async\" src=\"https:\/\/www.masiadelcadet.com\/wp-content\/uploads\/DSC_00021-450x300.jpg\" alt=\"\" \/><\/a><\/dt><\/dl><dl class='gallery-item'><dt class='gallery-icon'><a href=\"https:\/\/www.masiadelcadet.com\/wp-content\/uploads\/DSC_0003-21.jpg\" rel=\"prettyPhoto[gallery-1]\" title=\"DSC_0003-(2)\"><img decoding=\"async\" src=\"https:\/\/www.masiadelcadet.com\/wp-content\/uploads\/DSC_0003-21-450x300.jpg\" alt=\"\" \/><\/a><\/dt><\/dl><dl class='gallery-item'><dt class='gallery-icon'><a href=\"https:\/\/www.masiadelcadet.com\/wp-content\/uploads\/cocktail-restaurante.jpg\" rel=\"prettyPhoto[gallery-1]\" title=\"cocktail-restaurante\"><img decoding=\"async\" src=\"https:\/\/www.masiadelcadet.com\/wp-content\/uploads\/cocktail-restaurante-450x300.jpg\" alt=\"\" \/><\/a><\/dt><\/dl><dl class='gallery-item'><dt class='gallery-icon'><a href=\"https:\/\/www.masiadelcadet.com\/wp-content\/uploads\/plato-restaurante.jpg\" rel=\"prettyPhoto[gallery-1]\" title=\"plato-restaurante\"><img decoding=\"async\" src=\"https:\/\/www.masiadelcadet.com\/wp-content\/uploads\/plato-restaurante-450x300.jpg\" alt=\"\" \/><\/a><\/dt><\/dl>\n\t\t\t<br style='clear: both;' \/>\n\t\t<\/div>\n\n","protected":false},"excerpt":{"rendered":"<p>In our restaurant you can find the highest quality Catalan cuisine, prepared with fresh market products, and the dedication that each client deserves. With an extensive menu of seasonal products, each season is a new challenge for the senses. The love of good cuisine combined with respect for traditional dishes and products of our land<\/p>\n","protected":false},"author":1,"featured_media":0,"parent":0,"menu_order":0,"comment_status":"open","ping_status":"open","template":"","meta":{"footnotes":""},"class_list":["post-27067","page","type-page","status-publish","hentry"],"yoast_head":"<!-- This site is optimized with the Yoast SEO plugin v24.8.1 - https:\/\/yoast.com\/wordpress\/plugins\/seo\/ -->\n<title>Restaurant - Masia del Cadet<\/title>\n<meta name=\"robots\" content=\"index, follow, max-snippet:-1, max-image-preview:large, max-video-preview:-1\" \/>\n<link rel=\"canonical\" href=\"https:\/\/www.masiadelcadet.com\/en\/restaurant\" \/>\n<meta property=\"og:locale\" content=\"en_US\" \/>\n<meta property=\"og:type\" content=\"article\" \/>\n<meta property=\"og:title\" content=\"Restaurant - Masia del Cadet\" \/>\n<meta property=\"og:description\" content=\"In our restaurant you can find the highest quality Catalan cuisine, prepared with fresh market products, and the dedication that each client deserves. With an extensive menu of seasonal products, each season is a new challenge for the senses. The love of good cuisine combined with respect for traditional dishes and products of our land\" \/>\n<meta property=\"og:url\" content=\"https:\/\/www.masiadelcadet.com\/en\/restaurant\" \/>\n<meta property=\"og:site_name\" content=\"Masia del Cadet\" \/>\n<meta property=\"article:modified_time\" content=\"2021-03-17T13:37:56+00:00\" \/>\n<meta property=\"og:image\" content=\"https:\/\/www.masiadelcadet.com\/wp-content\/uploads\/DSC_02791-450x300.jpg\" \/>\n<meta name=\"twitter:card\" content=\"summary_large_image\" \/>\n<meta name=\"twitter:site\" content=\"@masiadelcadet\" \/>\n<meta name=\"twitter:label1\" content=\"Est. reading time\" \/>\n\t<meta name=\"twitter:data1\" content=\"6 minutes\" \/>\n<script type=\"application\/ld+json\" class=\"yoast-schema-graph\">{\"@context\":\"https:\/\/schema.org\",\"@graph\":[{\"@type\":\"WebPage\",\"@id\":\"https:\/\/www.masiadelcadet.com\/en\/restaurant\",\"url\":\"https:\/\/www.masiadelcadet.com\/en\/restaurant\",\"name\":\"Restaurant - Masia del Cadet\",\"isPartOf\":{\"@id\":\"https:\/\/www.masiadelcadet.com\/#website\"},\"datePublished\":\"2014-09-01T12:53:50+00:00\",\"dateModified\":\"2021-03-17T13:37:56+00:00\",\"breadcrumb\":{\"@id\":\"https:\/\/www.masiadelcadet.com\/en\/restaurant#breadcrumb\"},\"inLanguage\":\"en-US\",\"potentialAction\":[{\"@type\":\"ReadAction\",\"target\":[\"https:\/\/www.masiadelcadet.com\/en\/restaurant\"]}]},{\"@type\":\"BreadcrumbList\",\"@id\":\"https:\/\/www.masiadelcadet.com\/en\/restaurant#breadcrumb\",\"itemListElement\":[{\"@type\":\"ListItem\",\"position\":1,\"name\":\"Portada\",\"item\":\"https:\/\/www.masiadelcadet.com\/en\"},{\"@type\":\"ListItem\",\"position\":2,\"name\":\"Restaurant\"}]},{\"@type\":\"WebSite\",\"@id\":\"https:\/\/www.masiadelcadet.com\/#website\",\"url\":\"https:\/\/www.masiadelcadet.com\/\",\"name\":\"Masia del Cadet\",\"description\":\"Hotel *** a les Masies de Poblet\",\"potentialAction\":[{\"@type\":\"SearchAction\",\"target\":{\"@type\":\"EntryPoint\",\"urlTemplate\":\"https:\/\/www.masiadelcadet.com\/?s={search_term_string}\"},\"query-input\":{\"@type\":\"PropertyValueSpecification\",\"valueRequired\":true,\"valueName\":\"search_term_string\"}}],\"inLanguage\":\"en-US\"}]}<\/script>\n<!-- \/ Yoast SEO plugin. -->","yoast_head_json":{"title":"Restaurant - Masia del Cadet","robots":{"index":"index","follow":"follow","max-snippet":"max-snippet:-1","max-image-preview":"max-image-preview:large","max-video-preview":"max-video-preview:-1"},"canonical":"https:\/\/www.masiadelcadet.com\/en\/restaurant","og_locale":"en_US","og_type":"article","og_title":"Restaurant - Masia del Cadet","og_description":"In our restaurant you can find the highest quality Catalan cuisine, prepared with fresh market products, and the dedication that each client deserves. With an extensive menu of seasonal products, each season is a new challenge for the senses. The love of good cuisine combined with respect for traditional dishes and products of our land","og_url":"https:\/\/www.masiadelcadet.com\/en\/restaurant","og_site_name":"Masia del Cadet","article_modified_time":"2021-03-17T13:37:56+00:00","og_image":[{"url":"https:\/\/www.masiadelcadet.com\/wp-content\/uploads\/DSC_02791-450x300.jpg","type":"","width":"","height":""}],"twitter_card":"summary_large_image","twitter_site":"@masiadelcadet","twitter_misc":{"Est. reading time":"6 minutes"},"schema":{"@context":"https:\/\/schema.org","@graph":[{"@type":"WebPage","@id":"https:\/\/www.masiadelcadet.com\/en\/restaurant","url":"https:\/\/www.masiadelcadet.com\/en\/restaurant","name":"Restaurant - Masia del Cadet","isPartOf":{"@id":"https:\/\/www.masiadelcadet.com\/#website"},"datePublished":"2014-09-01T12:53:50+00:00","dateModified":"2021-03-17T13:37:56+00:00","breadcrumb":{"@id":"https:\/\/www.masiadelcadet.com\/en\/restaurant#breadcrumb"},"inLanguage":"en-US","potentialAction":[{"@type":"ReadAction","target":["https:\/\/www.masiadelcadet.com\/en\/restaurant"]}]},{"@type":"BreadcrumbList","@id":"https:\/\/www.masiadelcadet.com\/en\/restaurant#breadcrumb","itemListElement":[{"@type":"ListItem","position":1,"name":"Portada","item":"https:\/\/www.masiadelcadet.com\/en"},{"@type":"ListItem","position":2,"name":"Restaurant"}]},{"@type":"WebSite","@id":"https:\/\/www.masiadelcadet.com\/#website","url":"https:\/\/www.masiadelcadet.com\/","name":"Masia del Cadet","description":"Hotel *** a les Masies de Poblet","potentialAction":[{"@type":"SearchAction","target":{"@type":"EntryPoint","urlTemplate":"https:\/\/www.masiadelcadet.com\/?s={search_term_string}"},"query-input":{"@type":"PropertyValueSpecification","valueRequired":true,"valueName":"search_term_string"}}],"inLanguage":"en-US"}]}},"_links":{"self":[{"href":"https:\/\/www.masiadelcadet.com\/en\/wp-json\/wp\/v2\/pages\/27067","targetHints":{"allow":["GET"]}}],"collection":[{"href":"https:\/\/www.masiadelcadet.com\/en\/wp-json\/wp\/v2\/pages"}],"about":[{"href":"https:\/\/www.masiadelcadet.com\/en\/wp-json\/wp\/v2\/types\/page"}],"author":[{"embeddable":true,"href":"https:\/\/www.masiadelcadet.com\/en\/wp-json\/wp\/v2\/users\/1"}],"replies":[{"embeddable":true,"href":"https:\/\/www.masiadelcadet.com\/en\/wp-json\/wp\/v2\/comments?post=27067"}],"version-history":[{"count":10,"href":"https:\/\/www.masiadelcadet.com\/en\/wp-json\/wp\/v2\/pages\/27067\/revisions"}],"predecessor-version":[{"id":87394,"href":"https:\/\/www.masiadelcadet.com\/en\/wp-json\/wp\/v2\/pages\/27067\/revisions\/87394"}],"wp:attachment":[{"href":"https:\/\/www.masiadelcadet.com\/en\/wp-json\/wp\/v2\/media?parent=27067"}],"curies":[{"name":"wp","href":"https:\/\/api.w.org\/{rel}","templated":true}]}}