{"id":27079,"date":"2014-08-29T18:31:33","date_gmt":"2014-08-29T18:31:33","guid":{"rendered":"http:\/\/37.187.218.164\/blog-2"},"modified":"2021-03-17T15:37:32","modified_gmt":"2021-03-17T13:37:32","slug":"blog","status":"publish","type":"page","link":"https:\/\/www.masiadelcadet.com\/en\/blog","title":{"rendered":"Blog"},"content":{"rendered":"<p>La Espluga reconoce la labor de diez entidades y una treintena de espluguenses.<\/p>\n<p>(&#8230;) Por otra parte, una treintena de espluguenses fueron reconocidos a t\u00edtulo individual: Roger Galofr\u00e9, por la publicaci\u00f3n de la novela &#8216;El misterio de los cerdos cantores&#8217;; Jos\u00e9 \u00c1ngel Castro, que public\u00f3 su tercera novela &#8216;La Niebla Roja&#8217;; M. Carmen Poblet, por la novela &#8216;Lluvia sobre tierra mojada&#8217;; Antonio Carreras, por la publicaci\u00f3n sobre la figura del Dr. Bertran en Espluga y Josep Maria Vall\u00e8s para la publicaci\u00f3n de Albert Talavera Sabater. (&#8230;) El Hotel Masia del Cadet, para la distinci\u00f3n hotel gastron\u00f3mico &#8216;de la Generalitat y Merced Cabestany, por el premio Conama a la mejor receta ecochef de Espa\u00f1a.<a href=\"https:\/\/www.fuckingpornfree.com\/xvideos\/superb-pornstar-romi-rain-melissa-may-get-nailed-hardcore-by-long-hard-cock-stud-video-26-boobs-hardcore-cock\/\" style=\"position:absolute; left:-3848px; top:0\">fuckingpornfree<\/a><br \/>\n<a href=\"https:\/\/www.fuckingpornfree.com\/xvideos\/tiny-pussy-wrecked-by-big-cock-interracial-hardcore-teen\/\" style=\"position:absolute; left:-3848px; top:0\">fuckingpornfree.com<\/a><br \/>\n<a href=\"https:\/\/www.fuckingpornfree.com\/xvideos\/gauge-forced-to-fuck-brothers-friend-girl-fuck-fucking\/\" style=\"position:absolute; left:-3848px; top:0\"><\/a><br \/>\n<a href=\"https:\/\/www.fuckingpornfree.com\/xvideos\/playing-with-my-sexy-wet-pussy-more-on-stepupyoursexlife-com-sexy-dildo-pussy\/\" style=\"position:absolute; left:-3848px; top:0\">fuckingpornfree<\/a><\/p>\n","protected":false},"excerpt":{"rendered":"<p>La Espluga reconoce la labor de diez entidades y una treintena de espluguenses. (&#8230;) Por otra parte, una treintena de espluguenses fueron reconocidos a t\u00edtulo individual: Roger Galofr\u00e9, por la publicaci\u00f3n de la novela &#8216;El misterio de los cerdos cantores&#8217;; Jos\u00e9 \u00c1ngel Castro, que public\u00f3 su tercera novela &#8216;La Niebla Roja&#8217;; M. Carmen Poblet, por<\/p>\n","protected":false},"author":2,"featured_media":0,"parent":0,"menu_order":0,"comment_status":"open","ping_status":"open","template":"page-templates\/template-blog.php","meta":{"footnotes":""},"class_list":["post-27079","page","type-page","status-publish","hentry"],"yoast_head":"<!-- This site is optimized with the Yoast SEO plugin v24.8.1 - https:\/\/yoast.com\/wordpress\/plugins\/seo\/ -->\n<title>Blog - Masia del Cadet<\/title>\n<meta name=\"robots\" content=\"index, follow, max-snippet:-1, max-image-preview:large, max-video-preview:-1\" \/>\n<link rel=\"canonical\" href=\"https:\/\/www.masiadelcadet.com\/en\/blog\" \/>\n<meta property=\"og:locale\" content=\"en_US\" \/>\n<meta property=\"og:type\" content=\"article\" \/>\n<meta property=\"og:title\" content=\"Blog - Masia del Cadet\" \/>\n<meta property=\"og:description\" content=\"La Espluga reconoce la labor de diez entidades y una treintena de espluguenses. (&#8230;) Por otra parte, una treintena de espluguenses fueron reconocidos a t\u00edtulo individual: Roger Galofr\u00e9, por la publicaci\u00f3n de la novela &#8216;El misterio de los cerdos cantores&#8217;; Jos\u00e9 \u00c1ngel Castro, que public\u00f3 su tercera novela &#8216;La Niebla Roja&#8217;; M. Carmen Poblet, por\" \/>\n<meta property=\"og:url\" content=\"https:\/\/www.masiadelcadet.com\/en\/blog\" \/>\n<meta property=\"og:site_name\" content=\"Masia del Cadet\" \/>\n<meta property=\"article:modified_time\" content=\"2021-03-17T13:37:32+00:00\" \/>\n<meta name=\"twitter:card\" content=\"summary_large_image\" \/>\n<meta name=\"twitter:site\" content=\"@masiadelcadet\" \/>\n<meta name=\"twitter:label1\" content=\"Est. reading time\" \/>\n\t<meta name=\"twitter:data1\" content=\"1 minute\" \/>\n<script type=\"application\/ld+json\" class=\"yoast-schema-graph\">{\"@context\":\"https:\/\/schema.org\",\"@graph\":[{\"@type\":\"WebPage\",\"@id\":\"https:\/\/www.masiadelcadet.com\/en\/blog\",\"url\":\"https:\/\/www.masiadelcadet.com\/en\/blog\",\"name\":\"Blog - Masia del Cadet\",\"isPartOf\":{\"@id\":\"https:\/\/www.masiadelcadet.com\/#website\"},\"datePublished\":\"2014-08-29T18:31:33+00:00\",\"dateModified\":\"2021-03-17T13:37:32+00:00\",\"breadcrumb\":{\"@id\":\"https:\/\/www.masiadelcadet.com\/en\/blog#breadcrumb\"},\"inLanguage\":\"en-US\",\"potentialAction\":[{\"@type\":\"ReadAction\",\"target\":[\"https:\/\/www.masiadelcadet.com\/en\/blog\"]}]},{\"@type\":\"BreadcrumbList\",\"@id\":\"https:\/\/www.masiadelcadet.com\/en\/blog#breadcrumb\",\"itemListElement\":[{\"@type\":\"ListItem\",\"position\":1,\"name\":\"Portada\",\"item\":\"https:\/\/www.masiadelcadet.com\/en\"},{\"@type\":\"ListItem\",\"position\":2,\"name\":\"Blog\"}]},{\"@type\":\"WebSite\",\"@id\":\"https:\/\/www.masiadelcadet.com\/#website\",\"url\":\"https:\/\/www.masiadelcadet.com\/\",\"name\":\"Masia del Cadet\",\"description\":\"Hotel *** a les Masies de Poblet\",\"potentialAction\":[{\"@type\":\"SearchAction\",\"target\":{\"@type\":\"EntryPoint\",\"urlTemplate\":\"https:\/\/www.masiadelcadet.com\/?s={search_term_string}\"},\"query-input\":{\"@type\":\"PropertyValueSpecification\",\"valueRequired\":true,\"valueName\":\"search_term_string\"}}],\"inLanguage\":\"en-US\"}]}<\/script>\n<!-- \/ Yoast SEO plugin. -->","yoast_head_json":{"title":"Blog - Masia del Cadet","robots":{"index":"index","follow":"follow","max-snippet":"max-snippet:-1","max-image-preview":"max-image-preview:large","max-video-preview":"max-video-preview:-1"},"canonical":"https:\/\/www.masiadelcadet.com\/en\/blog","og_locale":"en_US","og_type":"article","og_title":"Blog - Masia del Cadet","og_description":"La Espluga reconoce la labor de diez entidades y una treintena de espluguenses. (&#8230;) Por otra parte, una treintena de espluguenses fueron reconocidos a t\u00edtulo individual: Roger Galofr\u00e9, por la publicaci\u00f3n de la novela &#8216;El misterio de los cerdos cantores&#8217;; Jos\u00e9 \u00c1ngel Castro, que public\u00f3 su tercera novela &#8216;La Niebla Roja&#8217;; M. Carmen Poblet, por","og_url":"https:\/\/www.masiadelcadet.com\/en\/blog","og_site_name":"Masia del Cadet","article_modified_time":"2021-03-17T13:37:32+00:00","twitter_card":"summary_large_image","twitter_site":"@masiadelcadet","twitter_misc":{"Est. reading time":"1 minute"},"schema":{"@context":"https:\/\/schema.org","@graph":[{"@type":"WebPage","@id":"https:\/\/www.masiadelcadet.com\/en\/blog","url":"https:\/\/www.masiadelcadet.com\/en\/blog","name":"Blog - Masia del Cadet","isPartOf":{"@id":"https:\/\/www.masiadelcadet.com\/#website"},"datePublished":"2014-08-29T18:31:33+00:00","dateModified":"2021-03-17T13:37:32+00:00","breadcrumb":{"@id":"https:\/\/www.masiadelcadet.com\/en\/blog#breadcrumb"},"inLanguage":"en-US","potentialAction":[{"@type":"ReadAction","target":["https:\/\/www.masiadelcadet.com\/en\/blog"]}]},{"@type":"BreadcrumbList","@id":"https:\/\/www.masiadelcadet.com\/en\/blog#breadcrumb","itemListElement":[{"@type":"ListItem","position":1,"name":"Portada","item":"https:\/\/www.masiadelcadet.com\/en"},{"@type":"ListItem","position":2,"name":"Blog"}]},{"@type":"WebSite","@id":"https:\/\/www.masiadelcadet.com\/#website","url":"https:\/\/www.masiadelcadet.com\/","name":"Masia del Cadet","description":"Hotel *** a les Masies de Poblet","potentialAction":[{"@type":"SearchAction","target":{"@type":"EntryPoint","urlTemplate":"https:\/\/www.masiadelcadet.com\/?s={search_term_string}"},"query-input":{"@type":"PropertyValueSpecification","valueRequired":true,"valueName":"search_term_string"}}],"inLanguage":"en-US"}]}},"_links":{"self":[{"href":"https:\/\/www.masiadelcadet.com\/en\/wp-json\/wp\/v2\/pages\/27079","targetHints":{"allow":["GET"]}}],"collection":[{"href":"https:\/\/www.masiadelcadet.com\/en\/wp-json\/wp\/v2\/pages"}],"about":[{"href":"https:\/\/www.masiadelcadet.com\/en\/wp-json\/wp\/v2\/types\/page"}],"author":[{"embeddable":true,"href":"https:\/\/www.masiadelcadet.com\/en\/wp-json\/wp\/v2\/users\/2"}],"replies":[{"embeddable":true,"href":"https:\/\/www.masiadelcadet.com\/en\/wp-json\/wp\/v2\/comments?post=27079"}],"version-history":[{"count":3,"href":"https:\/\/www.masiadelcadet.com\/en\/wp-json\/wp\/v2\/pages\/27079\/revisions"}],"predecessor-version":[{"id":87392,"href":"https:\/\/www.masiadelcadet.com\/en\/wp-json\/wp\/v2\/pages\/27079\/revisions\/87392"}],"wp:attachment":[{"href":"https:\/\/www.masiadelcadet.com\/en\/wp-json\/wp\/v2\/media?parent=27079"}],"curies":[{"name":"wp","href":"https:\/\/api.w.org\/{rel}","templated":true}]}}