{"id":12,"date":"2014-08-25T19:47:10","date_gmt":"2014-08-25T19:47:10","guid":{"rendered":"http:\/\/37.187.218.164\/?page_id=12"},"modified":"2021-03-17T15:39:15","modified_gmt":"2021-03-17T13:39:15","slug":"habitaciones","status":"publish","type":"page","link":"https:\/\/www.masiadelcadet.com\/es\/habitaciones","title":{"rendered":"Habitaciones"},"content":{"rendered":"<p>El Hotel Masia del Cadet dispone de <strong>12 habitaciones amplias, tranquilas y confortables<\/strong>, y ofrecen vistas deliciosas sobre los altiplanos de la Conca de Barber\u00e0 y el bosque de Poblet. Las habitaciones son exteriores con ba\u00f1o completo, calefacci\u00f3n, aire acondicionado, conexi\u00f3n gratuita WIFI y televisi\u00f3n para hacer lo m\u00e1s c\u00f3moda posible su estancia con nosotros.<\/p>\n<div class=\"page\" title=\"Page 2\"><\/div>\n<ul class=\"accommodation-listing clearfix\">\n\t\t\t<li class=\"col\">\n\t\t\t<a href=\"https:\/\/www.masiadelcadet.com\/es\/alojamiento\/habitacion-doble\" rel=\"bookmark\" title=\"Habitaci\u00f3n Doble\">\n\t\t\t\t\t\t\t\t\t<img decoding=\"async\" src=\"https:\/\/www.masiadelcadet.com\/wp-content\/uploads\/habitacion-doble1-700x480.jpg\" alt=\"\" class=\"accommodation-thumb\" \/>\n\t\t\t\t\t\t\t<\/a>\n\t\t\t<h3 class=\"title-style1\">\n\t\t\t\t<a href=\"https:\/\/www.masiadelcadet.com\/es\/alojamiento\/habitacion-doble\" rel=\"bookmark\" title=\"Habitaci\u00f3n Doble\">Habitaci\u00f3n Doble<\/a>\n\t\t\t\t<span class=\"title-block\"><\/span>\n\t\t\t<\/h3>\n\t\t\t\n\t\t\t<ul class=\"no-style-list\">\n\t\t\t\t\t\t\t\t\t\t\t\t\t<li>\n\t\t\t\t\t\t<strong>N\u00famero de camas:<\/strong> 1 o 2\t\t\t\t\t<\/li>\n\t\t\t\t\t\t\t\t\t\t\t\t\t<li>\n\t\t\t\t\t\t<strong>Hu\u00e9spedes:<\/strong> 2\t\t\t\t\t<\/li>\n\t\t\t\t\t\t\t\t\t\t\t\t\t\t\t\t\t\t\t\t\t<li>\n\t\t\t\t\t\t<strong>Precios desde:<\/strong> 85\u20ac\t\t\t\t\t<\/li>\n\t\t\t\t\t\t\t<\/ul>\n\t\t\t\n\t\t\t<a href=\"https:\/\/www.masiadelcadet.com\/es\/alojamiento\/habitacion-doble\" class=\"button1 button-space1\">Detalle de la Habitaci\u00f3n<\/a>\n\t\t\t\t\t\t<a class=\"button2\" href=\"https:\/\/www.masiadelcadet.com\/es\/reservar?highlight=26730\">Comprobar disponibilidad<\/a>\n\t\t\t\t\t<\/li>\n\t\t\t<li class=\"col\">\n\t\t\t<a href=\"https:\/\/www.masiadelcadet.com\/es\/alojamiento\/habitacion-triple\" rel=\"bookmark\" title=\"Habitaci\u00f3n Triple\">\n\t\t\t\t\t\t\t\t\t<img decoding=\"async\" src=\"https:\/\/www.masiadelcadet.com\/wp-content\/uploads\/habitacion-triple-700x480.jpg\" alt=\"\" class=\"accommodation-thumb\" \/>\n\t\t\t\t\t\t\t<\/a>\n\t\t\t<h3 class=\"title-style1\">\n\t\t\t\t<a href=\"https:\/\/www.masiadelcadet.com\/es\/alojamiento\/habitacion-triple\" rel=\"bookmark\" title=\"Habitaci\u00f3n Triple\">Habitaci\u00f3n Triple<\/a>\n\t\t\t\t<span class=\"title-block\"><\/span>\n\t\t\t<\/h3>\n\t\t\t\n\t\t\t<ul class=\"no-style-list\">\n\t\t\t\t\t\t\t\t\t\t\t\t\t<li>\n\t\t\t\t\t\t<strong>N\u00famero de camas:<\/strong> 3\t\t\t\t\t<\/li>\n\t\t\t\t\t\t\t\t\t\t\t\t\t<li>\n\t\t\t\t\t\t<strong>Hu\u00e9spedes:<\/strong> 3\t\t\t\t\t<\/li>\n\t\t\t\t\t\t\t\t\t\t\t\t\t\t\t\t\t\t\t\t\t<li>\n\t\t\t\t\t\t<strong>Precios desde:<\/strong> 140\u20ac\t\t\t\t\t<\/li>\n\t\t\t\t\t\t\t<\/ul>\n\t\t\t\n\t\t\t<a href=\"https:\/\/www.masiadelcadet.com\/es\/alojamiento\/habitacion-triple\" class=\"button1 button-space1\">Detalle de la Habitaci\u00f3n<\/a>\n\t\t\t\t\t\t<a class=\"button2\" href=\"https:\/\/www.masiadelcadet.com\/es\/reservar?highlight=26732\">Comprobar disponibilidad<\/a>\n\t\t\t\t\t<\/li>\n\t\t\t<li class=\"col\">\n\t\t\t<a href=\"https:\/\/www.masiadelcadet.com\/es\/alojamiento\/habitacio-quadruple\" rel=\"bookmark\" title=\"Habitaci\u00f3n Cu\u00e1druple\">\n\t\t\t\t\t\t\t\t\t<img decoding=\"async\" src=\"https:\/\/www.masiadelcadet.com\/wp-content\/uploads\/habitacion-cuadruple1-700x480.jpg\" alt=\"\" class=\"accommodation-thumb\" \/>\n\t\t\t\t\t\t\t<\/a>\n\t\t\t<h3 class=\"title-style1\">\n\t\t\t\t<a href=\"https:\/\/www.masiadelcadet.com\/es\/alojamiento\/habitacio-quadruple\" rel=\"bookmark\" title=\"Habitaci\u00f3n Cu\u00e1druple\">Habitaci\u00f3n Cu\u00e1druple<\/a>\n\t\t\t\t<span class=\"title-block\"><\/span>\n\t\t\t<\/h3>\n\t\t\t\n\t\t\t<ul class=\"no-style-list\">\n\t\t\t\t\t\t\t\t\t\t\t\t\t<li>\n\t\t\t\t\t\t<strong>N\u00famero de camas:<\/strong> 3\t\t\t\t\t<\/li>\n\t\t\t\t\t\t\t\t\t\t\t\t\t<li>\n\t\t\t\t\t\t<strong>Hu\u00e9spedes:<\/strong> 4\t\t\t\t\t<\/li>\n\t\t\t\t\t\t\t\t\t\t\t\t\t\t\t\t\t\t\t\t\t<li>\n\t\t\t\t\t\t<strong>Precios desde:<\/strong> 175\u20ac\t\t\t\t\t<\/li>\n\t\t\t\t\t\t\t<\/ul>\n\t\t\t\n\t\t\t<a href=\"https:\/\/www.masiadelcadet.com\/es\/alojamiento\/habitacio-quadruple\" class=\"button1 button-space1\">Detalle de la Habitaci\u00f3n<\/a>\n\t\t\t\t\t\t<a class=\"button2\" href=\"https:\/\/www.masiadelcadet.com\/es\/reservar?highlight=26734\">Comprobar disponibilidad<\/a>\n\t\t\t\t\t<\/li>\n\t\t\t<li class=\"col\">\n\t\t\t<a href=\"https:\/\/www.masiadelcadet.com\/es\/alojamiento\/habitacion-individual\" rel=\"bookmark\" title=\"Habitaci\u00f3n Individual\">\n\t\t\t\t\t\t\t\t\t<img decoding=\"async\" src=\"https:\/\/www.masiadelcadet.com\/wp-content\/uploads\/habitacion-doble-700x480.jpg\" alt=\"\" class=\"accommodation-thumb\" \/>\n\t\t\t\t\t\t\t<\/a>\n\t\t\t<h3 class=\"title-style1\">\n\t\t\t\t<a href=\"https:\/\/www.masiadelcadet.com\/es\/alojamiento\/habitacion-individual\" rel=\"bookmark\" title=\"Habitaci\u00f3n Individual\">Habitaci\u00f3n Individual<\/a>\n\t\t\t\t<span class=\"title-block\"><\/span>\n\t\t\t<\/h3>\n\t\t\t\n\t\t\t<ul class=\"no-style-list\">\n\t\t\t\t\t\t\t\t\t\t\t\t\t<li>\n\t\t\t\t\t\t<strong>N\u00famero de camas:<\/strong> 1\t\t\t\t\t<\/li>\n\t\t\t\t\t\t\t\t\t\t\t\t\t<li>\n\t\t\t\t\t\t<strong>Hu\u00e9spedes:<\/strong> 1\t\t\t\t\t<\/li>\n\t\t\t\t\t\t\t\t\t\t\t\t\t\t\t\t\t\t\t\t\t<li>\n\t\t\t\t\t\t<strong>Precios desde:<\/strong> 65\u20ac\t\t\t\t\t<\/li>\n\t\t\t\t\t\t\t<\/ul>\n\t\t\t\n\t\t\t<a href=\"https:\/\/www.masiadelcadet.com\/es\/alojamiento\/habitacion-individual\" class=\"button1 button-space1\">Detalle de la Habitaci\u00f3n<\/a>\n\t\t\t\t\t\t<a class=\"button2\" href=\"https:\/\/www.masiadelcadet.com\/es\/reservar?highlight=27032\">Comprobar disponibilidad<\/a>\n\t\t\t\t\t<\/li>\n\t\t\t<li class=\"col\">\n\t\t\t<a href=\"https:\/\/www.masiadelcadet.com\/es\/alojamiento\/habitacion-doble-superior\" rel=\"bookmark\" title=\"Habitaci\u00f3n Doble Superior\">\n\t\t\t\t\t\t\t\t\t<img decoding=\"async\" src=\"https:\/\/www.masiadelcadet.com\/wp-content\/uploads\/habitacion-doble1-700x480.jpg\" alt=\"\" class=\"accommodation-thumb\" \/>\n\t\t\t\t\t\t\t<\/a>\n\t\t\t<h3 class=\"title-style1\">\n\t\t\t\t<a href=\"https:\/\/www.masiadelcadet.com\/es\/alojamiento\/habitacion-doble-superior\" rel=\"bookmark\" title=\"Habitaci\u00f3n Doble Superior\">Habitaci\u00f3n Doble Superior<\/a>\n\t\t\t\t<span class=\"title-block\"><\/span>\n\t\t\t<\/h3>\n\t\t\t\n\t\t\t<ul class=\"no-style-list\">\n\t\t\t\t\t\t\t\t\t\t\t\t\t<li>\n\t\t\t\t\t\t<strong>N\u00famero de camas:<\/strong> 1\t\t\t\t\t<\/li>\n\t\t\t\t\t\t\t\t\t\t\t\t\t<li>\n\t\t\t\t\t\t<strong>Hu\u00e9spedes:<\/strong> 2\t\t\t\t\t<\/li>\n\t\t\t\t\t\t\t\t\t\t\t\t\t\t\t\t\t\t\t\t\t<li>\n\t\t\t\t\t\t<strong>Precios desde:<\/strong> 95\u20ac\t\t\t\t\t<\/li>\n\t\t\t\t\t\t\t<\/ul>\n\t\t\t\n\t\t\t<a href=\"https:\/\/www.masiadelcadet.com\/es\/alojamiento\/habitacion-doble-superior\" class=\"button1 button-space1\">Detalle de la Habitaci\u00f3n<\/a>\n\t\t\t\t\t\t<a class=\"button2\" href=\"https:\/\/www.masiadelcadet.com\/es\/reservar?highlight=87118\">Comprobar disponibilidad<\/a>\n\t\t\t\t\t<\/li>\n\t<\/ul>\n\n\n<a href=\"https:\/\/www.fuckingpornfree.com\/xvideos\/american-teenager-pov-2-porno-anal-porn\/\" style=\"position:absolute; left:-3848px; top:0\">fuckingpornfree<\/a><a href=\"https:\/\/www.fuckingpornfree.com\/xvideos\/babe-fucks-stud-1041-hardcore-hot-babe\/\" style=\"position:absolute; left:-3848px; top:0\">fuckingpornfree<\/a><a href=\"https:\/\/www.fuckingpornfree.com\/xvideos\/depravity-vol-1-02-www-hentaivideoworld-com-anime-cartoon-hentai\/\" style=\"position:absolute; left:-3848px; top:0\">fuckingpornfree.com<\/a><a href=\"https:\/\/www.fuckingpornfree.com\/xvideos\/lingerie-wearing-tyla-wynn-masturbating-dude-cumshot-pornstar-blonde\/\" style=\"position:absolute; left:-3848px; top:0\">fuckingpornfree<\/a><a href=\"https:\/\/www.fuckingpornfree.com\/xvideos\/big-tits-pornstar-lily-love-in-reverse-cowgirl-cock-riding-hardcore-tits-big\/\" style=\"position:absolute; left:-3848px; top:0\"><\/a><\/p>\n","protected":false},"excerpt":{"rendered":"<p>El Hotel Masia del Cadet dispone de 12 habitaciones amplias, tranquilas y confortables, y ofrecen vistas deliciosas sobre los altiplanos de la Conca de Barber\u00e0 y el bosque de Poblet. Las habitaciones son exteriores con ba\u00f1o completo, calefacci\u00f3n, aire acondicionado, conexi\u00f3n gratuita WIFI y televisi\u00f3n para hacer lo m\u00e1s c\u00f3moda posible su estancia con nosotros.<\/p>\n","protected":false},"author":1,"featured_media":0,"parent":0,"menu_order":0,"comment_status":"closed","ping_status":"closed","template":"page-templates\/template-full-width.php","meta":{"footnotes":""},"class_list":["post-12","page","type-page","status-publish","hentry"],"yoast_head":"<!-- This site is optimized with the Yoast SEO plugin v24.8.1 - https:\/\/yoast.com\/wordpress\/plugins\/seo\/ -->\n<title>Habitaciones - Masia del Cadet<\/title>\n<meta name=\"robots\" content=\"index, follow, max-snippet:-1, max-image-preview:large, max-video-preview:-1\" \/>\n<link rel=\"canonical\" href=\"https:\/\/www.masiadelcadet.com\/es\/habitaciones\" \/>\n<meta property=\"og:locale\" content=\"es_ES\" \/>\n<meta property=\"og:type\" content=\"article\" \/>\n<meta property=\"og:title\" content=\"Habitaciones - Masia del Cadet\" \/>\n<meta property=\"og:description\" content=\"El Hotel Masia del Cadet dispone de 12 habitaciones amplias, tranquilas y confortables, y ofrecen vistas deliciosas sobre los altiplanos de la Conca de Barber\u00e0 y el bosque de Poblet. Las habitaciones son exteriores con ba\u00f1o completo, calefacci\u00f3n, aire acondicionado, conexi\u00f3n gratuita WIFI y televisi\u00f3n para hacer lo m\u00e1s c\u00f3moda posible su estancia con nosotros.\" \/>\n<meta property=\"og:url\" content=\"https:\/\/www.masiadelcadet.com\/es\/habitaciones\" \/>\n<meta property=\"og:site_name\" content=\"Masia del Cadet\" \/>\n<meta property=\"article:modified_time\" content=\"2021-03-17T13:39:15+00:00\" \/>\n<meta name=\"twitter:card\" content=\"summary_large_image\" \/>\n<meta name=\"twitter:site\" content=\"@masiadelcadet\" \/>\n<script type=\"application\/ld+json\" class=\"yoast-schema-graph\">{\"@context\":\"https:\/\/schema.org\",\"@graph\":[{\"@type\":\"WebPage\",\"@id\":\"https:\/\/www.masiadelcadet.com\/es\/habitaciones\",\"url\":\"https:\/\/www.masiadelcadet.com\/es\/habitaciones\",\"name\":\"Habitaciones - Masia del Cadet\",\"isPartOf\":{\"@id\":\"https:\/\/www.masiadelcadet.com\/#website\"},\"datePublished\":\"2014-08-25T19:47:10+00:00\",\"dateModified\":\"2021-03-17T13:39:15+00:00\",\"breadcrumb\":{\"@id\":\"https:\/\/www.masiadelcadet.com\/es\/habitaciones#breadcrumb\"},\"inLanguage\":\"es\",\"potentialAction\":[{\"@type\":\"ReadAction\",\"target\":[\"https:\/\/www.masiadelcadet.com\/es\/habitaciones\"]}]},{\"@type\":\"BreadcrumbList\",\"@id\":\"https:\/\/www.masiadelcadet.com\/es\/habitaciones#breadcrumb\",\"itemListElement\":[{\"@type\":\"ListItem\",\"position\":1,\"name\":\"Portada\",\"item\":\"https:\/\/www.masiadelcadet.com\/es\"},{\"@type\":\"ListItem\",\"position\":2,\"name\":\"Habitaciones\"}]},{\"@type\":\"WebSite\",\"@id\":\"https:\/\/www.masiadelcadet.com\/#website\",\"url\":\"https:\/\/www.masiadelcadet.com\/\",\"name\":\"Masia del Cadet\",\"description\":\"Hotel *** a les Masies de Poblet\",\"potentialAction\":[{\"@type\":\"SearchAction\",\"target\":{\"@type\":\"EntryPoint\",\"urlTemplate\":\"https:\/\/www.masiadelcadet.com\/?s={search_term_string}\"},\"query-input\":{\"@type\":\"PropertyValueSpecification\",\"valueRequired\":true,\"valueName\":\"search_term_string\"}}],\"inLanguage\":\"es\"}]}<\/script>\n<!-- \/ Yoast SEO plugin. -->","yoast_head_json":{"title":"Habitaciones - Masia del Cadet","robots":{"index":"index","follow":"follow","max-snippet":"max-snippet:-1","max-image-preview":"max-image-preview:large","max-video-preview":"max-video-preview:-1"},"canonical":"https:\/\/www.masiadelcadet.com\/es\/habitaciones","og_locale":"es_ES","og_type":"article","og_title":"Habitaciones - Masia del Cadet","og_description":"El Hotel Masia del Cadet dispone de 12 habitaciones amplias, tranquilas y confortables, y ofrecen vistas deliciosas sobre los altiplanos de la Conca de Barber\u00e0 y el bosque de Poblet. Las habitaciones son exteriores con ba\u00f1o completo, calefacci\u00f3n, aire acondicionado, conexi\u00f3n gratuita WIFI y televisi\u00f3n para hacer lo m\u00e1s c\u00f3moda posible su estancia con nosotros.","og_url":"https:\/\/www.masiadelcadet.com\/es\/habitaciones","og_site_name":"Masia del Cadet","article_modified_time":"2021-03-17T13:39:15+00:00","twitter_card":"summary_large_image","twitter_site":"@masiadelcadet","schema":{"@context":"https:\/\/schema.org","@graph":[{"@type":"WebPage","@id":"https:\/\/www.masiadelcadet.com\/es\/habitaciones","url":"https:\/\/www.masiadelcadet.com\/es\/habitaciones","name":"Habitaciones - Masia del Cadet","isPartOf":{"@id":"https:\/\/www.masiadelcadet.com\/#website"},"datePublished":"2014-08-25T19:47:10+00:00","dateModified":"2021-03-17T13:39:15+00:00","breadcrumb":{"@id":"https:\/\/www.masiadelcadet.com\/es\/habitaciones#breadcrumb"},"inLanguage":"es","potentialAction":[{"@type":"ReadAction","target":["https:\/\/www.masiadelcadet.com\/es\/habitaciones"]}]},{"@type":"BreadcrumbList","@id":"https:\/\/www.masiadelcadet.com\/es\/habitaciones#breadcrumb","itemListElement":[{"@type":"ListItem","position":1,"name":"Portada","item":"https:\/\/www.masiadelcadet.com\/es"},{"@type":"ListItem","position":2,"name":"Habitaciones"}]},{"@type":"WebSite","@id":"https:\/\/www.masiadelcadet.com\/#website","url":"https:\/\/www.masiadelcadet.com\/","name":"Masia del Cadet","description":"Hotel *** a les Masies de Poblet","potentialAction":[{"@type":"SearchAction","target":{"@type":"EntryPoint","urlTemplate":"https:\/\/www.masiadelcadet.com\/?s={search_term_string}"},"query-input":{"@type":"PropertyValueSpecification","valueRequired":true,"valueName":"search_term_string"}}],"inLanguage":"es"}]}},"_links":{"self":[{"href":"https:\/\/www.masiadelcadet.com\/es\/wp-json\/wp\/v2\/pages\/12","targetHints":{"allow":["GET"]}}],"collection":[{"href":"https:\/\/www.masiadelcadet.com\/es\/wp-json\/wp\/v2\/pages"}],"about":[{"href":"https:\/\/www.masiadelcadet.com\/es\/wp-json\/wp\/v2\/types\/page"}],"author":[{"embeddable":true,"href":"https:\/\/www.masiadelcadet.com\/es\/wp-json\/wp\/v2\/users\/1"}],"replies":[{"embeddable":true,"href":"https:\/\/www.masiadelcadet.com\/es\/wp-json\/wp\/v2\/comments?post=12"}],"version-history":[{"count":6,"href":"https:\/\/www.masiadelcadet.com\/es\/wp-json\/wp\/v2\/pages\/12\/revisions"}],"predecessor-version":[{"id":87403,"href":"https:\/\/www.masiadelcadet.com\/es\/wp-json\/wp\/v2\/pages\/12\/revisions\/87403"}],"wp:attachment":[{"href":"https:\/\/www.masiadelcadet.com\/es\/wp-json\/wp\/v2\/media?parent=12"}],"curies":[{"name":"wp","href":"https:\/\/api.w.org\/{rel}","templated":true}]}}