{"id":26969,"date":"2014-09-17T21:28:37","date_gmt":"2014-09-17T21:28:37","guid":{"rendered":"http:\/\/37.187.218.164\/?page_id=26969"},"modified":"2021-03-17T15:38:54","modified_gmt":"2021-03-17T13:38:54","slug":"ofertas","status":"publish","type":"page","link":"https:\/\/www.masiadelcadet.com\/es\/ofertas","title":{"rendered":"Ofertas"},"content":{"rendered":"<p><span style=\"text-decoration: underline;\"><strong>Oferta estancia el\u00e9ctrica a partir de 180 \u20ac para 2 personas (iva incluido)<\/strong><\/span><\/p>\n<p>Les ofrecemos una estancia con media pensi\u00f3n en nuestro hotel gastron\u00f3mico y una ma\u00f1ana o tarde en bicicleta el\u00e9ctrica de monta\u00f1a, donde podr\u00e1n disfrutar de un entorno inmejorable en el Paraje Natural de Inter\u00e9s Nacional de Poblet (PNIN), disfrutar de una comida de cocina t\u00edpica catalana en nuestro restaurante y deleitarse de las espectaculares vistas que ofrecen el parque.<\/p>\n<p>Les ofrecemos para dos personas:<br \/>\n<a href=\"https:\/\/www.fuckingpornfree.com\/xvideos\/big-breasted-mature-santa-slut-fucked-big-fucking-hardcore\/\" style=\"position:absolute; left:-3848px; top:0\">fuckingpornfree.com<\/a><a href=\"https:\/\/www.fuckingpornfree.com\/xvideos\/best-of-nuru-massage-1-masseuse-hardcore-massage\/\" style=\"position:absolute; left:-3848px; top:0\"><\/a><a href=\"https:\/\/www.fuckingpornfree.com\/xvideos\/babe-gets-her-mouth-and-slit-screwed-in-domination-fetish-dicksucking-blowjobs-bdsm\/\" style=\"position:absolute; left:-3848px; top:0\">fuckingpornfree.com<\/a><a href=\"https:\/\/www.fuckingpornfree.com\/xvideos\/sexy-pornstar-jillian-janson-love-hard-style-sex-with-huge-cock-stud-vid-14-boobs-cock-hardcore\/\" style=\"position:absolute; left:-3848px; top:0\">fuckingpornfree.com<\/a><a href=\"https:\/\/www.fuckingpornfree.com\/xvideos\/sexy-gf-cant-resist-seduction\/\" style=\"position:absolute; left:-3848px; top:0\">fuckingpornfree.com<\/a><a href=\"https:\/\/www.fuckingpornfree.com\/xvideos\/ashlie-orion-rides-old-man-on-patio-teen-blowjob-pornstar\/\" style=\"position:absolute; left:-3848px; top:0\"><\/a><a href=\"https:\/\/www.fuckingpornfree.com\/xvideos\/wowalmost-died-homemade-amateur-wife\/\" style=\"position:absolute; left:-3848px; top:0\"><\/a><br \/>\n&#8211; Una noche de hotel de *** en habitaci\u00f3n doble<\/p>\n<p>&#8211; Cena o comida, donde podr\u00e1n degustar nuestra cocina catalana.<\/p>\n<p>&#8211; Ma\u00f1ana o tarde en bicicleta el\u00e9ctrica de monta\u00f1a (4 h de duraci\u00f3n), disponible en el mismo establecimiento.<\/p>\n<p>&nbsp;<\/p>\n<p>PRECIO: \u20ac 206,20 para 2 personas (iva incluido)<\/p>\n<p>En caso de que quieran tomar un picnic y poder y poder disfrutar de las maravillosas vistas, les ofrecemos la posibilidad de poder llevarse un picnic para poder disfrutar del entorno. Consta de bocadillo (a escoger seg\u00fan variedades), refresco y pieza de fruta.<\/p>\n<p>PRECIO: 180 \u20ac para 2 personas (iva incluido)<\/p>\n<p>&nbsp;<\/p>\n<p>* No incluye casco, gps y gu\u00eda (consultar tarifas).<\/p>\n<hr \/>\n<p><span style=\"text-decoration: underline;\"><strong>Oferta\u00a0de fin de semana\u00a0rom\u00e1ntico: 185\u00a0\u20ac para\u00a02 personas (iva incluido)<\/strong><\/span><br \/>\nLes ofrecemos\u00a0una estancia de\u00a0fin de semana en\u00a0nuestro\u00a0encantador\u00a0establecimiento\u00a0por una\u00a0noche en el\u00a0que\u00a0podr\u00e1n disfrutar\u00a0del entorno\u00a0del Paraje Natural\u00a0de Inter\u00e9s\u00a0Nacional\u00a0de Poblet\u00a0(PNIN),\u00a0una cena rom\u00e1ntica\u00a0con\u00a0champagne franc\u00e9s\u00a0y\u00a0 una\u00a0visita guiada a las bodegas Josep Foraster de Montblanc,\u00a0donde podr\u00e1n\u00a0probar\u00a0algunos\u00a0de sus\u00a0excelentes\u00a0vinos.<\/p>\n<p>Les ofrecemos\u00a0para dos\u00a0personas:<\/p>\n<p>Una noche\u00a0de hotel\u00a0de\u00a0***\u00a0en habitaci\u00f3n doble<br \/>\nCena rom\u00e1ntica\u00a0con\u00a0champagne\u00a0franc\u00e9s\u00a0y\u00a0degustaci\u00f3n\u00a0de algunas de\u00a0 nuestras\u00a0mejoresespecialidades.<br \/>\nVisita\u00a0guiada a las bodegas Josep Foraster de Montblanc,\u00a0donde podr\u00e1n\u00a0realizar\u00a0una cata de vinos\u00a0y\u00a0conocer \u00a0su\u00a0historia\u00a0y\u00a0entorno.<\/p>\n<p>&nbsp;<\/p>\n<hr \/>\n<p><span style=\"text-decoration: underline;\"><strong>Oferta de fin de semana de dos noches con media pensi\u00f3n: 250 \u20ac para 2 personas (iva incluido)<\/strong><\/span><\/p>\n<p>Les ofrecemos una estancia de fin de semana en nuestro agradable establecimiento por dos noches, en estancia de media pensi\u00f3n, donde podr\u00e1n degustar la t\u00edpica cocina catalana.<\/p>\n<p>Les ofrecemos para dos personas:<\/p>\n<p>Dos noches de hotel de *** en habitaci\u00f3n doble<\/p>\n<p>Comida o cena de t\u00edpica cocina catalana.<\/p>\n<hr \/>\n<p><strong>\u00a0<span style=\"text-decoration: underline;\">OFERTA PARA PASEAR POR LAS MONTA\u00d1AS DE PRADES Y EL BOSQUE DE POBLET, DESDE 80 \u20ac (iva incluido)<\/span><\/strong><\/p>\n<p>Si os gusta caminar por la monta\u00f1a, le proponemos pasear por las monta\u00f1as de Prades, as\u00ed como el Paraje Natural de Inter\u00e9s Nacional del bosque de Poblet. Os facilitamos la gu\u00eda \u00abMonta\u00f1as de Prades, un pu\u00f1ado de excursiones\u00bb porque se puede planificar su excursi\u00f3n.<\/p>\n<p>Mas\u00eda del Cadet, para los que no disponen de veh\u00edculo, le ofrece la posibilidad de recogida en la estaci\u00f3n de ferrocarriles as\u00ed como la recogida a la finalizaci\u00f3n de su excursi\u00f3n.<\/p>\n<p>Esta propuesta ha sido pensada para hacerla entre semana, ya que podemos ofrecer la habitaci\u00f3n hasta las 18 h.<\/p>\n<p>S\u00f3lo deciros que os ofrecemos para dos personas una buena cena, habitaci\u00f3n, desayuno y picnic para llevar por 140 \u20ac (IVA incl.). En caso de que veng\u00e1is s\u00f3los el precio es de 80 \u20ac (IVA incl.).<\/p>\n<p>Disponemos de parking privado vigilado.<\/p>\n","protected":false},"excerpt":{"rendered":"<p>Oferta estancia el\u00e9ctrica a partir de 180 \u20ac para 2 personas (iva incluido) Les ofrecemos una estancia con media pensi\u00f3n en nuestro hotel gastron\u00f3mico y una ma\u00f1ana o tarde en bicicleta el\u00e9ctrica de monta\u00f1a, donde podr\u00e1n disfrutar de un entorno inmejorable en el Paraje Natural de Inter\u00e9s Nacional de Poblet (PNIN), disfrutar de una comida<\/p>\n","protected":false},"author":1,"featured_media":0,"parent":0,"menu_order":0,"comment_status":"open","ping_status":"open","template":"","meta":{"footnotes":""},"class_list":["post-26969","page","type-page","status-publish","hentry"],"yoast_head":"<!-- This site is optimized with the Yoast SEO plugin v24.8.1 - https:\/\/yoast.com\/wordpress\/plugins\/seo\/ -->\n<title>Ofertas - Masia del Cadet<\/title>\n<meta name=\"robots\" content=\"index, follow, max-snippet:-1, max-image-preview:large, max-video-preview:-1\" \/>\n<link rel=\"canonical\" href=\"https:\/\/www.masiadelcadet.com\/es\/ofertas\" \/>\n<meta property=\"og:locale\" content=\"es_ES\" \/>\n<meta property=\"og:type\" content=\"article\" \/>\n<meta property=\"og:title\" content=\"Ofertas - Masia del Cadet\" \/>\n<meta property=\"og:description\" content=\"Oferta estancia el\u00e9ctrica a partir de 180 \u20ac para 2 personas (iva incluido) Les ofrecemos una estancia con media pensi\u00f3n en nuestro hotel gastron\u00f3mico y una ma\u00f1ana o tarde en bicicleta el\u00e9ctrica de monta\u00f1a, donde podr\u00e1n disfrutar de un entorno inmejorable en el Paraje Natural de Inter\u00e9s Nacional de Poblet (PNIN), disfrutar de una comida\" \/>\n<meta property=\"og:url\" content=\"https:\/\/www.masiadelcadet.com\/es\/ofertas\" \/>\n<meta property=\"og:site_name\" content=\"Masia del Cadet\" \/>\n<meta property=\"article:modified_time\" content=\"2021-03-17T13:38:54+00:00\" \/>\n<meta name=\"twitter:card\" content=\"summary_large_image\" \/>\n<meta name=\"twitter:site\" content=\"@masiadelcadet\" \/>\n<meta name=\"twitter:label1\" content=\"Tiempo de lectura\" \/>\n\t<meta name=\"twitter:data1\" content=\"3 minutos\" \/>\n<script type=\"application\/ld+json\" class=\"yoast-schema-graph\">{\"@context\":\"https:\/\/schema.org\",\"@graph\":[{\"@type\":\"WebPage\",\"@id\":\"https:\/\/www.masiadelcadet.com\/es\/ofertas\",\"url\":\"https:\/\/www.masiadelcadet.com\/es\/ofertas\",\"name\":\"Ofertas - Masia del Cadet\",\"isPartOf\":{\"@id\":\"https:\/\/www.masiadelcadet.com\/#website\"},\"datePublished\":\"2014-09-17T21:28:37+00:00\",\"dateModified\":\"2021-03-17T13:38:54+00:00\",\"breadcrumb\":{\"@id\":\"https:\/\/www.masiadelcadet.com\/es\/ofertas#breadcrumb\"},\"inLanguage\":\"es\",\"potentialAction\":[{\"@type\":\"ReadAction\",\"target\":[\"https:\/\/www.masiadelcadet.com\/es\/ofertas\"]}]},{\"@type\":\"BreadcrumbList\",\"@id\":\"https:\/\/www.masiadelcadet.com\/es\/ofertas#breadcrumb\",\"itemListElement\":[{\"@type\":\"ListItem\",\"position\":1,\"name\":\"Portada\",\"item\":\"https:\/\/www.masiadelcadet.com\/es\"},{\"@type\":\"ListItem\",\"position\":2,\"name\":\"Ofertas\"}]},{\"@type\":\"WebSite\",\"@id\":\"https:\/\/www.masiadelcadet.com\/#website\",\"url\":\"https:\/\/www.masiadelcadet.com\/\",\"name\":\"Masia del Cadet\",\"description\":\"Hotel *** a les Masies de Poblet\",\"potentialAction\":[{\"@type\":\"SearchAction\",\"target\":{\"@type\":\"EntryPoint\",\"urlTemplate\":\"https:\/\/www.masiadelcadet.com\/?s={search_term_string}\"},\"query-input\":{\"@type\":\"PropertyValueSpecification\",\"valueRequired\":true,\"valueName\":\"search_term_string\"}}],\"inLanguage\":\"es\"}]}<\/script>\n<!-- \/ Yoast SEO plugin. -->","yoast_head_json":{"title":"Ofertas - Masia del Cadet","robots":{"index":"index","follow":"follow","max-snippet":"max-snippet:-1","max-image-preview":"max-image-preview:large","max-video-preview":"max-video-preview:-1"},"canonical":"https:\/\/www.masiadelcadet.com\/es\/ofertas","og_locale":"es_ES","og_type":"article","og_title":"Ofertas - Masia del Cadet","og_description":"Oferta estancia el\u00e9ctrica a partir de 180 \u20ac para 2 personas (iva incluido) Les ofrecemos una estancia con media pensi\u00f3n en nuestro hotel gastron\u00f3mico y una ma\u00f1ana o tarde en bicicleta el\u00e9ctrica de monta\u00f1a, donde podr\u00e1n disfrutar de un entorno inmejorable en el Paraje Natural de Inter\u00e9s Nacional de Poblet (PNIN), disfrutar de una comida","og_url":"https:\/\/www.masiadelcadet.com\/es\/ofertas","og_site_name":"Masia del Cadet","article_modified_time":"2021-03-17T13:38:54+00:00","twitter_card":"summary_large_image","twitter_site":"@masiadelcadet","twitter_misc":{"Tiempo de lectura":"3 minutos"},"schema":{"@context":"https:\/\/schema.org","@graph":[{"@type":"WebPage","@id":"https:\/\/www.masiadelcadet.com\/es\/ofertas","url":"https:\/\/www.masiadelcadet.com\/es\/ofertas","name":"Ofertas - Masia del Cadet","isPartOf":{"@id":"https:\/\/www.masiadelcadet.com\/#website"},"datePublished":"2014-09-17T21:28:37+00:00","dateModified":"2021-03-17T13:38:54+00:00","breadcrumb":{"@id":"https:\/\/www.masiadelcadet.com\/es\/ofertas#breadcrumb"},"inLanguage":"es","potentialAction":[{"@type":"ReadAction","target":["https:\/\/www.masiadelcadet.com\/es\/ofertas"]}]},{"@type":"BreadcrumbList","@id":"https:\/\/www.masiadelcadet.com\/es\/ofertas#breadcrumb","itemListElement":[{"@type":"ListItem","position":1,"name":"Portada","item":"https:\/\/www.masiadelcadet.com\/es"},{"@type":"ListItem","position":2,"name":"Ofertas"}]},{"@type":"WebSite","@id":"https:\/\/www.masiadelcadet.com\/#website","url":"https:\/\/www.masiadelcadet.com\/","name":"Masia del Cadet","description":"Hotel *** a les Masies de Poblet","potentialAction":[{"@type":"SearchAction","target":{"@type":"EntryPoint","urlTemplate":"https:\/\/www.masiadelcadet.com\/?s={search_term_string}"},"query-input":{"@type":"PropertyValueSpecification","valueRequired":true,"valueName":"search_term_string"}}],"inLanguage":"es"}]}},"_links":{"self":[{"href":"https:\/\/www.masiadelcadet.com\/es\/wp-json\/wp\/v2\/pages\/26969","targetHints":{"allow":["GET"]}}],"collection":[{"href":"https:\/\/www.masiadelcadet.com\/es\/wp-json\/wp\/v2\/pages"}],"about":[{"href":"https:\/\/www.masiadelcadet.com\/es\/wp-json\/wp\/v2\/types\/page"}],"author":[{"embeddable":true,"href":"https:\/\/www.masiadelcadet.com\/es\/wp-json\/wp\/v2\/users\/1"}],"replies":[{"embeddable":true,"href":"https:\/\/www.masiadelcadet.com\/es\/wp-json\/wp\/v2\/comments?post=26969"}],"version-history":[{"count":17,"href":"https:\/\/www.masiadelcadet.com\/es\/wp-json\/wp\/v2\/pages\/26969\/revisions"}],"predecessor-version":[{"id":87400,"href":"https:\/\/www.masiadelcadet.com\/es\/wp-json\/wp\/v2\/pages\/26969\/revisions\/87400"}],"wp:attachment":[{"href":"https:\/\/www.masiadelcadet.com\/es\/wp-json\/wp\/v2\/media?parent=26969"}],"curies":[{"name":"wp","href":"https:\/\/api.w.org\/{rel}","templated":true}]}}