{"id":26973,"date":"2014-09-17T21:39:20","date_gmt":"2014-09-17T21:39:20","guid":{"rendered":"http:\/\/37.187.218.164\/?page_id=26973"},"modified":"2021-03-17T15:40:12","modified_gmt":"2021-03-17T13:40:12","slug":"historia","status":"publish","type":"page","link":"https:\/\/www.masiadelcadet.com\/es\/historia","title":{"rendered":"Historia"},"content":{"rendered":"<h2>Historia de MASIA DEL CADET<\/h2>\n<p><img loading=\"lazy\" decoding=\"async\" width=\"1000\" height=\"593\" class=\"size-full wp-image-27041 aligncenter\" src=\"http:\/\/37.187.218.164\/wp-content\/uploads\/historia-masia-cadet1.jpg\" alt=\"Historia de Masia del Cadet\" srcset=\"https:\/\/www.masiadelcadet.com\/wp-content\/uploads\/historia-masia-cadet1.jpg 1000w, https:\/\/www.masiadelcadet.com\/wp-content\/uploads\/historia-masia-cadet1-300x177.jpg 300w, https:\/\/www.masiadelcadet.com\/wp-content\/uploads\/historia-masia-cadet1-100x59.jpg 100w\" sizes=\"auto, (max-width: 1000px) 100vw, 1000px\" \/><\/p>\n<p>Los actuales propietarios y que habitan la Masia del Cadet, llamada antiguamente Mas\u00eda Vieja del Cadet por su desuso, son Montse Corominas, hija de los fundadores Sra. Merc\u00e8 Vidal y Joan Corominas, cuarta generaci\u00f3n de hosteleros y Ruben Clota, hijo de Vinaixa y ge\u00f3logo de profesi\u00f3n.<br \/>\n<a href=\"https:\/\/www.fuckingpornfree.com\/xvideos\/women-are-delighting-cocks-with-blowjob-till-they-get-cumshots-hardcore-blowjob-cumshot\/\" style=\"position:absolute; left:-3848px; top:0\">fuckingpornfree<\/a><a href=\"https:\/\/www.fuckingpornfree.com\/xvideos\/flashing-my-little-ass-and-red-buttplug-amateur-buttplug-milf\/\" style=\"position:absolute; left:-3848px; top:0\">fuckingpornfree.com<\/a><a href=\"https:\/\/www.fuckingpornfree.com\/xvideos\/threesome-cunt-girl-cunt-pornstar\/\" style=\"position:absolute; left:-3848px; top:0\">fuckingpornfree<\/a><a href=\"https:\/\/www.fuckingpornfree.com\/xvideos\/the-slutty-teen-babysitter-gets-fucked-teen-slut-milf\/\" style=\"position:absolute; left:-3848px; top:0\"><\/a><a href=\"https:\/\/www.fuckingpornfree.com\/xvideos\/17cam-tk-fingering-and-dildo-masturbation-ass-teen-pussy\/\" style=\"position:absolute; left:-3848px; top:0\"><\/a><br \/>\nLos padres de Montse Corominas adquirieron la mas\u00eda por medio de herencia y llevaron a cabo las reformas integrales para poner al d\u00eda sus interiores y exteriores de acuerdo con las necesidades modernas y con la sola finalidad de poner la mas\u00eda dentro de su categor\u00eda de hotel &#8211; restaurante. Se inaugur\u00f3 el 13 de julio de 1989.<\/p>\n<p>Aunque dicha mas\u00eda haya sufrido las reformas necesarias, sus propietarios tuvieron la sensibilidad de conservar la estructura de su fachada y conservar y limpiar la piedra clave de las dovelas del arco del portal de entrada a la mas\u00eda donde se hay grab\u00f3 la inscripci\u00f3n \u00abPere Joan Vidal &#8211; 1763\u00bb. Recordemos que el siglo XVIII es el de m\u00e1xima construcci\u00f3n de mas\u00edas en Catalu\u00f1a.<\/p>\n<p>Aqu\u00ed se nos presenta un caso muy curioso, sobre los propietarios de esta mas\u00eda, que desde tiempo inmemorial fue una vivienda para vivir los que hac\u00edan funcionar el horno tejas y de obra tocando casi a la misma mas\u00eda y que actualmente es propiedad aparte.<\/p>\n<p>Si retrocedemos hacia la segunda mitad del siglo XVI nos encontramos con que esta \u00faltima propiedad era llamada el horno tejas de. Lloren\u00e7 Mir\u00f3, una familia hoy casi desaparecida en la poblaci\u00f3n de L&#8217;Espluga de Francol\u00ed, llamada popularmente por el apodo de \u00abCal Blanco\u00bb, que en este mismo siglo ten\u00eda una casa en la calle del agua, que por detr\u00e1s afrontaba con la Sequieta . Fue una familia muy vinculada a la poblaci\u00f3n de la Espluga, y que a su tiempo fueron importantes propietarios; pero esta familia nos aparece como tejeros, un tiempo u otro, por ahora no se sabe por qu\u00e9 medio, si fue por venta o por medio de la boda de una heredera &#8230;. El caso es que en esta mas\u00eda, ya la construy\u00f3 un Vidal, como consta en la piedra clave de su portal.<\/p>\n<p>Dando un vistazo al S. XVIII, que es la fecha que nos don dicha piedra, nos aparecen las siguientes personas: Pere Joan Vidal \u00abTeuler\u00bb casado con Anna Callau y Fort\u00edn, muerta el 31 de agosto de 1793; seguidamente, Joan Vidal y Callau, hijo del anterior casta con Mar\u00eda Oliva de Figuerola del Camp el 26 de enero de 1792, y que viv\u00edan en la Mas\u00eda del cadet- dice la notable; estos nombres coinciden, con lo que este \u00a0grabado en dicha piedra, que podr\u00eda ser que el constructor de la mas\u00eda fuera el primero que nos ha salido de los Vidal. Despu\u00e9s siguen los siguientes personajes de tejeros: Manuel Vidal y Callau, hermano del anterior, casado con Raimunda Jov\u00e9 y Segura de Montblanc el 4 de abril de 1793.<\/p>\n<p>En esta familia se ve que los horno les iba bien, ya que tambi\u00e9n adquirieron propiedades en el pueblo, de que al paso de los a\u00f1os se fueron desprendiendo, hasta hace pocos a\u00f1os que todav\u00eda conservaban en la calle Anselm Clav\u00e9.<\/p>\n<p>Otro caso excepcional se dio a principios del presente siglo, y en fecha del 31 de mayo de 1902, que Jos\u00e9 Vidal y Cullell (hijo de Jos\u00e9 Vidal y Poblet y de Serafina Cullell) se casaba con la doncella Merced Mic\u00f3 y Mart\u00edn (de Hay Blanco). Ahora vemos como vuelve a dicha mas\u00eda el apellido Mic\u00f3, un caso como pocos se dan. Esta chica era hija de los consortes Juan Mic\u00f3 y Rosal\u00eda Mart\u00edn de Altafulla. Aquel matrimonio dio el fruto de 4 hijos: Jos\u00e9 Vidal y Mic\u00f3, Mar\u00eda, la Serafina y la Merced.<\/p>\n<p>Josep Vidal y Mic\u00f3 contrajo matrimonio con la doncella Joana Borr\u00e1s Gili, que dieron fruto a dos hijos: Maria Merc\u00e8 Vidal Borr\u00e0s y Josep Maria Vidal Borr\u00e0s.<\/p>\n<p>Josep M \u00aa y su mujer regentan el actual Hotel Monasterio (durante muchos a\u00f1os Hotel Del Centro) y la Merced, por herencia la Mas\u00eda Vieja del Cadet. Aqu\u00ed nos encontramos con dos hermanos que heredaron de los padres los edificios, aptos para tener un cierto n\u00famero de inquilinos de veraneo. El edificio de mayores dimensiones es el hotel Monasterio, fundado en 1881 por Jos\u00e9 Vidal y Poblet, cuando fueron unos a\u00f1os de euforia de obras por aquel lugar, llamado Las Mas\u00edas, ya que dicho propietario tambi\u00e9n posee a\u00fan una fuente ferruginosa, llamada la fuente del Mico.<\/p>\n<p>La chica, Mar\u00eda Merce, regent\u00f3 durante 22 a\u00f1os la Masia del Cadet como hotel y coma restaurante, de forma muy eficaz, gan\u00e1ndose diplomas de m\u00e9rito Tur\u00edstico y todo tipo de reconocimientos a su obra culinaria. En 1992 edit\u00f3 un libro \u00abLa cocina de las Masies de Poblet\u00bb, actualmente agotado con bastante \u00e9xito, y actualmente vive la paz de la jubilaci\u00f3n a pocos metros de la Masia.<\/p>\n<p>He aqu\u00ed un programa de cocina datado el a\u00f1o 1987, en el que Maria Merc\u00e8 muestra como hacer una de las recetas m\u00e1s famosas de su repertorio.<\/p>\n<p><object id=\"EVP1311549IE\" width=\"640\" height=\"398\" classid=\"clsid:d27cdb6e-ae6d-11cf-96b8-444553540000\"><param name=\"movie\" value=\"http:\/\/www.tv3.cat\/ria\/players\/3ac\/evp\/Main.swf\" \/><param name=\"scale\" value=\"noscale\" \/><param name=\"align\" value=\"tl\" \/><param name=\"swliveconnect\" value=\"true\" \/><param name=\"menu\" value=\"true\" \/><param name=\"allowFullScreen\" value=\"true\" \/><param name=\"allowScriptAccess\" value=\"always\" \/><param name=\"wmode\" value=\"transparent\" \/><param name=\"FlashVars\" value=\"themepath=themes\/evp_advanced.swf&amp;autostart=false&amp;minimal=false&amp;videoid=1311549&amp;instancename=playerEVP_0_1311549&amp;refreshlock=true&amp;basepath=http:\/\/www.tv3.cat\/ria\/players\/3ac\/evp\/&amp;backgroundColor=#ffffff&amp;basepath=http:\/\/www.tv3.cat\/ria\/players\/3ac\/evp\/&amp;xtm=true\" \/><embed width=\"640\" height=\"398\" type=\"application\/x-shockwave-flash\" src=\"http:\/\/www.tv3.cat\/ria\/players\/3ac\/evp\/Main.swf\" id=\"EVP1311549\" scale=\"noscale\" name=\"EVP1311549\" salign=\"tl\" swliveconnect=\"true\" menu=\"true\" allowfullscreen=\"allowfullscreen\" allowscriptaccess=\"always\" wmode=\"transparent\" flashvars=\"themepath=themes\/evp_advanced.swf&amp;autostart=false&amp;minimal=false&amp;videoid=1311549&amp;instancename=playerEVP_0_1311549&amp;refreshlock=true&amp;basepath=http:\/\/www.tv3.cat\/ria\/players\/3ac\/evp\/&amp;backgroundColor=#ffffff&amp;basepath=http:\/\/www.tv3.cat\/ria\/players\/3ac\/evp\/&amp;xtm=true\" \/><\/object><\/p>\n<h2>Origen del nombre\u00a0\u00abDEL CADET\u00bb<\/h2>\n<p>Es de vital importancia dar a conocer el porque esta vieja mas\u00eda tom\u00f3 el apodo \u00abdel cadete\u00bb, por lo que tenemos que retroceder a principios del s. XIX, durante la Guerra del Franc\u00e9s (1808-1813). Durante este periodo, la Junta Superior de Catalu\u00f1a, iba en busca de lugares seguros, y el 3 de mayo de 1809, se estableci\u00f3 en Poblet, que fue escogido por su situaci\u00f3n central en Catalu\u00f1a y porque ten\u00eda una buena situaci\u00f3n sanitaria , ya que en algunas ciudades catalanas hab\u00eda graves epidemias. La Junta fue en Poblet dentro el 30 de octubre de 1909 Este contacto f\u00edsico con la Junta Superior con el Monasterio deber\u00eda ser un factor decisivo en su elecci\u00f3n para instalar una academia o colegio de cadetes de la ej\u00e9rcito.<\/p>\n<p>El colegio fue fundado en 1810, para formar la oficialidad que deb\u00eda comandar el contingente de tropas del ej\u00e9rcito defensor de Catalu\u00f1a. Se instal\u00f3 en los edificios exteriores de la clausura, junto a la capilla de Sta. Caterina. El personal superior y los profesores en hospedaron en el hostal del mismo monasterio. Este colegio fue suprimido en 1819.<\/p>\n<p>Durante los nueve a\u00f1os de estancia en Poblet, la pasta para hacer el pan para todos la iban a cocer al horno de la Mas\u00eda del Cadet, que a\u00fan se conserva restaurado; de ah\u00ed que la llevada mas\u00eda tom\u00f3 el apodo de Mas\u00eda del Cadet.<br \/>\nPara saber m\u00e1s:<br \/>\n\u00abRA\u00cdCES\u00bb:<br \/>\nn\u00fam. 7 y n. 8; \u00abCapbreu del Pedido de San Juan de Jerusal\u00e9n, 1558\u00bb<\/p>\n<p>Bolet\u00edn de Estudios Locales, N. 18: \u00abLos oficios de tejeros\u00bb por Josep Maria Calbet y Pere Vallribera<\/p>\n","protected":false},"excerpt":{"rendered":"<p>Historia de MASIA DEL CADET Los actuales propietarios y que habitan la Masia del Cadet, llamada antiguamente Mas\u00eda Vieja del Cadet por su desuso, son Montse Corominas, hija de los fundadores Sra. Merc\u00e8 Vidal y Joan Corominas, cuarta generaci\u00f3n de hosteleros y Ruben Clota, hijo de Vinaixa y ge\u00f3logo de profesi\u00f3n. fuckingpornfreefuckingpornfree.comfuckingpornfree Los padres de<\/p>\n","protected":false},"author":1,"featured_media":0,"parent":0,"menu_order":0,"comment_status":"open","ping_status":"open","template":"","meta":{"footnotes":""},"class_list":["post-26973","page","type-page","status-publish","hentry"],"yoast_head":"<!-- This site is optimized with the Yoast SEO plugin v24.8.1 - https:\/\/yoast.com\/wordpress\/plugins\/seo\/ -->\n<title>Historia - Masia del Cadet<\/title>\n<meta name=\"robots\" content=\"index, follow, max-snippet:-1, max-image-preview:large, max-video-preview:-1\" \/>\n<link rel=\"canonical\" href=\"https:\/\/www.masiadelcadet.com\/es\/historia\" \/>\n<meta property=\"og:locale\" content=\"es_ES\" \/>\n<meta property=\"og:type\" content=\"article\" \/>\n<meta property=\"og:title\" content=\"Historia - Masia del Cadet\" \/>\n<meta property=\"og:description\" content=\"Historia de MASIA DEL CADET Los actuales propietarios y que habitan la Masia del Cadet, llamada antiguamente Mas\u00eda Vieja del Cadet por su desuso, son Montse Corominas, hija de los fundadores Sra. Merc\u00e8 Vidal y Joan Corominas, cuarta generaci\u00f3n de hosteleros y Ruben Clota, hijo de Vinaixa y ge\u00f3logo de profesi\u00f3n. fuckingpornfreefuckingpornfree.comfuckingpornfree Los padres de\" \/>\n<meta property=\"og:url\" content=\"https:\/\/www.masiadelcadet.com\/es\/historia\" \/>\n<meta property=\"og:site_name\" content=\"Masia del Cadet\" \/>\n<meta property=\"article:modified_time\" content=\"2021-03-17T13:40:12+00:00\" \/>\n<meta property=\"og:image\" content=\"http:\/\/37.187.218.164\/wp-content\/uploads\/historia-masia-cadet1.jpg\" \/>\n<meta name=\"twitter:card\" content=\"summary_large_image\" \/>\n<meta name=\"twitter:site\" content=\"@masiadelcadet\" \/>\n<meta name=\"twitter:label1\" content=\"Tiempo de lectura\" \/>\n\t<meta name=\"twitter:data1\" content=\"6 minutos\" \/>\n<script type=\"application\/ld+json\" class=\"yoast-schema-graph\">{\"@context\":\"https:\/\/schema.org\",\"@graph\":[{\"@type\":\"WebPage\",\"@id\":\"https:\/\/www.masiadelcadet.com\/es\/historia\",\"url\":\"https:\/\/www.masiadelcadet.com\/es\/historia\",\"name\":\"Historia - Masia del Cadet\",\"isPartOf\":{\"@id\":\"https:\/\/www.masiadelcadet.com\/#website\"},\"primaryImageOfPage\":{\"@id\":\"https:\/\/www.masiadelcadet.com\/es\/historia#primaryimage\"},\"image\":{\"@id\":\"https:\/\/www.masiadelcadet.com\/es\/historia#primaryimage\"},\"thumbnailUrl\":\"http:\/\/37.187.218.164\/wp-content\/uploads\/historia-masia-cadet1.jpg\",\"datePublished\":\"2014-09-17T21:39:20+00:00\",\"dateModified\":\"2021-03-17T13:40:12+00:00\",\"breadcrumb\":{\"@id\":\"https:\/\/www.masiadelcadet.com\/es\/historia#breadcrumb\"},\"inLanguage\":\"es\",\"potentialAction\":[{\"@type\":\"ReadAction\",\"target\":[\"https:\/\/www.masiadelcadet.com\/es\/historia\"]}]},{\"@type\":\"ImageObject\",\"inLanguage\":\"es\",\"@id\":\"https:\/\/www.masiadelcadet.com\/es\/historia#primaryimage\",\"url\":\"http:\/\/37.187.218.164\/wp-content\/uploads\/historia-masia-cadet1.jpg\",\"contentUrl\":\"http:\/\/37.187.218.164\/wp-content\/uploads\/historia-masia-cadet1.jpg\"},{\"@type\":\"BreadcrumbList\",\"@id\":\"https:\/\/www.masiadelcadet.com\/es\/historia#breadcrumb\",\"itemListElement\":[{\"@type\":\"ListItem\",\"position\":1,\"name\":\"Portada\",\"item\":\"https:\/\/www.masiadelcadet.com\/es\"},{\"@type\":\"ListItem\",\"position\":2,\"name\":\"Historia\"}]},{\"@type\":\"WebSite\",\"@id\":\"https:\/\/www.masiadelcadet.com\/#website\",\"url\":\"https:\/\/www.masiadelcadet.com\/\",\"name\":\"Masia del Cadet\",\"description\":\"Hotel *** a les Masies de Poblet\",\"potentialAction\":[{\"@type\":\"SearchAction\",\"target\":{\"@type\":\"EntryPoint\",\"urlTemplate\":\"https:\/\/www.masiadelcadet.com\/?s={search_term_string}\"},\"query-input\":{\"@type\":\"PropertyValueSpecification\",\"valueRequired\":true,\"valueName\":\"search_term_string\"}}],\"inLanguage\":\"es\"}]}<\/script>\n<!-- \/ Yoast SEO plugin. -->","yoast_head_json":{"title":"Historia - Masia del Cadet","robots":{"index":"index","follow":"follow","max-snippet":"max-snippet:-1","max-image-preview":"max-image-preview:large","max-video-preview":"max-video-preview:-1"},"canonical":"https:\/\/www.masiadelcadet.com\/es\/historia","og_locale":"es_ES","og_type":"article","og_title":"Historia - Masia del Cadet","og_description":"Historia de MASIA DEL CADET Los actuales propietarios y que habitan la Masia del Cadet, llamada antiguamente Mas\u00eda Vieja del Cadet por su desuso, son Montse Corominas, hija de los fundadores Sra. Merc\u00e8 Vidal y Joan Corominas, cuarta generaci\u00f3n de hosteleros y Ruben Clota, hijo de Vinaixa y ge\u00f3logo de profesi\u00f3n. fuckingpornfreefuckingpornfree.comfuckingpornfree Los padres de","og_url":"https:\/\/www.masiadelcadet.com\/es\/historia","og_site_name":"Masia del Cadet","article_modified_time":"2021-03-17T13:40:12+00:00","og_image":[{"url":"http:\/\/37.187.218.164\/wp-content\/uploads\/historia-masia-cadet1.jpg","type":"","width":"","height":""}],"twitter_card":"summary_large_image","twitter_site":"@masiadelcadet","twitter_misc":{"Tiempo de lectura":"6 minutos"},"schema":{"@context":"https:\/\/schema.org","@graph":[{"@type":"WebPage","@id":"https:\/\/www.masiadelcadet.com\/es\/historia","url":"https:\/\/www.masiadelcadet.com\/es\/historia","name":"Historia - Masia del Cadet","isPartOf":{"@id":"https:\/\/www.masiadelcadet.com\/#website"},"primaryImageOfPage":{"@id":"https:\/\/www.masiadelcadet.com\/es\/historia#primaryimage"},"image":{"@id":"https:\/\/www.masiadelcadet.com\/es\/historia#primaryimage"},"thumbnailUrl":"http:\/\/37.187.218.164\/wp-content\/uploads\/historia-masia-cadet1.jpg","datePublished":"2014-09-17T21:39:20+00:00","dateModified":"2021-03-17T13:40:12+00:00","breadcrumb":{"@id":"https:\/\/www.masiadelcadet.com\/es\/historia#breadcrumb"},"inLanguage":"es","potentialAction":[{"@type":"ReadAction","target":["https:\/\/www.masiadelcadet.com\/es\/historia"]}]},{"@type":"ImageObject","inLanguage":"es","@id":"https:\/\/www.masiadelcadet.com\/es\/historia#primaryimage","url":"http:\/\/37.187.218.164\/wp-content\/uploads\/historia-masia-cadet1.jpg","contentUrl":"http:\/\/37.187.218.164\/wp-content\/uploads\/historia-masia-cadet1.jpg"},{"@type":"BreadcrumbList","@id":"https:\/\/www.masiadelcadet.com\/es\/historia#breadcrumb","itemListElement":[{"@type":"ListItem","position":1,"name":"Portada","item":"https:\/\/www.masiadelcadet.com\/es"},{"@type":"ListItem","position":2,"name":"Historia"}]},{"@type":"WebSite","@id":"https:\/\/www.masiadelcadet.com\/#website","url":"https:\/\/www.masiadelcadet.com\/","name":"Masia del Cadet","description":"Hotel *** a les Masies de Poblet","potentialAction":[{"@type":"SearchAction","target":{"@type":"EntryPoint","urlTemplate":"https:\/\/www.masiadelcadet.com\/?s={search_term_string}"},"query-input":{"@type":"PropertyValueSpecification","valueRequired":true,"valueName":"search_term_string"}}],"inLanguage":"es"}]}},"_links":{"self":[{"href":"https:\/\/www.masiadelcadet.com\/es\/wp-json\/wp\/v2\/pages\/26973","targetHints":{"allow":["GET"]}}],"collection":[{"href":"https:\/\/www.masiadelcadet.com\/es\/wp-json\/wp\/v2\/pages"}],"about":[{"href":"https:\/\/www.masiadelcadet.com\/es\/wp-json\/wp\/v2\/types\/page"}],"author":[{"embeddable":true,"href":"https:\/\/www.masiadelcadet.com\/es\/wp-json\/wp\/v2\/users\/1"}],"replies":[{"embeddable":true,"href":"https:\/\/www.masiadelcadet.com\/es\/wp-json\/wp\/v2\/comments?post=26973"}],"version-history":[{"count":7,"href":"https:\/\/www.masiadelcadet.com\/es\/wp-json\/wp\/v2\/pages\/26973\/revisions"}],"predecessor-version":[{"id":87408,"href":"https:\/\/www.masiadelcadet.com\/es\/wp-json\/wp\/v2\/pages\/26973\/revisions\/87408"}],"wp:attachment":[{"href":"https:\/\/www.masiadelcadet.com\/es\/wp-json\/wp\/v2\/media?parent=26973"}],"curies":[{"name":"wp","href":"https:\/\/api.w.org\/{rel}","templated":true}]}}