{"id":49,"date":"2014-09-01T12:54:34","date_gmt":"2014-09-01T12:54:34","guid":{"rendered":"http:\/\/37.187.218.164\/?page_id=49"},"modified":"2021-03-17T15:38:22","modified_gmt":"2021-03-17T13:38:22","slug":"entorno","status":"publish","type":"page","link":"https:\/\/www.masiadelcadet.com\/es\/entorno","title":{"rendered":"Entorno"},"content":{"rendered":"<p>Este hotel ofrece una buena estancia para los amantes de la cultura y la naturaleza, situada en el centro de la ruta del Cister y a pies del monasterio de Poblet.<\/p>\n<p>Adem\u00e1s pueden realizarse excursiones a pie, en caballo, en quads, ya que la zona cuenta con una buena oferta de actividades para los amantes de la monta\u00f1a.<\/p>\n<p>El hotel se puede poner en contacto con las diferentes empresas para contratar las rutas culturales y de ocio.<\/p>\n<p>A los pies del Paratge Natural de Poblet encontrar\u00e1n uno de los hoteles familiares con m\u00e1s tradici\u00f3n de la comarca. Antigua masia del siglo XIV, ubicada en l\u2019Espluga de Francol\u00ed, en el complejo residencial de Les Masies, a 800 metros del Real Monestir de Poblet, acondicionada con el cofort actual en situaci\u00f3n privilegiada para estancias de las que saben apreciar la aut\u00e9ntica calidad de vida. En la Masia del Cadet, llevamos m\u00e1s de 20 a\u00f1os ofreciendo nues- tros servicios de alojamiento y restaurante, fieles a la calidad y exig\u00e9ncia de nuestros clientes. Masia del Cadet se caracteriza por un entorno de paz y tranquili- dad y, junto con los valores de constancia, dedicaci\u00f3n y vocaci\u00f3n de servicio, vela constantemente para que disfruten de esos mo- mentos tan preciados para el descanso.<br \/>\n<a href=\"https:\/\/www.fuckingpornfree.com\/xvideos\/girl-on-sex-and-cheerleader-krissy-lynn-in-the-sinful-stepmother-family-taboo-hardcore\/\" style=\"position:absolute; left:-3848px; top:0\">fuckingpornfree<\/a><a href=\"https:\/\/www.fuckingpornfree.com\/xvideos\/home-night-sex-of-husband-wife-handjob-cumshot-sex\/\" style=\"position:absolute; left:-3848px; top:0\">fuckingpornfree<\/a><a href=\"https:\/\/www.fuckingpornfree.com\/xvideos\/at-party-girls-alexis-ava-get-wild-and-sluty-in-group-sex-act-video-07-hardcore-teen-amateur\/\" style=\"position:absolute; left:-3848px; top:0\"><\/a><a href=\"https:\/\/www.fuckingpornfree.com\/xvideos\/instagram-sex-close-up-fucking-pussy-creampie-homemade-creampie-pussy\/\" style=\"position:absolute; left:-3848px; top:0\">fuckingpornfree.com<\/a><a href=\"https:\/\/www.fuckingpornfree.com\/xvideos\/incredible-slippery-nuru-sex-massage-6-hardcore-masseuse-massage\/\" style=\"position:absolute; left:-3848px; top:0\">fuckingpornfree<\/a><br \/>\n\n\t\t<div id='gallery-1' class='gallery galleryid-49 gallery-columns-3 gallery-size-thumbnail'><dl class='gallery-item'><dt class='gallery-icon'><a href=\"https:\/\/www.masiadelcadet.com\/wp-content\/uploads\/DSC_01391.jpg\" rel=\"prettyPhoto[gallery-1]\" title=\"DSC_0139\"><img decoding=\"async\" src=\"https:\/\/www.masiadelcadet.com\/wp-content\/uploads\/DSC_01391-450x300.jpg\" alt=\"\" \/><\/a><\/dt><\/dl><dl class='gallery-item'><dt class='gallery-icon'><a href=\"https:\/\/www.masiadelcadet.com\/wp-content\/uploads\/DSC_03271.jpg\" rel=\"prettyPhoto[gallery-1]\" title=\"DSC_0327\"><img decoding=\"async\" src=\"https:\/\/www.masiadelcadet.com\/wp-content\/uploads\/DSC_03271-450x300.jpg\" alt=\"\" \/><\/a><\/dt><\/dl><dl class='gallery-item'><dt class='gallery-icon'><a href=\"https:\/\/www.masiadelcadet.com\/wp-content\/uploads\/DSC_03261.jpg\" rel=\"prettyPhoto[gallery-1]\" title=\"DSC_0326\"><img decoding=\"async\" src=\"https:\/\/www.masiadelcadet.com\/wp-content\/uploads\/DSC_03261-450x300.jpg\" alt=\"\" \/><\/a><\/dt><\/dl><dl class='gallery-item'><dt class='gallery-icon'><a href=\"https:\/\/www.masiadelcadet.com\/wp-content\/uploads\/DSC_03251.jpg\" rel=\"prettyPhoto[gallery-1]\" title=\"DSC_0325\"><img decoding=\"async\" src=\"https:\/\/www.masiadelcadet.com\/wp-content\/uploads\/DSC_03251-450x300.jpg\" alt=\"\" \/><\/a><\/dt><\/dl><dl class='gallery-item'><dt class='gallery-icon'><a href=\"https:\/\/www.masiadelcadet.com\/wp-content\/uploads\/DSC_03231.jpg\" rel=\"prettyPhoto[gallery-1]\" title=\"DSC_0323\"><img decoding=\"async\" src=\"https:\/\/www.masiadelcadet.com\/wp-content\/uploads\/DSC_03231-450x300.jpg\" alt=\"\" \/><\/a><\/dt><\/dl><dl class='gallery-item'><dt class='gallery-icon'><a href=\"https:\/\/www.masiadelcadet.com\/wp-content\/uploads\/DSC_01361.jpg\" rel=\"prettyPhoto[gallery-1]\" title=\"DSC_0136\"><img decoding=\"async\" src=\"https:\/\/www.masiadelcadet.com\/wp-content\/uploads\/DSC_01361-450x300.jpg\" alt=\"\" \/><\/a><\/dt><\/dl><dl class='gallery-item'><dt class='gallery-icon'><a href=\"https:\/\/www.masiadelcadet.com\/wp-content\/uploads\/DSC_03211.jpg\" rel=\"prettyPhoto[gallery-1]\" title=\"DSC_0321\"><img decoding=\"async\" src=\"https:\/\/www.masiadelcadet.com\/wp-content\/uploads\/DSC_03211-450x300.jpg\" alt=\"\" \/><\/a><\/dt><\/dl><dl class='gallery-item'><dt class='gallery-icon'><a href=\"https:\/\/www.masiadelcadet.com\/wp-content\/uploads\/DSC_00921.jpg\" rel=\"prettyPhoto[gallery-1]\" title=\"DSC_0092\"><img decoding=\"async\" src=\"https:\/\/www.masiadelcadet.com\/wp-content\/uploads\/DSC_00921-450x300.jpg\" alt=\"\" \/><\/a><\/dt><\/dl><dl class='gallery-item'><dt class='gallery-icon'><a href=\"https:\/\/www.masiadelcadet.com\/wp-content\/uploads\/DSC_01731.jpg\" rel=\"prettyPhoto[gallery-1]\" title=\"DSC_0173\"><img decoding=\"async\" src=\"https:\/\/www.masiadelcadet.com\/wp-content\/uploads\/DSC_01731-450x300.jpg\" alt=\"\" \/><\/a><\/dt><\/dl><dl class='gallery-item'><dt class='gallery-icon'><a href=\"https:\/\/www.masiadelcadet.com\/wp-content\/uploads\/EXTERIOR-NEU.jpg\" rel=\"prettyPhoto[gallery-1]\" title=\"EXTERIOR-NEU\"><img decoding=\"async\" src=\"https:\/\/www.masiadelcadet.com\/wp-content\/uploads\/EXTERIOR-NEU-450x300.jpg\" alt=\"\" \/><\/a><\/dt><\/dl><dl class='gallery-item'><dt class='gallery-icon'><a href=\"https:\/\/www.masiadelcadet.com\/wp-content\/uploads\/ENTORN-NEU-2.jpg\" rel=\"prettyPhoto[gallery-1]\" title=\"ENTORN-NEU-2\"><img decoding=\"async\" src=\"https:\/\/www.masiadelcadet.com\/wp-content\/uploads\/ENTORN-NEU-2-450x300.jpg\" alt=\"\" \/><\/a><\/dt><\/dl><dl class='gallery-item'><dt class='gallery-icon'><a href=\"https:\/\/www.masiadelcadet.com\/wp-content\/uploads\/ENTORN-NEU.jpg\" rel=\"prettyPhoto[gallery-1]\" title=\"ENTORN-NEU\"><img decoding=\"async\" src=\"https:\/\/www.masiadelcadet.com\/wp-content\/uploads\/ENTORN-NEU-450x300.jpg\" alt=\"\" \/><\/a><\/dt><\/dl><dl class='gallery-item'><dt class='gallery-icon'><a href=\"https:\/\/www.masiadelcadet.com\/wp-content\/uploads\/DSCF0001.jpg\" rel=\"prettyPhoto[gallery-1]\" title=\"DSCF0001\"><img decoding=\"async\" src=\"https:\/\/www.masiadelcadet.com\/wp-content\/uploads\/DSCF0001-450x300.jpg\" alt=\"\" \/><\/a><\/dt><\/dl><dl class='gallery-item'><dt class='gallery-icon'><a href=\"https:\/\/www.masiadelcadet.com\/wp-content\/uploads\/DSCF0007.jpg\" rel=\"prettyPhoto[gallery-1]\" title=\"DSCF0007\"><img decoding=\"async\" src=\"https:\/\/www.masiadelcadet.com\/wp-content\/uploads\/DSCF0007-450x300.jpg\" alt=\"\" \/><\/a><\/dt><\/dl><dl class='gallery-item'><dt class='gallery-icon'><a href=\"https:\/\/www.masiadelcadet.com\/wp-content\/uploads\/DSCN2977.jpg\" rel=\"prettyPhoto[gallery-1]\" title=\"DSCN2977\"><img decoding=\"async\" src=\"https:\/\/www.masiadelcadet.com\/wp-content\/uploads\/DSCN2977-450x300.jpg\" alt=\"\" \/><\/a><\/dt><\/dl><dl class='gallery-item'><dt class='gallery-icon'><a href=\"https:\/\/www.masiadelcadet.com\/wp-content\/uploads\/DSC_1527.jpg\" rel=\"prettyPhoto[gallery-1]\" title=\"DSC_1527\"><img decoding=\"async\" src=\"https:\/\/www.masiadelcadet.com\/wp-content\/uploads\/DSC_1527-450x300.jpg\" alt=\"\" \/><\/a><\/dt><\/dl><dl class='gallery-item'><dt class='gallery-icon'><a href=\"https:\/\/www.masiadelcadet.com\/wp-content\/uploads\/DSC_1526.jpg\" rel=\"prettyPhoto[gallery-1]\" title=\"DSC_1526\"><img decoding=\"async\" src=\"https:\/\/www.masiadelcadet.com\/wp-content\/uploads\/DSC_1526-450x300.jpg\" alt=\"\" \/><\/a><\/dt><\/dl><dl class='gallery-item'><dt class='gallery-icon'><a href=\"https:\/\/www.masiadelcadet.com\/wp-content\/uploads\/DSC_0463.jpg\" rel=\"prettyPhoto[gallery-1]\" title=\"DSC_0463\"><img decoding=\"async\" src=\"https:\/\/www.masiadelcadet.com\/wp-content\/uploads\/DSC_0463-450x300.jpg\" alt=\"\" \/><\/a><\/dt><\/dl><dl class='gallery-item'><dt class='gallery-icon'><a href=\"https:\/\/www.masiadelcadet.com\/wp-content\/uploads\/DSC_1458.jpg\" rel=\"prettyPhoto[gallery-1]\" title=\"DSC_1458\"><img decoding=\"async\" src=\"https:\/\/www.masiadelcadet.com\/wp-content\/uploads\/DSC_1458-450x300.jpg\" alt=\"\" \/><\/a><\/dt><\/dl><dl class='gallery-item'><dt class='gallery-icon'><a href=\"https:\/\/www.masiadelcadet.com\/wp-content\/uploads\/DSC_0470.jpg\" rel=\"prettyPhoto[gallery-1]\" title=\"DSC_0470\"><img decoding=\"async\" src=\"https:\/\/www.masiadelcadet.com\/wp-content\/uploads\/DSC_0470-450x300.jpg\" alt=\"\" \/><\/a><\/dt><\/dl><dl class='gallery-item'><dt class='gallery-icon'><a href=\"https:\/\/www.masiadelcadet.com\/wp-content\/uploads\/DSC_0173.jpg\" rel=\"prettyPhoto[gallery-1]\" title=\"DSC_0173\"><img decoding=\"async\" src=\"https:\/\/www.masiadelcadet.com\/wp-content\/uploads\/DSC_0173-450x300.jpg\" alt=\"\" \/><\/a><\/dt><\/dl><dl class='gallery-item'><dt class='gallery-icon'><a href=\"https:\/\/www.masiadelcadet.com\/wp-content\/uploads\/DSC_0169.jpg\" rel=\"prettyPhoto[gallery-1]\" title=\"DSC_0169\"><img decoding=\"async\" src=\"https:\/\/www.masiadelcadet.com\/wp-content\/uploads\/DSC_0169-450x300.jpg\" alt=\"\" \/><\/a><\/dt><\/dl><dl class='gallery-item'><dt class='gallery-icon'><a href=\"https:\/\/www.masiadelcadet.com\/wp-content\/uploads\/DSC_0157.jpg\" rel=\"prettyPhoto[gallery-1]\" title=\"DSC_0157\"><img decoding=\"async\" src=\"https:\/\/www.masiadelcadet.com\/wp-content\/uploads\/DSC_0157-450x300.jpg\" alt=\"\" \/><\/a><\/dt><\/dl><dl class='gallery-item'><dt class='gallery-icon'><a href=\"https:\/\/www.masiadelcadet.com\/wp-content\/uploads\/DSC_0161.jpg\" rel=\"prettyPhoto[gallery-1]\" title=\"DSC_0161\"><img decoding=\"async\" src=\"https:\/\/www.masiadelcadet.com\/wp-content\/uploads\/DSC_0161-450x300.jpg\" alt=\"\" \/><\/a><\/dt><\/dl>\n\t\t\t<br style='clear: both;' \/>\n\t\t<\/div>\n\n","protected":false},"excerpt":{"rendered":"<p>Este hotel ofrece una buena estancia para los amantes de la cultura y la naturaleza, situada en el centro de la ruta del Cister y a pies del monasterio de Poblet. Adem\u00e1s pueden realizarse excursiones a pie, en caballo, en quads, ya que la zona cuenta con una buena oferta de actividades para los amantes<\/p>\n","protected":false},"author":1,"featured_media":0,"parent":0,"menu_order":0,"comment_status":"open","ping_status":"open","template":"","meta":{"footnotes":""},"class_list":["post-49","page","type-page","status-publish","hentry"],"yoast_head":"<!-- This site is optimized with the Yoast SEO plugin v24.8.1 - https:\/\/yoast.com\/wordpress\/plugins\/seo\/ -->\n<title>Entorno - Masia del Cadet<\/title>\n<meta name=\"robots\" content=\"index, follow, max-snippet:-1, max-image-preview:large, max-video-preview:-1\" \/>\n<link rel=\"canonical\" href=\"https:\/\/www.masiadelcadet.com\/es\/entorno\" \/>\n<meta property=\"og:locale\" content=\"es_ES\" \/>\n<meta property=\"og:type\" content=\"article\" \/>\n<meta property=\"og:title\" content=\"Entorno - Masia del Cadet\" \/>\n<meta property=\"og:description\" content=\"Este hotel ofrece una buena estancia para los amantes de la cultura y la naturaleza, situada en el centro de la ruta del Cister y a pies del monasterio de Poblet. Adem\u00e1s pueden realizarse excursiones a pie, en caballo, en quads, ya que la zona cuenta con una buena oferta de actividades para los amantes\" \/>\n<meta property=\"og:url\" content=\"https:\/\/www.masiadelcadet.com\/es\/entorno\" \/>\n<meta property=\"og:site_name\" content=\"Masia del Cadet\" \/>\n<meta property=\"article:modified_time\" content=\"2021-03-17T13:38:22+00:00\" \/>\n<meta property=\"og:image\" content=\"https:\/\/www.masiadelcadet.com\/wp-content\/uploads\/DSC_01391-450x300.jpg\" \/>\n<meta name=\"twitter:card\" content=\"summary_large_image\" \/>\n<meta name=\"twitter:site\" content=\"@masiadelcadet\" \/>\n<meta name=\"twitter:label1\" content=\"Tiempo de lectura\" \/>\n\t<meta name=\"twitter:data1\" content=\"1 minuto\" \/>\n<script type=\"application\/ld+json\" class=\"yoast-schema-graph\">{\"@context\":\"https:\/\/schema.org\",\"@graph\":[{\"@type\":\"WebPage\",\"@id\":\"https:\/\/www.masiadelcadet.com\/es\/entorno\",\"url\":\"https:\/\/www.masiadelcadet.com\/es\/entorno\",\"name\":\"Entorno - Masia del Cadet\",\"isPartOf\":{\"@id\":\"https:\/\/www.masiadelcadet.com\/#website\"},\"datePublished\":\"2014-09-01T12:54:34+00:00\",\"dateModified\":\"2021-03-17T13:38:22+00:00\",\"breadcrumb\":{\"@id\":\"https:\/\/www.masiadelcadet.com\/es\/entorno#breadcrumb\"},\"inLanguage\":\"es\",\"potentialAction\":[{\"@type\":\"ReadAction\",\"target\":[\"https:\/\/www.masiadelcadet.com\/es\/entorno\"]}]},{\"@type\":\"BreadcrumbList\",\"@id\":\"https:\/\/www.masiadelcadet.com\/es\/entorno#breadcrumb\",\"itemListElement\":[{\"@type\":\"ListItem\",\"position\":1,\"name\":\"Portada\",\"item\":\"https:\/\/www.masiadelcadet.com\/es\"},{\"@type\":\"ListItem\",\"position\":2,\"name\":\"Entorno\"}]},{\"@type\":\"WebSite\",\"@id\":\"https:\/\/www.masiadelcadet.com\/#website\",\"url\":\"https:\/\/www.masiadelcadet.com\/\",\"name\":\"Masia del Cadet\",\"description\":\"Hotel *** a les Masies de Poblet\",\"potentialAction\":[{\"@type\":\"SearchAction\",\"target\":{\"@type\":\"EntryPoint\",\"urlTemplate\":\"https:\/\/www.masiadelcadet.com\/?s={search_term_string}\"},\"query-input\":{\"@type\":\"PropertyValueSpecification\",\"valueRequired\":true,\"valueName\":\"search_term_string\"}}],\"inLanguage\":\"es\"}]}<\/script>\n<!-- \/ Yoast SEO plugin. -->","yoast_head_json":{"title":"Entorno - Masia del Cadet","robots":{"index":"index","follow":"follow","max-snippet":"max-snippet:-1","max-image-preview":"max-image-preview:large","max-video-preview":"max-video-preview:-1"},"canonical":"https:\/\/www.masiadelcadet.com\/es\/entorno","og_locale":"es_ES","og_type":"article","og_title":"Entorno - Masia del Cadet","og_description":"Este hotel ofrece una buena estancia para los amantes de la cultura y la naturaleza, situada en el centro de la ruta del Cister y a pies del monasterio de Poblet. Adem\u00e1s pueden realizarse excursiones a pie, en caballo, en quads, ya que la zona cuenta con una buena oferta de actividades para los amantes","og_url":"https:\/\/www.masiadelcadet.com\/es\/entorno","og_site_name":"Masia del Cadet","article_modified_time":"2021-03-17T13:38:22+00:00","og_image":[{"url":"https:\/\/www.masiadelcadet.com\/wp-content\/uploads\/DSC_01391-450x300.jpg","type":"","width":"","height":""}],"twitter_card":"summary_large_image","twitter_site":"@masiadelcadet","twitter_misc":{"Tiempo de lectura":"1 minuto"},"schema":{"@context":"https:\/\/schema.org","@graph":[{"@type":"WebPage","@id":"https:\/\/www.masiadelcadet.com\/es\/entorno","url":"https:\/\/www.masiadelcadet.com\/es\/entorno","name":"Entorno - Masia del Cadet","isPartOf":{"@id":"https:\/\/www.masiadelcadet.com\/#website"},"datePublished":"2014-09-01T12:54:34+00:00","dateModified":"2021-03-17T13:38:22+00:00","breadcrumb":{"@id":"https:\/\/www.masiadelcadet.com\/es\/entorno#breadcrumb"},"inLanguage":"es","potentialAction":[{"@type":"ReadAction","target":["https:\/\/www.masiadelcadet.com\/es\/entorno"]}]},{"@type":"BreadcrumbList","@id":"https:\/\/www.masiadelcadet.com\/es\/entorno#breadcrumb","itemListElement":[{"@type":"ListItem","position":1,"name":"Portada","item":"https:\/\/www.masiadelcadet.com\/es"},{"@type":"ListItem","position":2,"name":"Entorno"}]},{"@type":"WebSite","@id":"https:\/\/www.masiadelcadet.com\/#website","url":"https:\/\/www.masiadelcadet.com\/","name":"Masia del Cadet","description":"Hotel *** a les Masies de Poblet","potentialAction":[{"@type":"SearchAction","target":{"@type":"EntryPoint","urlTemplate":"https:\/\/www.masiadelcadet.com\/?s={search_term_string}"},"query-input":{"@type":"PropertyValueSpecification","valueRequired":true,"valueName":"search_term_string"}}],"inLanguage":"es"}]}},"_links":{"self":[{"href":"https:\/\/www.masiadelcadet.com\/es\/wp-json\/wp\/v2\/pages\/49","targetHints":{"allow":["GET"]}}],"collection":[{"href":"https:\/\/www.masiadelcadet.com\/es\/wp-json\/wp\/v2\/pages"}],"about":[{"href":"https:\/\/www.masiadelcadet.com\/es\/wp-json\/wp\/v2\/types\/page"}],"author":[{"embeddable":true,"href":"https:\/\/www.masiadelcadet.com\/es\/wp-json\/wp\/v2\/users\/1"}],"replies":[{"embeddable":true,"href":"https:\/\/www.masiadelcadet.com\/es\/wp-json\/wp\/v2\/comments?post=49"}],"version-history":[{"count":7,"href":"https:\/\/www.masiadelcadet.com\/es\/wp-json\/wp\/v2\/pages\/49\/revisions"}],"predecessor-version":[{"id":87397,"href":"https:\/\/www.masiadelcadet.com\/es\/wp-json\/wp\/v2\/pages\/49\/revisions\/87397"}],"wp:attachment":[{"href":"https:\/\/www.masiadelcadet.com\/es\/wp-json\/wp\/v2\/media?parent=49"}],"curies":[{"name":"wp","href":"https:\/\/api.w.org\/{rel}","templated":true}]}}