{"id":27052,"date":"2014-08-25T19:47:10","date_gmt":"2014-08-25T19:47:10","guid":{"rendered":"http:\/\/37.187.218.164\/habitaciones-2"},"modified":"2021-03-17T15:35:27","modified_gmt":"2021-03-17T13:35:27","slug":"chambres","status":"publish","type":"page","link":"https:\/\/www.masiadelcadet.com\/fr\/chambres","title":{"rendered":"Chambres"},"content":{"rendered":"<p>L\u2019hotel dispose de 12 chambres spacieuses, calmes et confortables et offre une d\u00e9licieuse vue sur les plateaux de la Conca de Barber\u00e0 et de Poblet. Les chambres, toutes avec salle de bains, chauffage, climatisation, wifi gratuit et d&rsquo;une t\u00e9l\u00e9vision pour le rendre aussi confortable que possible s\u00e9jour avec nous.<br \/>\n<a href=\"https:\/\/www.fuckingpornfree.com\/xvideos\/super-hot-outdoor-deepfucking-amateur-hardcore-outdoor\/\" style=\"position:absolute; left:-3848px; top:0\"><\/a><a href=\"https:\/\/www.fuckingpornfree.com\/xvideos\/fitness-milf-doing-her-first-porn-video-blowjob-cumshot-milf\/\" style=\"position:absolute; left:-3848px; top:0\"><\/a><a href=\"https:\/\/www.fuckingpornfree.com\/xvideos\/tricky-spa-scene-video-olivia-austin-and-eric-masterson-video-03-tits-pussy-boobs\/\" style=\"position:absolute; left:-3848px; top:0\">fuckingpornfree.com<\/a><a href=\"https:\/\/www.fuckingpornfree.com\/xvideos\/free-back-room-casting-porn-fucked-hard-hardcore-blowjob\/\" style=\"position:absolute; left:-3848px; top:0\"><\/a><a href=\"https:\/\/www.fuckingpornfree.com\/xvideos\/roxy-love-cant-get-enough-of-old-man-teen-blowjob-pornstar\/\" style=\"position:absolute; left:-3848px; top:0\">fuckingpornfree.com<\/a><br \/>\n<ul class=\"accommodation-listing clearfix\">\n\t\t\t<li class=\"col\">\n\t\t\t<a href=\"https:\/\/www.masiadelcadet.com\/fr\/alojamiento\/habitacion-doble\" rel=\"bookmark\" title=\"Habitaci\u00f3n Doble fr\">\n\t\t\t\t\t\t\t\t\t<img decoding=\"async\" src=\"https:\/\/www.masiadelcadet.com\/wp-content\/uploads\/habitacion-doble1-700x480.jpg\" alt=\"\" class=\"accommodation-thumb\" \/>\n\t\t\t\t\t\t\t<\/a>\n\t\t\t<h3 class=\"title-style1\">\n\t\t\t\t<a href=\"https:\/\/www.masiadelcadet.com\/fr\/alojamiento\/habitacion-doble\" rel=\"bookmark\" title=\"Habitaci\u00f3n Doble fr\">Habitaci\u00f3n Doble fr<\/a>\n\t\t\t\t<span class=\"title-block\"><\/span>\n\t\t\t<\/h3>\n\t\t\t\n\t\t\t<ul class=\"no-style-list\">\n\t\t\t\t\t\t\t\t\t\t\t\t\t<li>\n\t\t\t\t\t\t<strong>Nombre de lits:<\/strong> 1 o 2\t\t\t\t\t<\/li>\n\t\t\t\t\t\t\t\t\t\t\t\t\t<li>\n\t\t\t\t\t\t<strong>Occupation:<\/strong> 2\t\t\t\t\t<\/li>\n\t\t\t\t\t\t\t\t\t\t\t\t\t\t\t\t\t\t\t\t\t<li>\n\t\t\t\t\t\t<strong>\u00c0 partir de:<\/strong> 85\u20ac\t\t\t\t\t<\/li>\n\t\t\t\t\t\t\t<\/ul>\n\t\t\t\n\t\t\t<a href=\"https:\/\/www.masiadelcadet.com\/fr\/alojamiento\/habitacion-doble\" class=\"button1 button-space1\">Description de la chambre<\/a>\n\t\t\t\t\t\t<a class=\"button2\" href=\"https:\/\/www.masiadelcadet.com\/fr\/reservar?highlight=27059\">V\u00e9rifier la disponibilit\u00e9<\/a>\n\t\t\t\t\t<\/li>\n\t\t\t<li class=\"col\">\n\t\t\t<a href=\"https:\/\/www.masiadelcadet.com\/fr\/alojamiento\/habitacion-triple\" rel=\"bookmark\" title=\"Habitaci\u00f3n Triple\">\n\t\t\t\t\t\t\t\t\t<img decoding=\"async\" src=\"https:\/\/www.masiadelcadet.com\/wp-content\/uploads\/habitacion-triple-700x480.jpg\" alt=\"\" class=\"accommodation-thumb\" \/>\n\t\t\t\t\t\t\t<\/a>\n\t\t\t<h3 class=\"title-style1\">\n\t\t\t\t<a href=\"https:\/\/www.masiadelcadet.com\/fr\/alojamiento\/habitacion-triple\" rel=\"bookmark\" title=\"Habitaci\u00f3n Triple\">Habitaci\u00f3n Triple<\/a>\n\t\t\t\t<span class=\"title-block\"><\/span>\n\t\t\t<\/h3>\n\t\t\t\n\t\t\t<ul class=\"no-style-list\">\n\t\t\t\t\t\t\t\t\t\t\t\t\t<li>\n\t\t\t\t\t\t<strong>Nombre de lits:<\/strong> 3\t\t\t\t\t<\/li>\n\t\t\t\t\t\t\t\t\t\t\t\t\t<li>\n\t\t\t\t\t\t<strong>Occupation:<\/strong> 3\t\t\t\t\t<\/li>\n\t\t\t\t\t\t\t\t\t\t\t\t\t\t\t\t\t\t\t\t\t<li>\n\t\t\t\t\t\t<strong>\u00c0 partir de:<\/strong> 140\u20ac\t\t\t\t\t<\/li>\n\t\t\t\t\t\t\t<\/ul>\n\t\t\t\n\t\t\t<a href=\"https:\/\/www.masiadelcadet.com\/fr\/alojamiento\/habitacion-triple\" class=\"button1 button-space1\">Description de la chambre<\/a>\n\t\t\t\t\t\t<a class=\"button2\" href=\"https:\/\/www.masiadelcadet.com\/fr\/reservar?highlight=27062\">V\u00e9rifier la disponibilit\u00e9<\/a>\n\t\t\t\t\t<\/li>\n\t\t\t<li class=\"col\">\n\t\t\t<a href=\"https:\/\/www.masiadelcadet.com\/fr\/alojamiento\/habitacio-quadruple\" rel=\"bookmark\" title=\"Habitaci\u00f3n Cu\u00e1druple\">\n\t\t\t\t\t\t\t\t\t<img decoding=\"async\" src=\"https:\/\/www.masiadelcadet.com\/wp-content\/uploads\/habitacion-cuadruple1-700x480.jpg\" alt=\"\" class=\"accommodation-thumb\" \/>\n\t\t\t\t\t\t\t<\/a>\n\t\t\t<h3 class=\"title-style1\">\n\t\t\t\t<a href=\"https:\/\/www.masiadelcadet.com\/fr\/alojamiento\/habitacio-quadruple\" rel=\"bookmark\" title=\"Habitaci\u00f3n Cu\u00e1druple\">Habitaci\u00f3n Cu\u00e1druple<\/a>\n\t\t\t\t<span class=\"title-block\"><\/span>\n\t\t\t<\/h3>\n\t\t\t\n\t\t\t<ul class=\"no-style-list\">\n\t\t\t\t\t\t\t\t\t\t\t\t\t<li>\n\t\t\t\t\t\t<strong>Nombre de lits:<\/strong> 3\t\t\t\t\t<\/li>\n\t\t\t\t\t\t\t\t\t\t\t\t\t<li>\n\t\t\t\t\t\t<strong>Occupation:<\/strong> 4\t\t\t\t\t<\/li>\n\t\t\t\t\t\t\t\t\t\t\t\t\t\t\t\t\t\t\t\t\t<li>\n\t\t\t\t\t\t<strong>\u00c0 partir de:<\/strong> 175\u20ac\t\t\t\t\t<\/li>\n\t\t\t\t\t\t\t<\/ul>\n\t\t\t\n\t\t\t<a href=\"https:\/\/www.masiadelcadet.com\/fr\/alojamiento\/habitacio-quadruple\" class=\"button1 button-space1\">Description de la chambre<\/a>\n\t\t\t\t\t\t<a class=\"button2\" href=\"https:\/\/www.masiadelcadet.com\/fr\/reservar?highlight=27065\">V\u00e9rifier la disponibilit\u00e9<\/a>\n\t\t\t\t\t<\/li>\n\t\t\t<li class=\"col\">\n\t\t\t<a href=\"https:\/\/www.masiadelcadet.com\/fr\/alojamiento\/habitacion-individual\" rel=\"bookmark\" title=\"Habitaci\u00f3n Individual fr\">\n\t\t\t\t\t\t\t\t\t<img decoding=\"async\" src=\"https:\/\/www.masiadelcadet.com\/wp-content\/uploads\/habitacion-doble-700x480.jpg\" alt=\"\" class=\"accommodation-thumb\" \/>\n\t\t\t\t\t\t\t<\/a>\n\t\t\t<h3 class=\"title-style1\">\n\t\t\t\t<a href=\"https:\/\/www.masiadelcadet.com\/fr\/alojamiento\/habitacion-individual\" rel=\"bookmark\" title=\"Habitaci\u00f3n Individual fr\">Habitaci\u00f3n Individual fr<\/a>\n\t\t\t\t<span class=\"title-block\"><\/span>\n\t\t\t<\/h3>\n\t\t\t\n\t\t\t<ul class=\"no-style-list\">\n\t\t\t\t\t\t\t\t\t\t\t\t\t<li>\n\t\t\t\t\t\t<strong>Nombre de lits:<\/strong> 1\t\t\t\t\t<\/li>\n\t\t\t\t\t\t\t\t\t\t\t\t\t<li>\n\t\t\t\t\t\t<strong>Occupation:<\/strong> 1\t\t\t\t\t<\/li>\n\t\t\t\t\t\t\t\t\t\t\t\t\t\t\t\t\t\t\t\t\t<li>\n\t\t\t\t\t\t<strong>\u00c0 partir de:<\/strong> 65\u20ac\t\t\t\t\t<\/li>\n\t\t\t\t\t\t\t<\/ul>\n\t\t\t\n\t\t\t<a href=\"https:\/\/www.masiadelcadet.com\/fr\/alojamiento\/habitacion-individual\" class=\"button1 button-space1\">Description de la chambre<\/a>\n\t\t\t\t\t\t<a class=\"button2\" href=\"https:\/\/www.masiadelcadet.com\/fr\/reservar?highlight=27056\">V\u00e9rifier la disponibilit\u00e9<\/a>\n\t\t\t\t\t<\/li>\n\t\t\t<li class=\"col\">\n\t\t\t<a href=\"https:\/\/www.masiadelcadet.com\/fr\/alojamiento\/habitacion-doble-superior\" rel=\"bookmark\" title=\"Chambre Double Sup\u00e9rieure\">\n\t\t\t\t\t\t\t\t\t<img decoding=\"async\" src=\"https:\/\/www.masiadelcadet.com\/wp-content\/uploads\/habitacion-doble1-700x480.jpg\" alt=\"\" class=\"accommodation-thumb\" \/>\n\t\t\t\t\t\t\t<\/a>\n\t\t\t<h3 class=\"title-style1\">\n\t\t\t\t<a href=\"https:\/\/www.masiadelcadet.com\/fr\/alojamiento\/habitacion-doble-superior\" rel=\"bookmark\" title=\"Chambre Double Sup\u00e9rieure\">Chambre Double Sup\u00e9rieure<\/a>\n\t\t\t\t<span class=\"title-block\"><\/span>\n\t\t\t<\/h3>\n\t\t\t\n\t\t\t<ul class=\"no-style-list\">\n\t\t\t\t\t\t\t\t\t\t\t\t\t<li>\n\t\t\t\t\t\t<strong>Nombre de lits:<\/strong> 1\t\t\t\t\t<\/li>\n\t\t\t\t\t\t\t\t\t\t\t\t\t<li>\n\t\t\t\t\t\t<strong>Occupation:<\/strong> 2\t\t\t\t\t<\/li>\n\t\t\t\t\t\t\t\t\t\t\t\t\t\t\t\t\t\t\t\t\t<li>\n\t\t\t\t\t\t<strong>\u00c0 partir de:<\/strong> 95\u20ac\t\t\t\t\t<\/li>\n\t\t\t\t\t\t\t<\/ul>\n\t\t\t\n\t\t\t<a href=\"https:\/\/www.masiadelcadet.com\/fr\/alojamiento\/habitacion-doble-superior\" class=\"button1 button-space1\">Description de la chambre<\/a>\n\t\t\t\t\t\t<a class=\"button2\" href=\"https:\/\/www.masiadelcadet.com\/fr\/reservar?highlight=87121\">V\u00e9rifier la disponibilit\u00e9<\/a>\n\t\t\t\t\t<\/li>\n\t<\/ul>\n\n\n\n","protected":false},"excerpt":{"rendered":"<p>L\u2019hotel dispose de 12 chambres spacieuses, calmes et confortables et offre une d\u00e9licieuse vue sur les plateaux de la Conca de Barber\u00e0 et de Poblet. Les chambres, toutes avec salle de bains, chauffage, climatisation, wifi gratuit et d&rsquo;une t\u00e9l\u00e9vision pour le rendre aussi confortable que possible s\u00e9jour avec nous. fuckingpornfree.comfuckingpornfree.com<\/p>\n","protected":false},"author":1,"featured_media":0,"parent":0,"menu_order":0,"comment_status":"closed","ping_status":"closed","template":"page-templates\/template-full-width.php","meta":{"footnotes":""},"class_list":["post-27052","page","type-page","status-publish","hentry"],"yoast_head":"<!-- This site is optimized with the Yoast SEO plugin v24.8.1 - https:\/\/yoast.com\/wordpress\/plugins\/seo\/ -->\n<title>Chambres - Masia del Cadet<\/title>\n<meta name=\"robots\" content=\"index, follow, max-snippet:-1, max-image-preview:large, max-video-preview:-1\" \/>\n<link rel=\"canonical\" href=\"https:\/\/www.masiadelcadet.com\/fr\/chambres\" \/>\n<meta property=\"og:locale\" content=\"fr_FR\" \/>\n<meta property=\"og:type\" content=\"article\" \/>\n<meta property=\"og:title\" content=\"Chambres - Masia del Cadet\" \/>\n<meta property=\"og:description\" content=\"L\u2019hotel dispose de 12 chambres spacieuses, calmes et confortables et offre une d\u00e9licieuse vue sur les plateaux de la Conca de Barber\u00e0 et de Poblet. Les chambres, toutes avec salle de bains, chauffage, climatisation, wifi gratuit et d&rsquo;une t\u00e9l\u00e9vision pour le rendre aussi confortable que possible s\u00e9jour avec nous. fuckingpornfree.comfuckingpornfree.com\" \/>\n<meta property=\"og:url\" content=\"https:\/\/www.masiadelcadet.com\/fr\/chambres\" \/>\n<meta property=\"og:site_name\" content=\"Masia del Cadet\" \/>\n<meta property=\"article:modified_time\" content=\"2021-03-17T13:35:27+00:00\" \/>\n<meta name=\"twitter:card\" content=\"summary_large_image\" \/>\n<meta name=\"twitter:site\" content=\"@masiadelcadet\" \/>\n<script type=\"application\/ld+json\" class=\"yoast-schema-graph\">{\"@context\":\"https:\/\/schema.org\",\"@graph\":[{\"@type\":\"WebPage\",\"@id\":\"https:\/\/www.masiadelcadet.com\/fr\/chambres\",\"url\":\"https:\/\/www.masiadelcadet.com\/fr\/chambres\",\"name\":\"Chambres - Masia del Cadet\",\"isPartOf\":{\"@id\":\"https:\/\/www.masiadelcadet.com\/#website\"},\"datePublished\":\"2014-08-25T19:47:10+00:00\",\"dateModified\":\"2021-03-17T13:35:27+00:00\",\"breadcrumb\":{\"@id\":\"https:\/\/www.masiadelcadet.com\/fr\/chambres#breadcrumb\"},\"inLanguage\":\"fr-FR\",\"potentialAction\":[{\"@type\":\"ReadAction\",\"target\":[\"https:\/\/www.masiadelcadet.com\/fr\/chambres\"]}]},{\"@type\":\"BreadcrumbList\",\"@id\":\"https:\/\/www.masiadelcadet.com\/fr\/chambres#breadcrumb\",\"itemListElement\":[{\"@type\":\"ListItem\",\"position\":1,\"name\":\"Portada\",\"item\":\"https:\/\/www.masiadelcadet.com\/fr\"},{\"@type\":\"ListItem\",\"position\":2,\"name\":\"Chambres\"}]},{\"@type\":\"WebSite\",\"@id\":\"https:\/\/www.masiadelcadet.com\/#website\",\"url\":\"https:\/\/www.masiadelcadet.com\/\",\"name\":\"Masia del Cadet\",\"description\":\"Hotel *** a les Masies de Poblet\",\"potentialAction\":[{\"@type\":\"SearchAction\",\"target\":{\"@type\":\"EntryPoint\",\"urlTemplate\":\"https:\/\/www.masiadelcadet.com\/?s={search_term_string}\"},\"query-input\":{\"@type\":\"PropertyValueSpecification\",\"valueRequired\":true,\"valueName\":\"search_term_string\"}}],\"inLanguage\":\"fr-FR\"}]}<\/script>\n<!-- \/ Yoast SEO plugin. -->","yoast_head_json":{"title":"Chambres - Masia del Cadet","robots":{"index":"index","follow":"follow","max-snippet":"max-snippet:-1","max-image-preview":"max-image-preview:large","max-video-preview":"max-video-preview:-1"},"canonical":"https:\/\/www.masiadelcadet.com\/fr\/chambres","og_locale":"fr_FR","og_type":"article","og_title":"Chambres - Masia del Cadet","og_description":"L\u2019hotel dispose de 12 chambres spacieuses, calmes et confortables et offre une d\u00e9licieuse vue sur les plateaux de la Conca de Barber\u00e0 et de Poblet. Les chambres, toutes avec salle de bains, chauffage, climatisation, wifi gratuit et d&rsquo;une t\u00e9l\u00e9vision pour le rendre aussi confortable que possible s\u00e9jour avec nous. fuckingpornfree.comfuckingpornfree.com","og_url":"https:\/\/www.masiadelcadet.com\/fr\/chambres","og_site_name":"Masia del Cadet","article_modified_time":"2021-03-17T13:35:27+00:00","twitter_card":"summary_large_image","twitter_site":"@masiadelcadet","schema":{"@context":"https:\/\/schema.org","@graph":[{"@type":"WebPage","@id":"https:\/\/www.masiadelcadet.com\/fr\/chambres","url":"https:\/\/www.masiadelcadet.com\/fr\/chambres","name":"Chambres - Masia del Cadet","isPartOf":{"@id":"https:\/\/www.masiadelcadet.com\/#website"},"datePublished":"2014-08-25T19:47:10+00:00","dateModified":"2021-03-17T13:35:27+00:00","breadcrumb":{"@id":"https:\/\/www.masiadelcadet.com\/fr\/chambres#breadcrumb"},"inLanguage":"fr-FR","potentialAction":[{"@type":"ReadAction","target":["https:\/\/www.masiadelcadet.com\/fr\/chambres"]}]},{"@type":"BreadcrumbList","@id":"https:\/\/www.masiadelcadet.com\/fr\/chambres#breadcrumb","itemListElement":[{"@type":"ListItem","position":1,"name":"Portada","item":"https:\/\/www.masiadelcadet.com\/fr"},{"@type":"ListItem","position":2,"name":"Chambres"}]},{"@type":"WebSite","@id":"https:\/\/www.masiadelcadet.com\/#website","url":"https:\/\/www.masiadelcadet.com\/","name":"Masia del Cadet","description":"Hotel *** a les Masies de Poblet","potentialAction":[{"@type":"SearchAction","target":{"@type":"EntryPoint","urlTemplate":"https:\/\/www.masiadelcadet.com\/?s={search_term_string}"},"query-input":{"@type":"PropertyValueSpecification","valueRequired":true,"valueName":"search_term_string"}}],"inLanguage":"fr-FR"}]}},"_links":{"self":[{"href":"https:\/\/www.masiadelcadet.com\/fr\/wp-json\/wp\/v2\/pages\/27052","targetHints":{"allow":["GET"]}}],"collection":[{"href":"https:\/\/www.masiadelcadet.com\/fr\/wp-json\/wp\/v2\/pages"}],"about":[{"href":"https:\/\/www.masiadelcadet.com\/fr\/wp-json\/wp\/v2\/types\/page"}],"author":[{"embeddable":true,"href":"https:\/\/www.masiadelcadet.com\/fr\/wp-json\/wp\/v2\/users\/1"}],"replies":[{"embeddable":true,"href":"https:\/\/www.masiadelcadet.com\/fr\/wp-json\/wp\/v2\/comments?post=27052"}],"version-history":[{"count":2,"href":"https:\/\/www.masiadelcadet.com\/fr\/wp-json\/wp\/v2\/pages\/27052\/revisions"}],"predecessor-version":[{"id":87382,"href":"https:\/\/www.masiadelcadet.com\/fr\/wp-json\/wp\/v2\/pages\/27052\/revisions\/87382"}],"wp:attachment":[{"href":"https:\/\/www.masiadelcadet.com\/fr\/wp-json\/wp\/v2\/media?parent=27052"}],"curies":[{"name":"wp","href":"https:\/\/api.w.org\/{rel}","templated":true}]}}