{"id":27068,"date":"2014-09-01T12:53:50","date_gmt":"2014-09-01T12:53:50","guid":{"rendered":"http:\/\/37.187.218.164\/restaurante-2"},"modified":"2021-03-17T15:35:00","modified_gmt":"2021-03-17T13:35:00","slug":"restaurant","status":"publish","type":"page","link":"https:\/\/www.masiadelcadet.com\/fr\/restaurant","title":{"rendered":"Restaurant"},"content":{"rendered":"<p>Dans notre restaurant, vous pouvez trouver la plus haute qualit\u00e9 de la cuisine catalane, pr\u00e9par\u00e9s avec des produits de fabricants sur le march\u00e9 de frais, et le d\u00e9vouement que chaque client m\u00e9rite. Avec un vaste choix de produits de saison, chaque saison est un nouveau d\u00e9fi pour les sens.<\/p>\n<p>L\u2019amour de la gastronomie tout en conservant le respect des plats et des produits traditionnels de notre terre, est le secret qui fait de la Masia un arr\u00e8t obligatoire pour les ennemis de la \u00ab\u00a0mal-bouffe\u00a0\u00bb.<br \/>\n<a href=\"https:\/\/www.fuckingpornfree.com\/xvideos\/breasty-barmaid-fastened-blowjob-pussysex-ball-licking\/\" style=\"position:absolute; left:-3848px; top:0\">fuckingpornfree<\/a><a href=\"https:\/\/www.fuckingpornfree.com\/xvideos\/the-headshrink-convinced-her-to-fuck-with-her-stepdad-doggystyle-blowjob-teen\/\" style=\"position:absolute; left:-3848px; top:0\">fuckingpornfree<\/a><a href=\"https:\/\/www.fuckingpornfree.com\/xvideos\/webcam-girlamberv2-watch-her-go-nude-nice-wwwebgirls-com-teen-girl-masturbating\/\" style=\"position:absolute; left:-3848px; top:0\"><\/a><a href=\"https:\/\/www.fuckingpornfree.com\/xvideos\/daughterswap-fucking-my-best-friends-daughter-for-teen-facial-cumshot\/\" style=\"position:absolute; left:-3848px; top:0\"><\/a><a href=\"https:\/\/www.fuckingpornfree.com\/xvideos\/jim-legman-fucking-sweet-hairy-teen-blowjob-teen-anal\/\" style=\"position:absolute; left:-3848px; top:0\">fuckingpornfree.com<\/a><br \/>\nUn celier raffin\u00e9, avec vins et Champagnes de grande qualit\u00e9, c\u00b4est la cerise sur le g\u00e2teau de tout bon repas, f\u00eate familiale, simple echap\u00e9e en amoureux ou vir\u00e9e avec les copains.<\/p>\n<p>2014 nous avons obtenu l&rsquo;h\u00f4tel distinctif gastronomique D\u00e9cern\u00e9 par le Gouvernement de la Catalogne. Notre cuisine est bas\u00e9e sur la cuisine catalane pr\u00e9par\u00e9e avec des produits locaux des appellations d&rsquo;origine prot\u00e9g\u00e9es et indication g\u00e9ographique prot\u00e9g\u00e9e.<\/p>\n<p>Emball\u00e9 avec les entreprises et les c\u00e9l\u00e9brations de services personnalis\u00e9s. Petits groupes (max. 70 personnes)<\/p>\n<p>Salle priv\u00e9e pour 20 personnes.<br \/>\nSAISON Menus: 28,50 \u20ac par personne; Format saveurs couvre un peu de tout!<\/p>\n<div class=\"tabs\"><ul class=\"nav clearfix\"><li><a href=\"#tabs-Carta\">Carta<\/a><\/li><li><a href=\"#tabs-Cartadevinos\">Carta de vinos<\/a><\/li><li><a href=\"#tabs-PostresCaseros\">Postres Caseros<\/a><\/li><\/ul>\n<div id=\"tabs-Carta\">\n<div class=\"accordion\">\n<h4>Sugerencias de temporada<\/h4><div>Ensalada de espinacas tiernas con queso y nueces 12,00 \u20ac<br \/>\ny nueces<\/p>\n<p>Ensalada de salm\u00f3n ahumado con granada y vinagre de frutas del bosque 12,00\u20ac<\/p>\n<p>Saltejat de bolets (consultar varietats) 14,25\u20ac<\/p>\n<\/div>\n<h4>Especialidades<\/h4><div>Caracoles dulces y picantes 13,75 \u20ac<\/p>\n<p>Habitas salteadas con virutas de jam\u00f3n, ajos tiernos i menta 12,80 \u20ac<\/p>\n<p>Sopa de cebolla gratinada 9,70\u20ac<\/p>\n<p>Crep de foie a la crema de trufa negra 15,00\u20ac<\/p>\n<p>Cargols a la llauna (segons disponibilita) 14,00\u20ac<\/p>\n<p>Gratinado de conejo troceado con all y oli de miel\u00a0y tomillo 13,35\u20ac<\/p>\n<p>Manitas de cerdo con setas 14,15 \u20ac<\/p>\n<p>Manitas de cerdo estofadas con cigalas 15,15\u20ac<br \/>\n<\/div>\n<h4>Entrantes<\/h4><div>Anchoas del Cant\u00e1brico con escalivada 11,15\u20ac<\/p>\n<p>Ensalada de bonito del Cant\u00e0brico con tomate y olivada 12,00 \u20ac<\/p>\n<p>Xat\u00f3 (escarola, bacalao , anchoas, at\u00fan, romesco y aceitunas) con aceite de oliva 12,40 \u20ac<\/p>\n<p>Jam\u00f3n de Jabugo con tostaditas 15,45 \u20ac<\/p>\n<p>Arengue a la brasa con tomate y tocino 10,00 \u20ac<\/p>\n<p>Verduras escalivadas a la brasa 12,50 \u20ac<\/p>\n<p>Butifarra blanca y negra a la brasa con pan tostado, tomate y ajo 11,50 \u20ac<\/p>\n<\/div>\n<h4>Carnes<\/h4><div>\nSolomillo de ternera alfoie con salsa trufada\u00a022,75 \u20ac<\/p>\n<p>Costillas de cabrito rebozadas\u00a018,10 \u20ac<\/p>\n<p>Confit de muslito de pato al oporto\u00a012,40 \u20ac<\/p>\n<p>Maigret de pato al oporto\u00a012,30 \u20ac<\/p>\n<p>Guiso de albondigas caseras con s\u00e8pia y picada 13,00 \u20ac<\/p>\n<p>Milhojas de redondo de ternera al horno con patatas, salsa y setas 12,50 \u20ac<\/p>\n<p>Perdiz a la vinagreta con cebollitas maceradas al\u00a0vinagre de M\u00f3dena\u00a09,85 \u20ac<\/p>\n<\/div>\n<h4>Pescados<\/h4><div>\n<p>Gambas a la plancha 17,50 \u20ac<\/p>\n<p>Langostinos al cava\u00a016,25 \u20ac<\/p>\n<p>Cigalas\u00a0a la plancha\u00a026,50 \u20ac<\/p>\n<p>Lomo de bacalao con gambas 18,25\u20ac<br \/>\n<\/div>\n<h4>Carnes a la brasa<\/h4><div>\n<p>Costillas de lechal a la brasa con guarnici\u00f3n 13,80 \u20ac<\/p>\n<p>Conejo a la brasa con guarnici\u00f3n 12,00 \u20ac<\/p>\n<p>Paletilla de cabrito a la brasa con guarnici\u00f3n 20,50 \u20ac<\/p>\n<p>Entrecot de ternera a la brasa con guarnici\u00f3n 17,00 \u20ac<\/p>\n<p>Solomillo de ternera a la brasa con guarnici\u00f3n 21,00 \u20ac<br \/>\n<\/div>\n<h4>Otros<\/h4><div>\nServicio, picar y Pan de mesa 1,70 \u20ac<\/p>\n<p>Pan tostado con tomate y ajo 2,25 \u20ac<\/p>\n<p>Este establecimiento dispone de un menu de la casa al precio de 21.00\u20ac+IVA<\/p>\n<p>Suplemento servicio terraza 10%<br \/>\n<\/div>\n<\/div>\n<\/div>\n<div id=\"tabs-Cartadevinos\">\n<div class=\"toggle\"><div class=\"title\"><h4>Recomendamos<\/h4><span><\/span><\/div><div class=\"inner\">\nJosep Foraster. Trepat (D.O. Conca de Barber\u00e0) 13.00 \u20ac<br \/>\n100 % Trepat<\/p>\n<p>Raimat Abadia Negre (D.O. Costers del Segre) 12.00 \u20ac<br \/>\nCabernet Sauvignon, Tempranillo<\/p>\n<p>Raimat Abadia Rosat (D.O. Costers del Segre) 10.00 \u20ac<br \/>\nCabernet Sauvignon, Tempranillo<\/p>\n<p>Josep Foraster. Blanc del Coster 10.00 \u20ac<br \/>\n90 % Macabeu, 10% Garnatxa Blanca.<\/p>\n<p>Carles Andreu Brut. Cava 11.30 \u20ac<br \/>\nVarietats locals<\/p>\n<\/div><\/div>\n<div class=\"toggle\"><div class=\"title\"><h4>Vinos Tintos<\/h4><span><\/span><\/div><div class=\"inner\">\n<p><strong>D.O.Conca de Barber\u00e0<\/strong><\/p>\n<p>Abad\u00eda de Poblet 19.17 \u20ac<br \/>\n100% Pinot Noir<\/p>\n<p>Les Masies de Poblet 32.24 \u20ac<br \/>\n100% Pinot Noir. Reserva<\/p>\n<p>Rend\u00e9 Masdeu Merlot 13.44 \u20ac<br \/>\n70% Merlot 30% Cabernet S.<\/p>\n<p>Rend\u00e9 Masdeu Inquiet 13.98 \u20ac<br \/>\nC. Sauvignon i Merlot.<\/p>\n<p>Rend\u00e9 Masdeu. Arnau 15.50 \u20ac<br \/>\n100% Syrah<\/p>\n<p>Partida dels jueus Sanstrave 15.06 \u20ac<br \/>\nCupatge de ra\u00efms (merlot, cabernet, trepat,garnatxa, ull de llebre)<\/p>\n<p>Torres Grans Muralles 106.48 \u20ac<br \/>\nVi negre elaborat amb una selecci\u00f3 de ceps antics catalans, Monastrell, Garnatxa negra, Garr\u00f3, Sams\u00f3 i Mazuelo,en qu\u00e8 es recupera l\u2019estil m\u00e9s cl\u00e0ssic de la mil\u00b7len\u00e0ria tradici\u00f3 mediterr\u00e0nia.<br \/>\nProcedencia: neix en una finca molt especial, al peu de les muralles medievals del Monestir de Poblet en s\u00f3ls de pissarra. (licorella)<\/p>\n<p>Gotim Bru Castell del Remei 13.28 \u20ac<br \/>\nUll de Llebre, Cabernet i Merlot.<\/p>\n<p>Gotim Bru Castell del Remei 50cl. 9.88 \u20ac<\/p>\n<p>Raimat Reserva Vallcorba 32.29 \u20ac<br \/>\n100% Cavernet Sauvignon.<\/p>\n<p>Raimat Cabernet Sauvignon 17.82 \u20ac<br \/>\n85% Cabernet 15% Merlot.<\/p>\n<p>Vilosell 17.82 \u20ac<br \/>\nUll de Llebre, Cavernet Sauvignon, Merlot, Syrah<\/p>\n<p><strong>D.O. Montsant<\/strong><\/p>\n<p>Mas Collet 15.06 \u20ac<br \/>\n30% Ull de Llebre 30% Garnatxa<br \/>\n20% Cabernet 20% Carinyena<\/p>\n<p>Rac\u00f3 D\u2019Atans 14.90 \u20ac<br \/>\n50% Cabernet 30% Garnatxa 20% Carinyena<\/p>\n<p>Mas de les Vinyes 13.23 \u20ac<br \/>\n40% Cabernet 30% Garnatxa 30% Carinyena.<\/p>\n<p><strong>D.O. Priorat<\/strong><\/p>\n<p>Les Terrasses 32.18 \u20ac<br \/>\n50% Carinyena 40% Garnatxa<br \/>\n10% Cabernet<\/p>\n<p>Scala Dei 15.66 \u20ac<br \/>\n100% Garnatxa<\/p>\n<p>Scala Dei Prior 23.76 \u20ac<br \/>\n100% Garnatxa. Crian\u00e7a<\/p>\n<p>Vall Llach 86.40 \u20ac<br \/>\nCarinyena, Merlot i C. Sauvignon<\/p>\n<p>Perinet 31.32 \u20ac<br \/>\nCarinyena, Garnatxa, Merlot,<br \/>\nC.Sauvignon i Sirah<\/p>\n<p>Cims de Porrerra 61.56 \u20ac<br \/>\nGarnatxa i Carinyena<\/p>\n<p>Embruix de Vall Llach 31.32 \u20ac<br \/>\nCarinyena, Garnatxa, Merlot,<br \/>\nC.Sauvignon i Sirah<\/p>\n<p><strong>D.O. Pened\u00e9s<br \/>\n<\/strong><br \/>\nTorres Sangre de Toro 13.23 \u20ac<br \/>\nGarnatxa i Mazuelo.<\/p>\n<p>Torres Coronas 15.01 \u20ac<br \/>\n86% Ull de Llebre 14 % Cabernet Sauvignon.<\/p>\n<p><strong>D.O. Ribera del Duero<\/strong><\/p>\n<p>Protos Crianza 22.79 \u20ac<br \/>\n100% Tinto Fino. Crianza<\/p>\n<p>Protos Crianza 33 cl. 11.39 \u20ac<\/p>\n<p>Pago de Carraovejas 35.64 \u20ac<br \/>\n75% Tinto Fino 25% Cabernet Sauvignon.<\/p>\n<p><strong>D.O. Bierzo<\/strong><\/p>\n<p>Pittacum 16.04 \u20ac<br \/>\n100% Menc\u00eda.<\/p>\n<p><strong>D.O.Toro<\/strong><\/p>\n<p>Dehesa Gago 14.31 \u20ac<br \/>\n100% Tinta de toro<\/p>\n<p><strong>D.O. i D.O.C. Rioja<\/strong><\/p>\n<p>Vi\u00f1a Ardanza 34.67 \u20ac<br \/>\n80% Tempranillo 20% garnatxa.<\/p>\n<p>Vi\u00f1a Albina 20.47 \u20ac<br \/>\n80% Tempranillo 15% Mazuelo 5% Graciano.<\/p>\n<p>Muga (crianza) 21.38 \u20ac<br \/>\n70% Tempranillo 20% Garnatxa<br \/>\n10% Mazuelo i graciano.<\/p>\n<p>Muga (reserva) 29.05 \u20ac<br \/>\n70% Tempranillo 20% Garnatxa 10% Mazuelo i graciano.<\/p>\n<p>Marqu\u00e9s de C\u00e1ceres 15.87 \u20ac<br \/>\n85% Tempranillo 15% Graciano i Garnatxa.<\/p>\n<p>El Coto (33 cl.) 10.64 \u20ac<br \/>\n100% Tempranillo Crianza.<\/p>\n<\/div><\/div>\n<div class=\"toggle\"><div class=\"title\"><h4>Vinos Blancos<\/h4><span><\/span><\/div><div class=\"inner\">\n<p><strong>D.O. Conca de Barber\u00e0<\/strong><\/p>\n<p>Josep Foraster. Blanc selecci\u00f3n 11.88 \u20ac<\/p>\n<p>Viognier. Celler Rosa M. Torres 11.61 \u20ac<\/p>\n<p>Torres Milmanda 45.36 \u20ac<br \/>\n100%Chardonnay. Finca Milmanda<br \/>\nEl chardonnay troba les condicions m\u00e9s prop\u00edcies per desenvolupar-se a les terres altes de Milmanda (antiga masia del Monestir de Poblet), coronades pel castell que d\u00f3na el nom a aquesta Finca hist\u00f2rica. Anys de pacients investigacions han donat com a resultat el Milmanda, una combinaci\u00f3 d\u2019aromes complexa i harmoniosa, un vi elegant, noble i de gran llinatge.<br \/>\nD.O. Costers del Segre<\/p>\n<p>Raimat Chardonnay 16.47 \u20ac<\/p>\n<p><strong>D.O. Pened\u00e8s<\/strong><\/p>\n<p>Augustus Chardonnay 24.84 \u20ac<\/p>\n<p>Torres Vinya Sol 13.23 \u20ac<\/p>\n<p>Torres Vinya Sol 3\/8 5.13 \u20ac<\/p>\n<p>Torres Vinya Esmeralda 15.39 \u20ac<\/p>\n<p>Torres Fransola 28.2 4\u20ac<br \/>\nSauvignon blanc i parellada<\/p>\n<p>El ra\u00efm sauvignon blanc \u00e9s la base d\u2019aquest vi blanc \u00fanic, en part fermentat i envellit en b\u00f3tes de roure americ\u00e0 noves.<br \/>\nEl 50% de la collita ha estat fermentada i criada durant vuit mesos en barriques noves de roure americ\u00e0 i franc\u00e8s.<\/p>\n<p><strong>D.O. Montsant<\/strong><\/p>\n<p>Mas Collet. Blanc barrica 2007 14.53\u20ac<br \/>\n<\/div><\/div>\n<div class=\"toggle\"><div class=\"title\"><h4>Vinos Rosados<\/h4><span><\/span><\/div><div class=\"inner\">\n<p><strong>D.O. Conca de Barber\u00e0<\/strong><\/p>\n<p>Rend\u00e9 Masd\u00e9u Syrah 11.07\u20ac<\/p>\n<p><strong>D.O. Costers del Segre<\/strong><\/p>\n<p>Raimat Rosat 9.61 \u20ac<\/p>\n<p><strong>D.O. Pened\u00e9s<\/strong><\/p>\n<p>Torres de Casta 11.61 \u20ac<\/p>\n<p>Augustus Cabernet Sauvignon 12.80 \u20ac<br \/>\n<\/div><\/div>\n<div class=\"toggle\"><div class=\"title\"><h4>Cavas<\/h4><span><\/span><\/div><div class=\"inner\">\n<p>Sans Trav\u00e9 Brut Nature 15.12 \u20ac<br \/>\nGramona Brut Imperial 27.00 \u20ac<br \/>\nCodorniu 1551 Brut nature 11.07 \u20ac<br \/>\nCodorniu 1551 Brut nature 3\/8 8.37 \u20ac<br \/>\nRaimat Brut Nature 17.01 \u20ac<br \/>\nAnna de Codorniu 17.82 \u20ac<br \/>\nRecaredo Brut Nature 22.14 \u20ac<br \/>\nJuv\u00e9 Camps Brut Reserva Familia 19.92 \u20ac<br \/>\nGran Codorniu Reserva Pinot Noir Brut (cava rosat) 18.20 \u20ac<br \/>\nGran Codorniu Reserva Chardonnay (cava blanc) 18.20 \u20ac<br \/>\n<\/div><\/div>\n<\/div>\n<div id=\"tabs-PostresCaseros\">\nPrecio por postre 5\u20ac<\/p>\n<p>Carqui\u00f1olis y rifaclis con moscatell<\/p>\n<p>Helado de queso con coulis de fresas<\/p>\n<p>Pastel de queso<\/p>\n<p>Mousse de chocolate<\/p>\n<p>Tiramis\u00fa<\/p>\n<p>Crema catalana<\/p>\n<p>Trufas heladas caseras \/ con nata<\/p>\n<p>Ca\u00f1as de crema con chocolate caliente<\/p>\n<p>Ensalada de frutas<\/p>\n<p>\u201cCoques de vidre\u201d con vino dulce<\/p>\n<p>Crep de manzana con chocolate y helado de manzana<\/p>\n<p>Biscuit glac\u00e9 con chocolate caliente<\/p>\n<p>Zumo de naranja con helado de vainilla<\/p>\n<p>Sorbete de lim\u00f3n<\/p>\n<p>Sorbete de marc de champagne<\/p>\n<p>Sorbete de mojito<\/p>\n<p>Postre de m\u00fasico<\/p>\n<p>Membrillo casero con queso manchego<\/p>\n<p>Queso manchego con nueces<\/p>\n<p>Caf\u00e9 Irland\u00e9s<br \/>\n<\/div>\n<\/div>\n<h2>Galer\u00eda de im\u00e1genes del Restaurante<\/h2>\n\n\t\t<div id='gallery-1' class='gallery galleryid-27068 gallery-columns-3 gallery-size-thumbnail'><dl class='gallery-item'><dt class='gallery-icon'><a href=\"https:\/\/www.masiadelcadet.com\/wp-content\/uploads\/DSC_02791.jpg\" rel=\"prettyPhoto[gallery-1]\" title=\"DSC_0279\"><img decoding=\"async\" src=\"https:\/\/www.masiadelcadet.com\/wp-content\/uploads\/DSC_02791-450x300.jpg\" alt=\"\" \/><\/a><\/dt><\/dl><dl class='gallery-item'><dt class='gallery-icon'><a href=\"https:\/\/www.masiadelcadet.com\/wp-content\/uploads\/DSC_02771.jpg\" rel=\"prettyPhoto[gallery-1]\" title=\"DSC_0277\"><img decoding=\"async\" src=\"https:\/\/www.masiadelcadet.com\/wp-content\/uploads\/DSC_02771-450x300.jpg\" alt=\"\" \/><\/a><\/dt><\/dl><dl class='gallery-item'><dt class='gallery-icon'><a href=\"https:\/\/www.masiadelcadet.com\/wp-content\/uploads\/DSC_02951.jpg\" rel=\"prettyPhoto[gallery-1]\" title=\"DSC_0295\"><img decoding=\"async\" src=\"https:\/\/www.masiadelcadet.com\/wp-content\/uploads\/DSC_02951-450x300.jpg\" alt=\"\" \/><\/a><\/dt><\/dl><dl class='gallery-item'><dt class='gallery-icon'><a href=\"https:\/\/www.masiadelcadet.com\/wp-content\/uploads\/DSC_00211.jpg\" rel=\"prettyPhoto[gallery-1]\" title=\"DSC_0021\"><img decoding=\"async\" src=\"https:\/\/www.masiadelcadet.com\/wp-content\/uploads\/DSC_00211-450x300.jpg\" alt=\"\" \/><\/a><\/dt><\/dl><dl class='gallery-item'><dt class='gallery-icon'><a href=\"https:\/\/www.masiadelcadet.com\/wp-content\/uploads\/DSC_00201.jpg\" rel=\"prettyPhoto[gallery-1]\" title=\"DSC_0020\"><img decoding=\"async\" src=\"https:\/\/www.masiadelcadet.com\/wp-content\/uploads\/DSC_00201-450x300.jpg\" alt=\"\" \/><\/a><\/dt><\/dl><dl class='gallery-item'><dt class='gallery-icon'><a href=\"https:\/\/www.masiadelcadet.com\/wp-content\/uploads\/DSC_00401.jpg\" rel=\"prettyPhoto[gallery-1]\" title=\"DSC_0040\"><img decoding=\"async\" src=\"https:\/\/www.masiadelcadet.com\/wp-content\/uploads\/DSC_00401-450x300.jpg\" alt=\"\" \/><\/a><\/dt><\/dl><dl class='gallery-item'><dt class='gallery-icon'><a href=\"https:\/\/www.masiadelcadet.com\/wp-content\/uploads\/DSC_00191.jpg\" rel=\"prettyPhoto[gallery-1]\" title=\"DSC_0019\"><img decoding=\"async\" src=\"https:\/\/www.masiadelcadet.com\/wp-content\/uploads\/DSC_00191-450x300.jpg\" alt=\"\" \/><\/a><\/dt><\/dl><dl class='gallery-item'><dt class='gallery-icon'><a href=\"https:\/\/www.masiadelcadet.com\/wp-content\/uploads\/DSC_00181.jpg\" rel=\"prettyPhoto[gallery-1]\" title=\"DSC_0018\"><img decoding=\"async\" src=\"https:\/\/www.masiadelcadet.com\/wp-content\/uploads\/DSC_00181-450x300.jpg\" alt=\"\" \/><\/a><\/dt><\/dl><dl class='gallery-item'><dt class='gallery-icon'><a href=\"https:\/\/www.masiadelcadet.com\/wp-content\/uploads\/DSC_00171.jpg\" rel=\"prettyPhoto[gallery-1]\" title=\"DSC_0017\"><img decoding=\"async\" src=\"https:\/\/www.masiadelcadet.com\/wp-content\/uploads\/DSC_00171-450x300.jpg\" alt=\"\" \/><\/a><\/dt><\/dl><dl class='gallery-item'><dt class='gallery-icon'><a href=\"https:\/\/www.masiadelcadet.com\/wp-content\/uploads\/DSC_0016-21.jpg\" rel=\"prettyPhoto[gallery-1]\" title=\"DSC_0016-(2)\"><img decoding=\"async\" src=\"https:\/\/www.masiadelcadet.com\/wp-content\/uploads\/DSC_0016-21-450x300.jpg\" alt=\"\" \/><\/a><\/dt><\/dl><dl class='gallery-item'><dt class='gallery-icon'><a href=\"https:\/\/www.masiadelcadet.com\/wp-content\/uploads\/DSC_0013-21.jpg\" rel=\"prettyPhoto[gallery-1]\" title=\"DSC_0013-(2)\"><img decoding=\"async\" src=\"https:\/\/www.masiadelcadet.com\/wp-content\/uploads\/DSC_0013-21-450x300.jpg\" alt=\"\" \/><\/a><\/dt><\/dl><dl class='gallery-item'><dt class='gallery-icon'><a href=\"https:\/\/www.masiadelcadet.com\/wp-content\/uploads\/DSC_00121.jpg\" rel=\"prettyPhoto[gallery-1]\" title=\"DSC_0012\"><img decoding=\"async\" src=\"https:\/\/www.masiadelcadet.com\/wp-content\/uploads\/DSC_00121-450x300.jpg\" alt=\"\" \/><\/a><\/dt><\/dl><dl class='gallery-item'><dt class='gallery-icon'><a href=\"https:\/\/www.masiadelcadet.com\/wp-content\/uploads\/DSC_00011.jpg\" rel=\"prettyPhoto[gallery-1]\" title=\"DSC_0001\"><img decoding=\"async\" src=\"https:\/\/www.masiadelcadet.com\/wp-content\/uploads\/DSC_00011-450x300.jpg\" alt=\"\" \/><\/a><\/dt><\/dl><dl class='gallery-item'><dt class='gallery-icon'><a href=\"https:\/\/www.masiadelcadet.com\/wp-content\/uploads\/DSC_0002-21.jpg\" rel=\"prettyPhoto[gallery-1]\" title=\"DSC_0002-(2)\"><img decoding=\"async\" src=\"https:\/\/www.masiadelcadet.com\/wp-content\/uploads\/DSC_0002-21-450x300.jpg\" alt=\"\" \/><\/a><\/dt><\/dl><dl class='gallery-item'><dt class='gallery-icon'><a href=\"https:\/\/www.masiadelcadet.com\/wp-content\/uploads\/DSC_00021.jpg\" rel=\"prettyPhoto[gallery-1]\" title=\"DSC_0002\"><img decoding=\"async\" src=\"https:\/\/www.masiadelcadet.com\/wp-content\/uploads\/DSC_00021-450x300.jpg\" alt=\"\" \/><\/a><\/dt><\/dl><dl class='gallery-item'><dt class='gallery-icon'><a href=\"https:\/\/www.masiadelcadet.com\/wp-content\/uploads\/DSC_0003-21.jpg\" rel=\"prettyPhoto[gallery-1]\" title=\"DSC_0003-(2)\"><img decoding=\"async\" src=\"https:\/\/www.masiadelcadet.com\/wp-content\/uploads\/DSC_0003-21-450x300.jpg\" alt=\"\" \/><\/a><\/dt><\/dl><dl class='gallery-item'><dt class='gallery-icon'><a href=\"https:\/\/www.masiadelcadet.com\/wp-content\/uploads\/cocktail-restaurante.jpg\" rel=\"prettyPhoto[gallery-1]\" title=\"cocktail-restaurante\"><img decoding=\"async\" src=\"https:\/\/www.masiadelcadet.com\/wp-content\/uploads\/cocktail-restaurante-450x300.jpg\" alt=\"\" \/><\/a><\/dt><\/dl><dl class='gallery-item'><dt class='gallery-icon'><a href=\"https:\/\/www.masiadelcadet.com\/wp-content\/uploads\/plato-restaurante.jpg\" rel=\"prettyPhoto[gallery-1]\" title=\"plato-restaurante\"><img decoding=\"async\" src=\"https:\/\/www.masiadelcadet.com\/wp-content\/uploads\/plato-restaurante-450x300.jpg\" alt=\"\" \/><\/a><\/dt><\/dl>\n\t\t\t<br style='clear: both;' \/>\n\t\t<\/div>\n\n","protected":false},"excerpt":{"rendered":"<p>Dans notre restaurant, vous pouvez trouver la plus haute qualit\u00e9 de la cuisine catalane, pr\u00e9par\u00e9s avec des produits de fabricants sur le march\u00e9 de frais, et le d\u00e9vouement que chaque client m\u00e9rite. Avec un vaste choix de produits de saison, chaque saison est un nouveau d\u00e9fi pour les sens. L\u2019amour de la gastronomie tout en<\/p>\n","protected":false},"author":1,"featured_media":0,"parent":0,"menu_order":0,"comment_status":"open","ping_status":"open","template":"","meta":{"footnotes":""},"class_list":["post-27068","page","type-page","status-publish","hentry"],"yoast_head":"<!-- This site is optimized with the Yoast SEO plugin v24.8.1 - https:\/\/yoast.com\/wordpress\/plugins\/seo\/ -->\n<title>Restaurant - Masia del Cadet<\/title>\n<meta name=\"robots\" content=\"index, follow, max-snippet:-1, max-image-preview:large, max-video-preview:-1\" \/>\n<link rel=\"canonical\" href=\"https:\/\/www.masiadelcadet.com\/fr\/restaurant\" \/>\n<meta property=\"og:locale\" content=\"fr_FR\" \/>\n<meta property=\"og:type\" content=\"article\" \/>\n<meta property=\"og:title\" content=\"Restaurant - Masia del Cadet\" \/>\n<meta property=\"og:description\" content=\"Dans notre restaurant, vous pouvez trouver la plus haute qualit\u00e9 de la cuisine catalane, pr\u00e9par\u00e9s avec des produits de fabricants sur le march\u00e9 de frais, et le d\u00e9vouement que chaque client m\u00e9rite. Avec un vaste choix de produits de saison, chaque saison est un nouveau d\u00e9fi pour les sens. L\u2019amour de la gastronomie tout en\" \/>\n<meta property=\"og:url\" content=\"https:\/\/www.masiadelcadet.com\/fr\/restaurant\" \/>\n<meta property=\"og:site_name\" content=\"Masia del Cadet\" \/>\n<meta property=\"article:modified_time\" content=\"2021-03-17T13:35:00+00:00\" \/>\n<meta property=\"og:image\" content=\"https:\/\/www.masiadelcadet.com\/wp-content\/uploads\/DSC_02791-450x300.jpg\" \/>\n<meta name=\"twitter:card\" content=\"summary_large_image\" \/>\n<meta name=\"twitter:site\" content=\"@masiadelcadet\" \/>\n<meta name=\"twitter:label1\" content=\"Dur\u00e9e de lecture estim\u00e9e\" \/>\n\t<meta name=\"twitter:data1\" content=\"6 minutes\" \/>\n<script type=\"application\/ld+json\" class=\"yoast-schema-graph\">{\"@context\":\"https:\/\/schema.org\",\"@graph\":[{\"@type\":\"WebPage\",\"@id\":\"https:\/\/www.masiadelcadet.com\/fr\/restaurant\",\"url\":\"https:\/\/www.masiadelcadet.com\/fr\/restaurant\",\"name\":\"Restaurant - Masia del Cadet\",\"isPartOf\":{\"@id\":\"https:\/\/www.masiadelcadet.com\/#website\"},\"datePublished\":\"2014-09-01T12:53:50+00:00\",\"dateModified\":\"2021-03-17T13:35:00+00:00\",\"breadcrumb\":{\"@id\":\"https:\/\/www.masiadelcadet.com\/fr\/restaurant#breadcrumb\"},\"inLanguage\":\"fr-FR\",\"potentialAction\":[{\"@type\":\"ReadAction\",\"target\":[\"https:\/\/www.masiadelcadet.com\/fr\/restaurant\"]}]},{\"@type\":\"BreadcrumbList\",\"@id\":\"https:\/\/www.masiadelcadet.com\/fr\/restaurant#breadcrumb\",\"itemListElement\":[{\"@type\":\"ListItem\",\"position\":1,\"name\":\"Portada\",\"item\":\"https:\/\/www.masiadelcadet.com\/fr\"},{\"@type\":\"ListItem\",\"position\":2,\"name\":\"Restaurant\"}]},{\"@type\":\"WebSite\",\"@id\":\"https:\/\/www.masiadelcadet.com\/#website\",\"url\":\"https:\/\/www.masiadelcadet.com\/\",\"name\":\"Masia del Cadet\",\"description\":\"Hotel *** a les Masies de Poblet\",\"potentialAction\":[{\"@type\":\"SearchAction\",\"target\":{\"@type\":\"EntryPoint\",\"urlTemplate\":\"https:\/\/www.masiadelcadet.com\/?s={search_term_string}\"},\"query-input\":{\"@type\":\"PropertyValueSpecification\",\"valueRequired\":true,\"valueName\":\"search_term_string\"}}],\"inLanguage\":\"fr-FR\"}]}<\/script>\n<!-- \/ Yoast SEO plugin. -->","yoast_head_json":{"title":"Restaurant - Masia del Cadet","robots":{"index":"index","follow":"follow","max-snippet":"max-snippet:-1","max-image-preview":"max-image-preview:large","max-video-preview":"max-video-preview:-1"},"canonical":"https:\/\/www.masiadelcadet.com\/fr\/restaurant","og_locale":"fr_FR","og_type":"article","og_title":"Restaurant - Masia del Cadet","og_description":"Dans notre restaurant, vous pouvez trouver la plus haute qualit\u00e9 de la cuisine catalane, pr\u00e9par\u00e9s avec des produits de fabricants sur le march\u00e9 de frais, et le d\u00e9vouement que chaque client m\u00e9rite. Avec un vaste choix de produits de saison, chaque saison est un nouveau d\u00e9fi pour les sens. L\u2019amour de la gastronomie tout en","og_url":"https:\/\/www.masiadelcadet.com\/fr\/restaurant","og_site_name":"Masia del Cadet","article_modified_time":"2021-03-17T13:35:00+00:00","og_image":[{"url":"https:\/\/www.masiadelcadet.com\/wp-content\/uploads\/DSC_02791-450x300.jpg","type":"","width":"","height":""}],"twitter_card":"summary_large_image","twitter_site":"@masiadelcadet","twitter_misc":{"Dur\u00e9e de lecture estim\u00e9e":"6 minutes"},"schema":{"@context":"https:\/\/schema.org","@graph":[{"@type":"WebPage","@id":"https:\/\/www.masiadelcadet.com\/fr\/restaurant","url":"https:\/\/www.masiadelcadet.com\/fr\/restaurant","name":"Restaurant - Masia del Cadet","isPartOf":{"@id":"https:\/\/www.masiadelcadet.com\/#website"},"datePublished":"2014-09-01T12:53:50+00:00","dateModified":"2021-03-17T13:35:00+00:00","breadcrumb":{"@id":"https:\/\/www.masiadelcadet.com\/fr\/restaurant#breadcrumb"},"inLanguage":"fr-FR","potentialAction":[{"@type":"ReadAction","target":["https:\/\/www.masiadelcadet.com\/fr\/restaurant"]}]},{"@type":"BreadcrumbList","@id":"https:\/\/www.masiadelcadet.com\/fr\/restaurant#breadcrumb","itemListElement":[{"@type":"ListItem","position":1,"name":"Portada","item":"https:\/\/www.masiadelcadet.com\/fr"},{"@type":"ListItem","position":2,"name":"Restaurant"}]},{"@type":"WebSite","@id":"https:\/\/www.masiadelcadet.com\/#website","url":"https:\/\/www.masiadelcadet.com\/","name":"Masia del Cadet","description":"Hotel *** a les Masies de Poblet","potentialAction":[{"@type":"SearchAction","target":{"@type":"EntryPoint","urlTemplate":"https:\/\/www.masiadelcadet.com\/?s={search_term_string}"},"query-input":{"@type":"PropertyValueSpecification","valueRequired":true,"valueName":"search_term_string"}}],"inLanguage":"fr-FR"}]}},"_links":{"self":[{"href":"https:\/\/www.masiadelcadet.com\/fr\/wp-json\/wp\/v2\/pages\/27068","targetHints":{"allow":["GET"]}}],"collection":[{"href":"https:\/\/www.masiadelcadet.com\/fr\/wp-json\/wp\/v2\/pages"}],"about":[{"href":"https:\/\/www.masiadelcadet.com\/fr\/wp-json\/wp\/v2\/types\/page"}],"author":[{"embeddable":true,"href":"https:\/\/www.masiadelcadet.com\/fr\/wp-json\/wp\/v2\/users\/1"}],"replies":[{"embeddable":true,"href":"https:\/\/www.masiadelcadet.com\/fr\/wp-json\/wp\/v2\/comments?post=27068"}],"version-history":[{"count":7,"href":"https:\/\/www.masiadelcadet.com\/fr\/wp-json\/wp\/v2\/pages\/27068\/revisions"}],"predecessor-version":[{"id":87377,"href":"https:\/\/www.masiadelcadet.com\/fr\/wp-json\/wp\/v2\/pages\/27068\/revisions\/87377"}],"wp:attachment":[{"href":"https:\/\/www.masiadelcadet.com\/fr\/wp-json\/wp\/v2\/media?parent=27068"}],"curies":[{"name":"wp","href":"https:\/\/api.w.org\/{rel}","templated":true}]}}