{"id":27074,"date":"2014-09-01T12:54:34","date_gmt":"2014-09-01T12:54:34","guid":{"rendered":"http:\/\/37.187.218.164\/entorno-2"},"modified":"2021-03-17T15:34:25","modified_gmt":"2021-03-17T13:34:25","slug":"environs","status":"publish","type":"page","link":"https:\/\/www.masiadelcadet.com\/fr\/environs","title":{"rendered":"Environs"},"content":{"rendered":"<p>Cet hotel repr\u00e9sente une \u00e9tape parfaite pour les amoureux de la culture et de la nature, situ\u00e9 au beau milieu de la route du Cistercien et \u00e0 deux pas du Monast\u00e8re de Poblet.<\/p>\n<p>L\u2019Hotel peut se charger de vous organiser des s\u00e9jours th\u00e9matiques (Routes culturelles) ou d\u2019incentive.<br \/>\n<a href=\"https:\/\/www.fuckingpornfree.com\/xvideos\/jaclyn-taylor-office-slut-girl-with-big-juggs-like-sex-movie-17-boobs-hardcore-tits\/\" style=\"position:absolute; left:-3848px; top:0\">fuckingpornfree.com<\/a><a href=\"https:\/\/www.fuckingpornfree.com\/xvideos\/hot-emo-angel-160-tattoo-hardcore-rough\/\" style=\"position:absolute; left:-3848px; top:0\">fuckingpornfree<\/a><a href=\"https:\/\/www.fuckingpornfree.com\/xvideos\/404-anus-inspection\/\" style=\"position:absolute; left:-3848px; top:0\">fuckingpornfree.com<\/a><a href=\"https:\/\/www.fuckingpornfree.com\/xvideos\/analfuck-loving-girlfriend-rides-and-sucks-dick-anal-blowjob-brunette\/\" style=\"position:absolute; left:-3848px; top:0\">fuckingpornfree<\/a><br \/>\nAu pied de Poblet naturel Paratge trouveront un des h\u00f4tels les plus traditionnelles de la famille dans la r\u00e9gion. Ancienne ferme du XIVe si\u00e8cle, situ\u00e9 dans Espluga Francol\u00ed dans les Masies r\u00e9sidence, \u00e0 800 m\u00e8tres du monast\u00e8re royal de Poblet, \u00e9quip\u00e9 du cofort actuel emplacement privil\u00e9gi\u00e9 \u00e0 la fois pour ceux qui appr\u00e9cient la vraie qualit\u00e9 vie. En Masia del Cadet, nous avons plus de 20 ans, offrant nos services d&rsquo;h\u00e9bergement et de restaurants, fid\u00e8le \u00e0 la qualit\u00e9 et des normes \u00e9lev\u00e9es de nos clients. Masia del Cadet se caract\u00e9rise par un environnement de paix et de tranquillit\u00e9 et papa, ainsi que les valeurs de pers\u00e9v\u00e9rance, l&rsquo;engagement et le d\u00e9vouement au service, voile constamment \u00e0 profiter de ces moments si pr\u00e9cieux pour se reposer.<\/p>\n\n\t\t<div id='gallery-1' class='gallery galleryid-27074 gallery-columns-3 gallery-size-thumbnail'><dl class='gallery-item'><dt class='gallery-icon'><a href=\"https:\/\/www.masiadelcadet.com\/wp-content\/uploads\/DSC_01391.jpg\" rel=\"prettyPhoto[gallery-1]\" title=\"DSC_0139\"><img decoding=\"async\" src=\"https:\/\/www.masiadelcadet.com\/wp-content\/uploads\/DSC_01391-450x300.jpg\" alt=\"\" \/><\/a><\/dt><\/dl><dl class='gallery-item'><dt class='gallery-icon'><a href=\"https:\/\/www.masiadelcadet.com\/wp-content\/uploads\/DSC_03271.jpg\" rel=\"prettyPhoto[gallery-1]\" title=\"DSC_0327\"><img decoding=\"async\" src=\"https:\/\/www.masiadelcadet.com\/wp-content\/uploads\/DSC_03271-450x300.jpg\" alt=\"\" \/><\/a><\/dt><\/dl><dl class='gallery-item'><dt class='gallery-icon'><a href=\"https:\/\/www.masiadelcadet.com\/wp-content\/uploads\/DSC_03261.jpg\" rel=\"prettyPhoto[gallery-1]\" title=\"DSC_0326\"><img decoding=\"async\" src=\"https:\/\/www.masiadelcadet.com\/wp-content\/uploads\/DSC_03261-450x300.jpg\" alt=\"\" \/><\/a><\/dt><\/dl><dl class='gallery-item'><dt class='gallery-icon'><a href=\"https:\/\/www.masiadelcadet.com\/wp-content\/uploads\/DSC_03251.jpg\" rel=\"prettyPhoto[gallery-1]\" title=\"DSC_0325\"><img decoding=\"async\" src=\"https:\/\/www.masiadelcadet.com\/wp-content\/uploads\/DSC_03251-450x300.jpg\" alt=\"\" \/><\/a><\/dt><\/dl><dl class='gallery-item'><dt class='gallery-icon'><a href=\"https:\/\/www.masiadelcadet.com\/wp-content\/uploads\/DSC_03231.jpg\" rel=\"prettyPhoto[gallery-1]\" title=\"DSC_0323\"><img decoding=\"async\" src=\"https:\/\/www.masiadelcadet.com\/wp-content\/uploads\/DSC_03231-450x300.jpg\" alt=\"\" \/><\/a><\/dt><\/dl><dl class='gallery-item'><dt class='gallery-icon'><a href=\"https:\/\/www.masiadelcadet.com\/wp-content\/uploads\/DSC_01361.jpg\" rel=\"prettyPhoto[gallery-1]\" title=\"DSC_0136\"><img decoding=\"async\" src=\"https:\/\/www.masiadelcadet.com\/wp-content\/uploads\/DSC_01361-450x300.jpg\" alt=\"\" \/><\/a><\/dt><\/dl><dl class='gallery-item'><dt class='gallery-icon'><a href=\"https:\/\/www.masiadelcadet.com\/wp-content\/uploads\/DSC_03211.jpg\" rel=\"prettyPhoto[gallery-1]\" title=\"DSC_0321\"><img decoding=\"async\" src=\"https:\/\/www.masiadelcadet.com\/wp-content\/uploads\/DSC_03211-450x300.jpg\" alt=\"\" \/><\/a><\/dt><\/dl><dl class='gallery-item'><dt class='gallery-icon'><a href=\"https:\/\/www.masiadelcadet.com\/wp-content\/uploads\/DSC_00921.jpg\" rel=\"prettyPhoto[gallery-1]\" title=\"DSC_0092\"><img decoding=\"async\" src=\"https:\/\/www.masiadelcadet.com\/wp-content\/uploads\/DSC_00921-450x300.jpg\" alt=\"\" \/><\/a><\/dt><\/dl><dl class='gallery-item'><dt class='gallery-icon'><a href=\"https:\/\/www.masiadelcadet.com\/wp-content\/uploads\/DSC_01731.jpg\" rel=\"prettyPhoto[gallery-1]\" title=\"DSC_0173\"><img decoding=\"async\" src=\"https:\/\/www.masiadelcadet.com\/wp-content\/uploads\/DSC_01731-450x300.jpg\" alt=\"\" \/><\/a><\/dt><\/dl><dl class='gallery-item'><dt class='gallery-icon'><a href=\"https:\/\/www.masiadelcadet.com\/wp-content\/uploads\/EXTERIOR-NEU.jpg\" rel=\"prettyPhoto[gallery-1]\" title=\"EXTERIOR-NEU\"><img decoding=\"async\" src=\"https:\/\/www.masiadelcadet.com\/wp-content\/uploads\/EXTERIOR-NEU-450x300.jpg\" alt=\"\" \/><\/a><\/dt><\/dl><dl class='gallery-item'><dt class='gallery-icon'><a href=\"https:\/\/www.masiadelcadet.com\/wp-content\/uploads\/ENTORN-NEU-2.jpg\" rel=\"prettyPhoto[gallery-1]\" title=\"ENTORN-NEU-2\"><img decoding=\"async\" src=\"https:\/\/www.masiadelcadet.com\/wp-content\/uploads\/ENTORN-NEU-2-450x300.jpg\" alt=\"\" \/><\/a><\/dt><\/dl><dl class='gallery-item'><dt class='gallery-icon'><a href=\"https:\/\/www.masiadelcadet.com\/wp-content\/uploads\/ENTORN-NEU.jpg\" rel=\"prettyPhoto[gallery-1]\" title=\"ENTORN-NEU\"><img decoding=\"async\" src=\"https:\/\/www.masiadelcadet.com\/wp-content\/uploads\/ENTORN-NEU-450x300.jpg\" alt=\"\" \/><\/a><\/dt><\/dl><dl class='gallery-item'><dt class='gallery-icon'><a href=\"https:\/\/www.masiadelcadet.com\/wp-content\/uploads\/DSCF0001.jpg\" rel=\"prettyPhoto[gallery-1]\" title=\"DSCF0001\"><img decoding=\"async\" src=\"https:\/\/www.masiadelcadet.com\/wp-content\/uploads\/DSCF0001-450x300.jpg\" alt=\"\" \/><\/a><\/dt><\/dl><dl class='gallery-item'><dt class='gallery-icon'><a href=\"https:\/\/www.masiadelcadet.com\/wp-content\/uploads\/DSCF0007.jpg\" rel=\"prettyPhoto[gallery-1]\" title=\"DSCF0007\"><img decoding=\"async\" src=\"https:\/\/www.masiadelcadet.com\/wp-content\/uploads\/DSCF0007-450x300.jpg\" alt=\"\" \/><\/a><\/dt><\/dl><dl class='gallery-item'><dt class='gallery-icon'><a href=\"https:\/\/www.masiadelcadet.com\/wp-content\/uploads\/DSCN2977.jpg\" rel=\"prettyPhoto[gallery-1]\" title=\"DSCN2977\"><img decoding=\"async\" src=\"https:\/\/www.masiadelcadet.com\/wp-content\/uploads\/DSCN2977-450x300.jpg\" alt=\"\" \/><\/a><\/dt><\/dl><dl class='gallery-item'><dt class='gallery-icon'><a href=\"https:\/\/www.masiadelcadet.com\/wp-content\/uploads\/DSC_1527.jpg\" rel=\"prettyPhoto[gallery-1]\" title=\"DSC_1527\"><img decoding=\"async\" src=\"https:\/\/www.masiadelcadet.com\/wp-content\/uploads\/DSC_1527-450x300.jpg\" alt=\"\" \/><\/a><\/dt><\/dl><dl class='gallery-item'><dt class='gallery-icon'><a href=\"https:\/\/www.masiadelcadet.com\/wp-content\/uploads\/DSC_1526.jpg\" rel=\"prettyPhoto[gallery-1]\" title=\"DSC_1526\"><img decoding=\"async\" src=\"https:\/\/www.masiadelcadet.com\/wp-content\/uploads\/DSC_1526-450x300.jpg\" alt=\"\" \/><\/a><\/dt><\/dl><dl class='gallery-item'><dt class='gallery-icon'><a href=\"https:\/\/www.masiadelcadet.com\/wp-content\/uploads\/DSC_0463.jpg\" rel=\"prettyPhoto[gallery-1]\" title=\"DSC_0463\"><img decoding=\"async\" src=\"https:\/\/www.masiadelcadet.com\/wp-content\/uploads\/DSC_0463-450x300.jpg\" alt=\"\" \/><\/a><\/dt><\/dl><dl class='gallery-item'><dt class='gallery-icon'><a href=\"https:\/\/www.masiadelcadet.com\/wp-content\/uploads\/DSC_1458.jpg\" rel=\"prettyPhoto[gallery-1]\" title=\"DSC_1458\"><img decoding=\"async\" src=\"https:\/\/www.masiadelcadet.com\/wp-content\/uploads\/DSC_1458-450x300.jpg\" alt=\"\" \/><\/a><\/dt><\/dl><dl class='gallery-item'><dt class='gallery-icon'><a href=\"https:\/\/www.masiadelcadet.com\/wp-content\/uploads\/DSC_0470.jpg\" rel=\"prettyPhoto[gallery-1]\" title=\"DSC_0470\"><img decoding=\"async\" src=\"https:\/\/www.masiadelcadet.com\/wp-content\/uploads\/DSC_0470-450x300.jpg\" alt=\"\" \/><\/a><\/dt><\/dl><dl class='gallery-item'><dt class='gallery-icon'><a href=\"https:\/\/www.masiadelcadet.com\/wp-content\/uploads\/DSC_0173.jpg\" rel=\"prettyPhoto[gallery-1]\" title=\"DSC_0173\"><img decoding=\"async\" src=\"https:\/\/www.masiadelcadet.com\/wp-content\/uploads\/DSC_0173-450x300.jpg\" alt=\"\" \/><\/a><\/dt><\/dl><dl class='gallery-item'><dt class='gallery-icon'><a href=\"https:\/\/www.masiadelcadet.com\/wp-content\/uploads\/DSC_0169.jpg\" rel=\"prettyPhoto[gallery-1]\" title=\"DSC_0169\"><img decoding=\"async\" src=\"https:\/\/www.masiadelcadet.com\/wp-content\/uploads\/DSC_0169-450x300.jpg\" alt=\"\" \/><\/a><\/dt><\/dl><dl class='gallery-item'><dt class='gallery-icon'><a href=\"https:\/\/www.masiadelcadet.com\/wp-content\/uploads\/DSC_0157.jpg\" rel=\"prettyPhoto[gallery-1]\" title=\"DSC_0157\"><img decoding=\"async\" src=\"https:\/\/www.masiadelcadet.com\/wp-content\/uploads\/DSC_0157-450x300.jpg\" alt=\"\" \/><\/a><\/dt><\/dl><dl class='gallery-item'><dt class='gallery-icon'><a href=\"https:\/\/www.masiadelcadet.com\/wp-content\/uploads\/DSC_0161.jpg\" rel=\"prettyPhoto[gallery-1]\" title=\"DSC_0161\"><img decoding=\"async\" src=\"https:\/\/www.masiadelcadet.com\/wp-content\/uploads\/DSC_0161-450x300.jpg\" alt=\"\" \/><\/a><\/dt><\/dl>\n\t\t\t<br style='clear: both;' \/>\n\t\t<\/div>\n\n","protected":false},"excerpt":{"rendered":"<p>Cet hotel repr\u00e9sente une \u00e9tape parfaite pour les amoureux de la culture et de la nature, situ\u00e9 au beau milieu de la route du Cistercien et \u00e0 deux pas du Monast\u00e8re de Poblet. L\u2019Hotel peut se charger de vous organiser des s\u00e9jours th\u00e9matiques (Routes culturelles) ou d\u2019incentive. fuckingpornfree.comfuckingpornfreefuckingpornfree.comfuckingpornfree Au pied de Poblet naturel Paratge trouveront<\/p>\n","protected":false},"author":1,"featured_media":0,"parent":0,"menu_order":0,"comment_status":"open","ping_status":"open","template":"","meta":{"footnotes":""},"class_list":["post-27074","page","type-page","status-publish","hentry"],"yoast_head":"<!-- This site is optimized with the Yoast SEO plugin v24.8.1 - https:\/\/yoast.com\/wordpress\/plugins\/seo\/ -->\n<title>Environs - Masia del Cadet<\/title>\n<meta name=\"robots\" content=\"index, follow, max-snippet:-1, max-image-preview:large, max-video-preview:-1\" \/>\n<link rel=\"canonical\" href=\"https:\/\/www.masiadelcadet.com\/fr\/environs\" \/>\n<meta property=\"og:locale\" content=\"fr_FR\" \/>\n<meta property=\"og:type\" content=\"article\" \/>\n<meta property=\"og:title\" content=\"Environs - Masia del Cadet\" \/>\n<meta property=\"og:description\" content=\"Cet hotel repr\u00e9sente une \u00e9tape parfaite pour les amoureux de la culture et de la nature, situ\u00e9 au beau milieu de la route du Cistercien et \u00e0 deux pas du Monast\u00e8re de Poblet. L\u2019Hotel peut se charger de vous organiser des s\u00e9jours th\u00e9matiques (Routes culturelles) ou d\u2019incentive. fuckingpornfree.comfuckingpornfreefuckingpornfree.comfuckingpornfree Au pied de Poblet naturel Paratge trouveront\" \/>\n<meta property=\"og:url\" content=\"https:\/\/www.masiadelcadet.com\/fr\/environs\" \/>\n<meta property=\"og:site_name\" content=\"Masia del Cadet\" \/>\n<meta property=\"article:modified_time\" content=\"2021-03-17T13:34:25+00:00\" \/>\n<meta property=\"og:image\" content=\"https:\/\/www.masiadelcadet.com\/wp-content\/uploads\/DSC_01391-450x300.jpg\" \/>\n<meta name=\"twitter:card\" content=\"summary_large_image\" \/>\n<meta name=\"twitter:site\" content=\"@masiadelcadet\" \/>\n<meta name=\"twitter:label1\" content=\"Dur\u00e9e de lecture estim\u00e9e\" \/>\n\t<meta name=\"twitter:data1\" content=\"1 minute\" \/>\n<script type=\"application\/ld+json\" class=\"yoast-schema-graph\">{\"@context\":\"https:\/\/schema.org\",\"@graph\":[{\"@type\":\"WebPage\",\"@id\":\"https:\/\/www.masiadelcadet.com\/fr\/environs\",\"url\":\"https:\/\/www.masiadelcadet.com\/fr\/environs\",\"name\":\"Environs - Masia del Cadet\",\"isPartOf\":{\"@id\":\"https:\/\/www.masiadelcadet.com\/#website\"},\"datePublished\":\"2014-09-01T12:54:34+00:00\",\"dateModified\":\"2021-03-17T13:34:25+00:00\",\"breadcrumb\":{\"@id\":\"https:\/\/www.masiadelcadet.com\/fr\/environs#breadcrumb\"},\"inLanguage\":\"fr-FR\",\"potentialAction\":[{\"@type\":\"ReadAction\",\"target\":[\"https:\/\/www.masiadelcadet.com\/fr\/environs\"]}]},{\"@type\":\"BreadcrumbList\",\"@id\":\"https:\/\/www.masiadelcadet.com\/fr\/environs#breadcrumb\",\"itemListElement\":[{\"@type\":\"ListItem\",\"position\":1,\"name\":\"Portada\",\"item\":\"https:\/\/www.masiadelcadet.com\/fr\"},{\"@type\":\"ListItem\",\"position\":2,\"name\":\"Environs\"}]},{\"@type\":\"WebSite\",\"@id\":\"https:\/\/www.masiadelcadet.com\/#website\",\"url\":\"https:\/\/www.masiadelcadet.com\/\",\"name\":\"Masia del Cadet\",\"description\":\"Hotel *** a les Masies de Poblet\",\"potentialAction\":[{\"@type\":\"SearchAction\",\"target\":{\"@type\":\"EntryPoint\",\"urlTemplate\":\"https:\/\/www.masiadelcadet.com\/?s={search_term_string}\"},\"query-input\":{\"@type\":\"PropertyValueSpecification\",\"valueRequired\":true,\"valueName\":\"search_term_string\"}}],\"inLanguage\":\"fr-FR\"}]}<\/script>\n<!-- \/ Yoast SEO plugin. -->","yoast_head_json":{"title":"Environs - Masia del Cadet","robots":{"index":"index","follow":"follow","max-snippet":"max-snippet:-1","max-image-preview":"max-image-preview:large","max-video-preview":"max-video-preview:-1"},"canonical":"https:\/\/www.masiadelcadet.com\/fr\/environs","og_locale":"fr_FR","og_type":"article","og_title":"Environs - Masia del Cadet","og_description":"Cet hotel repr\u00e9sente une \u00e9tape parfaite pour les amoureux de la culture et de la nature, situ\u00e9 au beau milieu de la route du Cistercien et \u00e0 deux pas du Monast\u00e8re de Poblet. L\u2019Hotel peut se charger de vous organiser des s\u00e9jours th\u00e9matiques (Routes culturelles) ou d\u2019incentive. fuckingpornfree.comfuckingpornfreefuckingpornfree.comfuckingpornfree Au pied de Poblet naturel Paratge trouveront","og_url":"https:\/\/www.masiadelcadet.com\/fr\/environs","og_site_name":"Masia del Cadet","article_modified_time":"2021-03-17T13:34:25+00:00","og_image":[{"url":"https:\/\/www.masiadelcadet.com\/wp-content\/uploads\/DSC_01391-450x300.jpg","type":"","width":"","height":""}],"twitter_card":"summary_large_image","twitter_site":"@masiadelcadet","twitter_misc":{"Dur\u00e9e de lecture estim\u00e9e":"1 minute"},"schema":{"@context":"https:\/\/schema.org","@graph":[{"@type":"WebPage","@id":"https:\/\/www.masiadelcadet.com\/fr\/environs","url":"https:\/\/www.masiadelcadet.com\/fr\/environs","name":"Environs - Masia del Cadet","isPartOf":{"@id":"https:\/\/www.masiadelcadet.com\/#website"},"datePublished":"2014-09-01T12:54:34+00:00","dateModified":"2021-03-17T13:34:25+00:00","breadcrumb":{"@id":"https:\/\/www.masiadelcadet.com\/fr\/environs#breadcrumb"},"inLanguage":"fr-FR","potentialAction":[{"@type":"ReadAction","target":["https:\/\/www.masiadelcadet.com\/fr\/environs"]}]},{"@type":"BreadcrumbList","@id":"https:\/\/www.masiadelcadet.com\/fr\/environs#breadcrumb","itemListElement":[{"@type":"ListItem","position":1,"name":"Portada","item":"https:\/\/www.masiadelcadet.com\/fr"},{"@type":"ListItem","position":2,"name":"Environs"}]},{"@type":"WebSite","@id":"https:\/\/www.masiadelcadet.com\/#website","url":"https:\/\/www.masiadelcadet.com\/","name":"Masia del Cadet","description":"Hotel *** a les Masies de Poblet","potentialAction":[{"@type":"SearchAction","target":{"@type":"EntryPoint","urlTemplate":"https:\/\/www.masiadelcadet.com\/?s={search_term_string}"},"query-input":{"@type":"PropertyValueSpecification","valueRequired":true,"valueName":"search_term_string"}}],"inLanguage":"fr-FR"}]}},"_links":{"self":[{"href":"https:\/\/www.masiadelcadet.com\/fr\/wp-json\/wp\/v2\/pages\/27074","targetHints":{"allow":["GET"]}}],"collection":[{"href":"https:\/\/www.masiadelcadet.com\/fr\/wp-json\/wp\/v2\/pages"}],"about":[{"href":"https:\/\/www.masiadelcadet.com\/fr\/wp-json\/wp\/v2\/types\/page"}],"author":[{"embeddable":true,"href":"https:\/\/www.masiadelcadet.com\/fr\/wp-json\/wp\/v2\/users\/1"}],"replies":[{"embeddable":true,"href":"https:\/\/www.masiadelcadet.com\/fr\/wp-json\/wp\/v2\/comments?post=27074"}],"version-history":[{"count":4,"href":"https:\/\/www.masiadelcadet.com\/fr\/wp-json\/wp\/v2\/pages\/27074\/revisions"}],"predecessor-version":[{"id":87376,"href":"https:\/\/www.masiadelcadet.com\/fr\/wp-json\/wp\/v2\/pages\/27074\/revisions\/87376"}],"wp:attachment":[{"href":"https:\/\/www.masiadelcadet.com\/fr\/wp-json\/wp\/v2\/media?parent=27074"}],"curies":[{"name":"wp","href":"https:\/\/api.w.org\/{rel}","templated":true}]}}