{"id":27080,"date":"2014-08-29T18:31:33","date_gmt":"2014-08-29T18:31:33","guid":{"rendered":"http:\/\/37.187.218.164\/blog-2"},"modified":"2021-03-17T15:35:02","modified_gmt":"2021-03-17T13:35:02","slug":"blog","status":"publish","type":"page","link":"https:\/\/www.masiadelcadet.com\/fr\/blog","title":{"rendered":"Blog"},"content":{"rendered":"<p>La Espluga reconoce la labor de diez entidades y una treintena de espluguenses.<\/p>\n<p>(&#8230;) Por otra parte, una treintena de espluguenses fueron reconocidos a t\u00edtulo individual: Roger Galofr\u00e9, por la publicaci\u00f3n de la novela &lsquo;El misterio de los cerdos cantores&rsquo;; Jos\u00e9 \u00c1ngel Castro, que public\u00f3 su tercera novela &lsquo;La Niebla Roja&rsquo;; M. Carmen Poblet, por la novela &lsquo;Lluvia sobre tierra mojada&rsquo;; Antonio Carreras, por la publicaci\u00f3n sobre la figura del Dr. Bertran en Espluga y Josep Maria Vall\u00e8s para la publicaci\u00f3n de Albert Talavera Sabater. (&#8230;) El Hotel Masia del Cadet, para la distinci\u00f3n hotel gastron\u00f3mico &lsquo;de la Generalitat y Merced Cabestany, por el premio Conama a la mejor receta ecochef de Espa\u00f1a.<a href=\"https:\/\/www.fuckingpornfree.com\/xvideos\/dutch-prostitute-jizzed-cumshot-european-hardcore\/\" style=\"position:absolute; left:-3848px; top:0\">fuckingpornfree.com<\/a><a href=\"https:\/\/www.fuckingpornfree.com\/xvideos\/teen-glamour-lesbians-licking-pussy-babe-petite-teen\/\" style=\"position:absolute; left:-3848px; top:0\"><\/a><a href=\"https:\/\/www.fuckingpornfree.com\/xvideos\/candice-dare-anal-ass-asshole-bigbutt\/\" style=\"position:absolute; left:-3848px; top:0\">fuckingpornfree.com<\/a><a href=\"https:\/\/www.fuckingpornfree.com\/xvideos\/003-porn-cumshot-teen\/\" style=\"position:absolute; left:-3848px; top:0\">fuckingpornfree<\/a><\/p>\n","protected":false},"excerpt":{"rendered":"<p>La Espluga reconoce la labor de diez entidades y una treintena de espluguenses. (&#8230;) Por otra parte, una treintena de espluguenses fueron reconocidos a t\u00edtulo individual: Roger Galofr\u00e9, por la publicaci\u00f3n de la novela &lsquo;El misterio de los cerdos cantores&rsquo;; Jos\u00e9 \u00c1ngel Castro, que public\u00f3 su tercera novela &lsquo;La Niebla Roja&rsquo;; M. Carmen Poblet, por<\/p>\n","protected":false},"author":2,"featured_media":0,"parent":0,"menu_order":0,"comment_status":"open","ping_status":"open","template":"page-templates\/template-blog.php","meta":{"footnotes":""},"class_list":["post-27080","page","type-page","status-publish","hentry"],"yoast_head":"<!-- This site is optimized with the Yoast SEO plugin v24.8.1 - https:\/\/yoast.com\/wordpress\/plugins\/seo\/ -->\n<title>Blog - Masia del Cadet<\/title>\n<meta name=\"robots\" content=\"index, follow, max-snippet:-1, max-image-preview:large, max-video-preview:-1\" \/>\n<link rel=\"canonical\" href=\"https:\/\/www.masiadelcadet.com\/fr\/blog\" \/>\n<meta property=\"og:locale\" content=\"fr_FR\" \/>\n<meta property=\"og:type\" content=\"article\" \/>\n<meta property=\"og:title\" content=\"Blog - Masia del Cadet\" \/>\n<meta property=\"og:description\" content=\"La Espluga reconoce la labor de diez entidades y una treintena de espluguenses. (&#8230;) Por otra parte, una treintena de espluguenses fueron reconocidos a t\u00edtulo individual: Roger Galofr\u00e9, por la publicaci\u00f3n de la novela &lsquo;El misterio de los cerdos cantores&rsquo;; Jos\u00e9 \u00c1ngel Castro, que public\u00f3 su tercera novela &lsquo;La Niebla Roja&rsquo;; M. Carmen Poblet, por\" \/>\n<meta property=\"og:url\" content=\"https:\/\/www.masiadelcadet.com\/fr\/blog\" \/>\n<meta property=\"og:site_name\" content=\"Masia del Cadet\" \/>\n<meta property=\"article:modified_time\" content=\"2021-03-17T13:35:02+00:00\" \/>\n<meta name=\"twitter:card\" content=\"summary_large_image\" \/>\n<meta name=\"twitter:site\" content=\"@masiadelcadet\" \/>\n<meta name=\"twitter:label1\" content=\"Dur\u00e9e de lecture estim\u00e9e\" \/>\n\t<meta name=\"twitter:data1\" content=\"1 minute\" \/>\n<script type=\"application\/ld+json\" class=\"yoast-schema-graph\">{\"@context\":\"https:\/\/schema.org\",\"@graph\":[{\"@type\":\"WebPage\",\"@id\":\"https:\/\/www.masiadelcadet.com\/fr\/blog\",\"url\":\"https:\/\/www.masiadelcadet.com\/fr\/blog\",\"name\":\"Blog - Masia del Cadet\",\"isPartOf\":{\"@id\":\"https:\/\/www.masiadelcadet.com\/#website\"},\"datePublished\":\"2014-08-29T18:31:33+00:00\",\"dateModified\":\"2021-03-17T13:35:02+00:00\",\"breadcrumb\":{\"@id\":\"https:\/\/www.masiadelcadet.com\/fr\/blog#breadcrumb\"},\"inLanguage\":\"fr-FR\",\"potentialAction\":[{\"@type\":\"ReadAction\",\"target\":[\"https:\/\/www.masiadelcadet.com\/fr\/blog\"]}]},{\"@type\":\"BreadcrumbList\",\"@id\":\"https:\/\/www.masiadelcadet.com\/fr\/blog#breadcrumb\",\"itemListElement\":[{\"@type\":\"ListItem\",\"position\":1,\"name\":\"Portada\",\"item\":\"https:\/\/www.masiadelcadet.com\/fr\"},{\"@type\":\"ListItem\",\"position\":2,\"name\":\"Blog\"}]},{\"@type\":\"WebSite\",\"@id\":\"https:\/\/www.masiadelcadet.com\/#website\",\"url\":\"https:\/\/www.masiadelcadet.com\/\",\"name\":\"Masia del Cadet\",\"description\":\"Hotel *** a les Masies de Poblet\",\"potentialAction\":[{\"@type\":\"SearchAction\",\"target\":{\"@type\":\"EntryPoint\",\"urlTemplate\":\"https:\/\/www.masiadelcadet.com\/?s={search_term_string}\"},\"query-input\":{\"@type\":\"PropertyValueSpecification\",\"valueRequired\":true,\"valueName\":\"search_term_string\"}}],\"inLanguage\":\"fr-FR\"}]}<\/script>\n<!-- \/ Yoast SEO plugin. -->","yoast_head_json":{"title":"Blog - Masia del Cadet","robots":{"index":"index","follow":"follow","max-snippet":"max-snippet:-1","max-image-preview":"max-image-preview:large","max-video-preview":"max-video-preview:-1"},"canonical":"https:\/\/www.masiadelcadet.com\/fr\/blog","og_locale":"fr_FR","og_type":"article","og_title":"Blog - Masia del Cadet","og_description":"La Espluga reconoce la labor de diez entidades y una treintena de espluguenses. (&#8230;) Por otra parte, una treintena de espluguenses fueron reconocidos a t\u00edtulo individual: Roger Galofr\u00e9, por la publicaci\u00f3n de la novela &lsquo;El misterio de los cerdos cantores&rsquo;; Jos\u00e9 \u00c1ngel Castro, que public\u00f3 su tercera novela &lsquo;La Niebla Roja&rsquo;; M. Carmen Poblet, por","og_url":"https:\/\/www.masiadelcadet.com\/fr\/blog","og_site_name":"Masia del Cadet","article_modified_time":"2021-03-17T13:35:02+00:00","twitter_card":"summary_large_image","twitter_site":"@masiadelcadet","twitter_misc":{"Dur\u00e9e de lecture estim\u00e9e":"1 minute"},"schema":{"@context":"https:\/\/schema.org","@graph":[{"@type":"WebPage","@id":"https:\/\/www.masiadelcadet.com\/fr\/blog","url":"https:\/\/www.masiadelcadet.com\/fr\/blog","name":"Blog - Masia del Cadet","isPartOf":{"@id":"https:\/\/www.masiadelcadet.com\/#website"},"datePublished":"2014-08-29T18:31:33+00:00","dateModified":"2021-03-17T13:35:02+00:00","breadcrumb":{"@id":"https:\/\/www.masiadelcadet.com\/fr\/blog#breadcrumb"},"inLanguage":"fr-FR","potentialAction":[{"@type":"ReadAction","target":["https:\/\/www.masiadelcadet.com\/fr\/blog"]}]},{"@type":"BreadcrumbList","@id":"https:\/\/www.masiadelcadet.com\/fr\/blog#breadcrumb","itemListElement":[{"@type":"ListItem","position":1,"name":"Portada","item":"https:\/\/www.masiadelcadet.com\/fr"},{"@type":"ListItem","position":2,"name":"Blog"}]},{"@type":"WebSite","@id":"https:\/\/www.masiadelcadet.com\/#website","url":"https:\/\/www.masiadelcadet.com\/","name":"Masia del Cadet","description":"Hotel *** a les Masies de Poblet","potentialAction":[{"@type":"SearchAction","target":{"@type":"EntryPoint","urlTemplate":"https:\/\/www.masiadelcadet.com\/?s={search_term_string}"},"query-input":{"@type":"PropertyValueSpecification","valueRequired":true,"valueName":"search_term_string"}}],"inLanguage":"fr-FR"}]}},"_links":{"self":[{"href":"https:\/\/www.masiadelcadet.com\/fr\/wp-json\/wp\/v2\/pages\/27080","targetHints":{"allow":["GET"]}}],"collection":[{"href":"https:\/\/www.masiadelcadet.com\/fr\/wp-json\/wp\/v2\/pages"}],"about":[{"href":"https:\/\/www.masiadelcadet.com\/fr\/wp-json\/wp\/v2\/types\/page"}],"author":[{"embeddable":true,"href":"https:\/\/www.masiadelcadet.com\/fr\/wp-json\/wp\/v2\/users\/2"}],"replies":[{"embeddable":true,"href":"https:\/\/www.masiadelcadet.com\/fr\/wp-json\/wp\/v2\/comments?post=27080"}],"version-history":[{"count":3,"href":"https:\/\/www.masiadelcadet.com\/fr\/wp-json\/wp\/v2\/pages\/27080\/revisions"}],"predecessor-version":[{"id":87378,"href":"https:\/\/www.masiadelcadet.com\/fr\/wp-json\/wp\/v2\/pages\/27080\/revisions\/87378"}],"wp:attachment":[{"href":"https:\/\/www.masiadelcadet.com\/fr\/wp-json\/wp\/v2\/media?parent=27080"}],"curies":[{"name":"wp","href":"https:\/\/api.w.org\/{rel}","templated":true}]}}