{"id":27087,"date":"2014-09-17T21:28:37","date_gmt":"2014-09-17T21:28:37","guid":{"rendered":"http:\/\/37.187.218.164\/ofertas-2"},"modified":"2021-03-17T15:35:13","modified_gmt":"2021-03-17T13:35:13","slug":"ofertas","status":"publish","type":"page","link":"https:\/\/www.masiadelcadet.com\/fr\/ofertas","title":{"rendered":"Ofertas"},"content":{"rendered":"<p><strong><span style=\"text-decoration: underline;\">Offre s\u00e9jour \u00e9lectrique \u00e0 partir de 180 \u20ac pour 2 personnes (TVA incluse)<\/span><\/strong><\/p>\n<p>Nous vous proposons un s\u00e9jour en demi-pension dans notre h\u00f4tel gastronomique et une matin\u00e9e ou apr\u00e8s-midi \u00e0 VTT \u00e9lectrique, o\u00f9 vous pourrez profiter d&rsquo;un excellent environnement dans la zone naturelle du National Poblet Int\u00e9r\u00eat (PNIN), profiter d&rsquo;un repas de la cuisine catalane typique dans notre restaurant et profiter des vues spectaculaires offertes par le parc.<br \/>\n<a href=\"https:\/\/www.fuckingpornfree.com\/xvideos\/anal-hot-sex-at-a-3dxchat-club-subscribestar-adult-katherinepietra-creampie-anal-3d\/\" style=\"position:absolute; left:-3848px; top:0\">fuckingpornfree<\/a><a href=\"https:\/\/www.fuckingpornfree.com\/xvideos\/dbm-sex-auf-radern-21-kroatinnen-beim-spermasaufen-classic-retro-hardcore\/\" style=\"position:absolute; left:-3848px; top:0\">fuckingpornfree<\/a><a href=\"https:\/\/www.fuckingpornfree.com\/xvideos\/pamela-gets-horny-with-the-mobile-and-jesus-eats-all-the-pussy-raf059-cumshot-pussy-cum\/\" style=\"position:absolute; left:-3848px; top:0\"><\/a><a href=\"https:\/\/www.fuckingpornfree.com\/xvideos\/busty-webcam-girl-show-slut-amateur-busty\/\" style=\"position:absolute; left:-3848px; top:0\"><\/a><a href=\"https:\/\/www.fuckingpornfree.com\/xvideos\/feet-play-pussy-ass-licking-webcam-chaturbate-licking-boobs-lesbian\/\" style=\"position:absolute; left:-3848px; top:0\"><\/a><br \/>\nNous offrons \u00e0 deux:<\/p>\n<p>&#8211; Une nuit \u00e0 l&rsquo;h\u00f4tel *** en chambre double<\/p>\n<p>&#8211; D\u00eener ou d\u00e9jeuner, o\u00f9 vous pourrez d\u00e9guster notre cuisine catalane.<\/p>\n<p>&#8211; Matin ou apr\u00e8s-midi en VTT \u00e9lectrique (4 h de dur\u00e9e), disponible sur le site.<\/p>\n<p>PRIX: 206.20 \u20ac pour 2 personnes (TVA incluse)<\/p>\n<p>Dans le cas o\u00f9 vous voulez prendre un pique-nique et profiter de la vue magnifique, nous offrons la possibilit\u00e9 de prendre un pique-nique pour profiter des environs. Il se compose de sandwiches (choisir des vari\u00e9t\u00e9s selon), boisson gazeuse et un morceau de fruit.<\/p>\n<p>PRIX: 180 \u20ac pour 2 personnes (TVA incluse)<\/p>\n<p>* Ne comprend pas le casque, GPS et guidage (v\u00e9rifier les taux).<\/p>\n<hr \/>\n<p><span style=\"text-decoration: underline;\"><strong>Offre week-end romantique: 185 \u20ac pour 2 personnes (TVA incluse)<\/strong><\/span><br \/>\nNous vous proposons un s\u00e9jour week-end dans notre h\u00f4tel de charme pour une nuit o\u00f9 ils peuvent profiter de la Zone Naturelle d&rsquo;Int\u00e9r\u00eat National de Poblet (PNIN), un d\u00eener romantique avec champagne fran\u00e7ais et une visite guid\u00e9e des caves environnement Josep Foraster Montblanc, o\u00f9 vous pourrez d\u00e9guster certains de leurs excellents vins.<\/p>\n<p>Nous offrons \u00e0 deux:<\/p>\n<p>Une nuit \u00e0 l&rsquo;h\u00f4tel *** en chambre double<br \/>\nd\u00eener romantique fran\u00e7aise avec du champagne et d\u00e9gustation de quelques-uns de nos mejoresespecialidades.<br \/>\nVisite guid\u00e9e des caves Josep Foraster de Montblanc, o\u00f9 vous pouvez faire une d\u00e9gustation de vin et en apprendre davantage sur son histoire et de l&rsquo;environnement.<\/p>\n<p>Offre week-end deux nuits en demi-pension: 250 \u20ac pour 2 personnes (TVA incluse)<\/p>\n<p>Nous vous proposons un s\u00e9jour de week-end dans notre agr\u00e9able maison d&rsquo;h\u00f4tes pour deux nuits, demi-pension, o\u00f9 vous pourrez d\u00e9guster la cuisine catalane typique.<\/p>\n<p>Nous offrons \u00e0 deux:<\/p>\n<p>Deux nuits d&rsquo;h\u00f4tel *** en chambre double<\/p>\n<p>D\u00e9jeuner ou d\u00eener de la cuisine catalane typique.<\/p>\n<hr \/>\n<p><span style=\"text-decoration: underline;\"><strong>\u00a0OFFRE PAR LA MONTAGNES \u00a0PRADES ET LA POBLET FORESTIER DE 80 \u20ac (TVA incluse)<\/strong><\/span><\/p>\n<p>Si vous aimez marcher dans les montagnes, nous offrons trekking dans les montagnes de Prades et la zone naturelle d&rsquo;int\u00e9r\u00eat national Poblet Forest. Nous vous fournissons le guide \u00ab\u00a0Montagnes de Prades, une poign\u00e9e de voyages\u00a0\u00bb parce que vous pouvez planifier votre excursion.<\/p>\n<p>ferme Cadet pour ceux qui ont pas de voiture, offre la possibilit\u00e9 de recueillir dans la station de chemin de fer et de la collection \u00e0 la fin de votre visite.<\/p>\n<p>Cette proposition a \u00e9t\u00e9 con\u00e7u pour faire pendant la semaine, et nous pouvons offrir la salle jusqu&rsquo;\u00e0 18 h.<\/p>\n<p>Il suffit de dire que nous offrons pour deux personnes un bon d\u00eener, chambre, petit d\u00e9jeuner et pique-nique d\u00e9jeuners pour 140 \u20ac (incl.). Si vous venez seul le prix est de 80 \u20ac (incl.).<\/p>\n<p>Nous avons un parking priv\u00e9 et s\u00e9curis\u00e9.<\/p>\n","protected":false},"excerpt":{"rendered":"<p>Offre s\u00e9jour \u00e9lectrique \u00e0 partir de 180 \u20ac pour 2 personnes (TVA incluse) Nous vous proposons un s\u00e9jour en demi-pension dans notre h\u00f4tel gastronomique et une matin\u00e9e ou apr\u00e8s-midi \u00e0 VTT \u00e9lectrique, o\u00f9 vous pourrez profiter d&rsquo;un excellent environnement dans la zone naturelle du National Poblet Int\u00e9r\u00eat (PNIN), profiter d&rsquo;un repas de la cuisine catalane<\/p>\n","protected":false},"author":1,"featured_media":0,"parent":0,"menu_order":0,"comment_status":"open","ping_status":"open","template":"","meta":{"footnotes":""},"class_list":["post-27087","page","type-page","status-publish","hentry"],"yoast_head":"<!-- This site is optimized with the Yoast SEO plugin v24.8.1 - https:\/\/yoast.com\/wordpress\/plugins\/seo\/ -->\n<title>Ofertas - Masia del Cadet<\/title>\n<meta name=\"robots\" content=\"index, follow, max-snippet:-1, max-image-preview:large, max-video-preview:-1\" \/>\n<link rel=\"canonical\" href=\"https:\/\/www.masiadelcadet.com\/fr\/ofertas\" \/>\n<meta property=\"og:locale\" content=\"fr_FR\" \/>\n<meta property=\"og:type\" content=\"article\" \/>\n<meta property=\"og:title\" content=\"Ofertas - Masia del Cadet\" \/>\n<meta property=\"og:description\" content=\"Offre s\u00e9jour \u00e9lectrique \u00e0 partir de 180 \u20ac pour 2 personnes (TVA incluse) Nous vous proposons un s\u00e9jour en demi-pension dans notre h\u00f4tel gastronomique et une matin\u00e9e ou apr\u00e8s-midi \u00e0 VTT \u00e9lectrique, o\u00f9 vous pourrez profiter d&rsquo;un excellent environnement dans la zone naturelle du National Poblet Int\u00e9r\u00eat (PNIN), profiter d&rsquo;un repas de la cuisine catalane\" \/>\n<meta property=\"og:url\" content=\"https:\/\/www.masiadelcadet.com\/fr\/ofertas\" \/>\n<meta property=\"og:site_name\" content=\"Masia del Cadet\" \/>\n<meta property=\"article:modified_time\" content=\"2021-03-17T13:35:13+00:00\" \/>\n<meta name=\"twitter:card\" content=\"summary_large_image\" \/>\n<meta name=\"twitter:site\" content=\"@masiadelcadet\" \/>\n<meta name=\"twitter:label1\" content=\"Dur\u00e9e de lecture estim\u00e9e\" \/>\n\t<meta name=\"twitter:data1\" content=\"3 minutes\" \/>\n<script type=\"application\/ld+json\" class=\"yoast-schema-graph\">{\"@context\":\"https:\/\/schema.org\",\"@graph\":[{\"@type\":\"WebPage\",\"@id\":\"https:\/\/www.masiadelcadet.com\/fr\/ofertas\",\"url\":\"https:\/\/www.masiadelcadet.com\/fr\/ofertas\",\"name\":\"Ofertas - Masia del Cadet\",\"isPartOf\":{\"@id\":\"https:\/\/www.masiadelcadet.com\/#website\"},\"datePublished\":\"2014-09-17T21:28:37+00:00\",\"dateModified\":\"2021-03-17T13:35:13+00:00\",\"breadcrumb\":{\"@id\":\"https:\/\/www.masiadelcadet.com\/fr\/ofertas#breadcrumb\"},\"inLanguage\":\"fr-FR\",\"potentialAction\":[{\"@type\":\"ReadAction\",\"target\":[\"https:\/\/www.masiadelcadet.com\/fr\/ofertas\"]}]},{\"@type\":\"BreadcrumbList\",\"@id\":\"https:\/\/www.masiadelcadet.com\/fr\/ofertas#breadcrumb\",\"itemListElement\":[{\"@type\":\"ListItem\",\"position\":1,\"name\":\"Portada\",\"item\":\"https:\/\/www.masiadelcadet.com\/fr\"},{\"@type\":\"ListItem\",\"position\":2,\"name\":\"Ofertas\"}]},{\"@type\":\"WebSite\",\"@id\":\"https:\/\/www.masiadelcadet.com\/#website\",\"url\":\"https:\/\/www.masiadelcadet.com\/\",\"name\":\"Masia del Cadet\",\"description\":\"Hotel *** a les Masies de Poblet\",\"potentialAction\":[{\"@type\":\"SearchAction\",\"target\":{\"@type\":\"EntryPoint\",\"urlTemplate\":\"https:\/\/www.masiadelcadet.com\/?s={search_term_string}\"},\"query-input\":{\"@type\":\"PropertyValueSpecification\",\"valueRequired\":true,\"valueName\":\"search_term_string\"}}],\"inLanguage\":\"fr-FR\"}]}<\/script>\n<!-- \/ Yoast SEO plugin. -->","yoast_head_json":{"title":"Ofertas - Masia del Cadet","robots":{"index":"index","follow":"follow","max-snippet":"max-snippet:-1","max-image-preview":"max-image-preview:large","max-video-preview":"max-video-preview:-1"},"canonical":"https:\/\/www.masiadelcadet.com\/fr\/ofertas","og_locale":"fr_FR","og_type":"article","og_title":"Ofertas - Masia del Cadet","og_description":"Offre s\u00e9jour \u00e9lectrique \u00e0 partir de 180 \u20ac pour 2 personnes (TVA incluse) Nous vous proposons un s\u00e9jour en demi-pension dans notre h\u00f4tel gastronomique et une matin\u00e9e ou apr\u00e8s-midi \u00e0 VTT \u00e9lectrique, o\u00f9 vous pourrez profiter d&rsquo;un excellent environnement dans la zone naturelle du National Poblet Int\u00e9r\u00eat (PNIN), profiter d&rsquo;un repas de la cuisine catalane","og_url":"https:\/\/www.masiadelcadet.com\/fr\/ofertas","og_site_name":"Masia del Cadet","article_modified_time":"2021-03-17T13:35:13+00:00","twitter_card":"summary_large_image","twitter_site":"@masiadelcadet","twitter_misc":{"Dur\u00e9e de lecture estim\u00e9e":"3 minutes"},"schema":{"@context":"https:\/\/schema.org","@graph":[{"@type":"WebPage","@id":"https:\/\/www.masiadelcadet.com\/fr\/ofertas","url":"https:\/\/www.masiadelcadet.com\/fr\/ofertas","name":"Ofertas - Masia del Cadet","isPartOf":{"@id":"https:\/\/www.masiadelcadet.com\/#website"},"datePublished":"2014-09-17T21:28:37+00:00","dateModified":"2021-03-17T13:35:13+00:00","breadcrumb":{"@id":"https:\/\/www.masiadelcadet.com\/fr\/ofertas#breadcrumb"},"inLanguage":"fr-FR","potentialAction":[{"@type":"ReadAction","target":["https:\/\/www.masiadelcadet.com\/fr\/ofertas"]}]},{"@type":"BreadcrumbList","@id":"https:\/\/www.masiadelcadet.com\/fr\/ofertas#breadcrumb","itemListElement":[{"@type":"ListItem","position":1,"name":"Portada","item":"https:\/\/www.masiadelcadet.com\/fr"},{"@type":"ListItem","position":2,"name":"Ofertas"}]},{"@type":"WebSite","@id":"https:\/\/www.masiadelcadet.com\/#website","url":"https:\/\/www.masiadelcadet.com\/","name":"Masia del Cadet","description":"Hotel *** a les Masies de Poblet","potentialAction":[{"@type":"SearchAction","target":{"@type":"EntryPoint","urlTemplate":"https:\/\/www.masiadelcadet.com\/?s={search_term_string}"},"query-input":{"@type":"PropertyValueSpecification","valueRequired":true,"valueName":"search_term_string"}}],"inLanguage":"fr-FR"}]}},"_links":{"self":[{"href":"https:\/\/www.masiadelcadet.com\/fr\/wp-json\/wp\/v2\/pages\/27087","targetHints":{"allow":["GET"]}}],"collection":[{"href":"https:\/\/www.masiadelcadet.com\/fr\/wp-json\/wp\/v2\/pages"}],"about":[{"href":"https:\/\/www.masiadelcadet.com\/fr\/wp-json\/wp\/v2\/types\/page"}],"author":[{"embeddable":true,"href":"https:\/\/www.masiadelcadet.com\/fr\/wp-json\/wp\/v2\/users\/1"}],"replies":[{"embeddable":true,"href":"https:\/\/www.masiadelcadet.com\/fr\/wp-json\/wp\/v2\/comments?post=27087"}],"version-history":[{"count":20,"href":"https:\/\/www.masiadelcadet.com\/fr\/wp-json\/wp\/v2\/pages\/27087\/revisions"}],"predecessor-version":[{"id":87381,"href":"https:\/\/www.masiadelcadet.com\/fr\/wp-json\/wp\/v2\/pages\/27087\/revisions\/87381"}],"wp:attachment":[{"href":"https:\/\/www.masiadelcadet.com\/fr\/wp-json\/wp\/v2\/media?parent=27087"}],"curies":[{"name":"wp","href":"https:\/\/api.w.org\/{rel}","templated":true}]}}